{"id":1824,"date":"2018-05-29T16:34:07","date_gmt":"2018-05-29T15:34:07","guid":{"rendered":"https:\/\/madeirasidecartours.com\/?page_id=1824"},"modified":"2018-06-20T11:14:35","modified_gmt":"2018-06-20T10:14:35","slug":"politicas-de-cookies","status":"publish","type":"page","link":"https:\/\/madeirasidecartours.com\/pt-pt\/politicas-de-cookies\/","title":{"rendered":"Pol\u00edticas de Cookies"},"content":{"rendered":"<p>[et_pb_section bb_built=&#8221;1&#8243; fullwidth=&#8221;on&#8221; specialty=&#8221;off&#8221; _builder_version=&#8221;3.3.1&#8243; background_image=&#8221;https:\/\/madeirasidecartours.com\/wp-content\/uploads\/2018\/01\/madeira-sidecar-tours-tema-1200-v2.jpg&#8221; next_background_color=&#8221;#ffffff&#8221;][et_pb_fullwidth_header _builder_version=&#8221;3.6&#8243; title=&#8221;Pol\u00edticas de Cookies&#8221; background_layout=&#8221;light&#8221; title_font=&#8221;|700||on|||||&#8221; title_text_color=&#8221;#ffffff&#8221; background_color=&#8221;rgba(255, 255, 255, 0)&#8221; custom_css_title=&#8221;text-shadow: 1px 1px 2px #000;&#8221; custom_css_content=&#8221;text-shadow: 1px 1px 2px #000;&#8221; custom_css_subtitle=&#8221;text-shadow: 1px 1px 2px #000;&#8221; \/][\/et_pb_section][et_pb_section bb_built=&#8221;1&#8243; prev_background_color=&#8221;#000000&#8243; next_background_color=&#8221;#000000&#8243;][et_pb_row][et_pb_column type=&#8221;2_3&#8243;][et_pb_text admin_label=&#8221;Texto&#8221; _builder_version=&#8221;3.6&#8243; text_orientation=&#8221;justified&#8221;]<\/p>\n<p>Esta Pol\u00edtica de Cookies \u00e9 parte integrante da <a href=\"https:\/\/madeirasidecartours.com\/privacy-policy\/\"> Pol\u00edtica de Privacidade <\/a> de www.madeirasidecartours.com (doravante referida como &#8220;Passeios de sidecar na Madeira&#8221;). Acessar e navegar no site, ou o uso de seus servi\u00e7os, implica a aceita\u00e7\u00e3o dos termos e condi\u00e7\u00f5es contidos na Pol\u00edtica de Privacidade.<\/p>\n<p>Para facilitar e proporcionar uma melhor experi\u00eancia de navega\u00e7\u00e3o atrav\u00e9s do site, www.madeirasidecartours.com, informa que utiliza Cookies ou outros arquivos com funcionalidade similar (&#8220;Cookies&#8221;).<\/p>\n<p>Devido ao funcionamento dos padr\u00f5es de comunica\u00e7\u00e3o da Internet, o acesso a sites pode envolver o uso de cookies. Em qualquer caso, informamos que a Madeira Sidecar Tours \u00e9 respons\u00e1vel pelos Cookies e pelo tratamento dos dados obtidos atrav\u00e9s dos nossos pr\u00f3prios cookies e de terceiros, decidindo sobre a finalidade, conte\u00fado e uso do tratamento da informa\u00e7\u00e3o recolhida.<\/p>\n<p><strong> O que \u00e9 um cookie?<\/strong><br \/>\nCookies s\u00e3o arquivos que cont\u00eam pequenas quantidades de informa\u00e7\u00f5es baixadas para o dispositivo do usu\u00e1rio quando voc\u00ea visita uma p\u00e1gina da web. O objetivo principal \u00e9 reconhecer o usu\u00e1rio sempre que ele acessar o site, permitindo tamb\u00e9m uma melhor qualidade e melhor aproveitamento do site. Resumidamente: pretenda simplificar a sua navega\u00e7\u00e3o em madeirasidecartours.com<\/p>\n<p>Os cookies s\u00e3o essenciais para o funcionamento da Internet; eles n\u00e3o danificam o dispositivo do usu\u00e1rio e, se habilitado na configura\u00e7\u00e3o do seu navegador, ajudam a identificar e resolver poss\u00edveis erros na opera\u00e7\u00e3o do site.<\/p>\n<p><strong> Uso de Cookies pela Madeira Sidecar Tours<\/strong><br \/>\nAo acessar o site, voc\u00ea concorda expressamente com o uso deste tipo de cookies em seus dispositivos. Se voc\u00ea desabilitar os Cookies, a navega\u00e7\u00e3o do seu site poder\u00e1 n\u00e3o ser otimizada e algumas das funcionalidades dispon\u00edveis no site poder\u00e3o n\u00e3o funcionar corretamente.<br \/>\nEspecificamente, os tours sidecar da Madeira usam cookies para os fins estabelecidos abaixo. Se, no futuro, a Madeira Sidecar Tours utilizar outras pessoas com o objectivo de conceder mais e melhores servi\u00e7os, o utilizador ser\u00e1 informado em conformidade.<\/p>\n<p><strong>Cookies usados<\/strong><br \/>\n<strong>Prefer\u00eancias Cookies<\/strong><br \/>\nEsses cookies permitem que os sites memorizem informa\u00e7\u00f5es que alteram o comportamento e a apar\u00eancia do site. Esses cookies tamb\u00e9m podem ajud\u00e1-lo a alterar o tamanho do texto, a fonte e outras partes personaliz\u00e1veis das p\u00e1ginas da Web. A perda de informa\u00e7\u00f5es armazenadas em um cookie de prefer\u00eancia pode tornar o site menos funcional, mas n\u00e3o deve impedir sua opera\u00e7\u00e3o.<\/p>\n<p><strong>Cookies de Seguran\u00e7a<\/strong><br \/>\nOs cookies de seguran\u00e7a s\u00e3o usados para autenticar usu\u00e1rios e impedir o uso fraudulento de credenciais de login e proteger dados de pessoas n\u00e3o autorizadas. Por exemplo, voc\u00ea pode bloquear muitos tipos de ataques, como tentativas de roubar conte\u00fado de formul\u00e1rios preenchidos em p\u00e1ginas da Web.<\/p>\n<p><strong>Cookies de processo<\/strong><br \/>\nOs cookies de processo ajudam o site a executar e fornecer servi\u00e7os que o visitante do site espera, como navegar em p\u00e1ginas da Web ou acessar \u00e1reas seguras do site. Sem esses cookies, o site n\u00e3o pode funcionar corretamente.<\/p>\n<p><strong>Cookies do estado da sess\u00e3o<\/strong><br \/>\nOs sites geralmente coletam informa\u00e7\u00f5es sobre como os usu\u00e1rios interagem com uma determinada p\u00e1gina da web. Isso pode incluir as p\u00e1ginas que os usu\u00e1rios visitam com mais frequ\u00eancia e se os usu\u00e1rios recebem mensagens de erro de determinadas p\u00e1ginas. Os chamados &#8220;cookies de estado de sess\u00e3o&#8221; ajudam a melhorar os servi\u00e7os de neg\u00f3cios para melhorar a experi\u00eancia de navega\u00e7\u00e3o de nossos usu\u00e1rios. Bloquear ou excluir esses cookies n\u00e3o torna o site inutiliz\u00e1vel.<\/p>\n<p><strong>Cookies de publicidade<\/strong><br \/>\nEsses cookies (por exemplo, plataformas como Google ou Facebook) ajudam o dono do site e \/ ou aplicativos a capturar &#8220;Leads&#8221; para solicitar novos assessores \/ clientes \/ usu\u00e1rios do site. Os dados coletados s\u00e3o an\u00f4nimos e o usu\u00e1rio n\u00e3o pode ser identificado. Eles s\u00e3o usados para limitar o n\u00famero de vezes que um an\u00fancio \u00e9 visualizado e ajudam a avaliar a efic\u00e1cia de uma campanha de publicidade.<\/p>\n<p><strong>Cookies de an\u00e1lise<\/strong><br \/>\nEsses cookies ajudam os propriet\u00e1rios de sites e aplicativos a entender o envolvimento de seus visitantes com suas p\u00e1ginas da web. Eles podem usar um conjunto de cookies para coletar informa\u00e7\u00f5es e relatar estat\u00edsticas de uso de sites sem identificar pessoalmente visitantes individuais.<\/p>\n<p><strong>Cookies e plug-ins sociais (bot\u00f5es sociais)<\/strong><br \/>\nEsses cookies sociais destinam-se a permitir que os usu\u00e1rios compartilhem p\u00e1ginas e conte\u00fado atrav\u00e9s de redes sociais de terceiros. Eles tamb\u00e9m podem segmentar a oferta de publicidade nas redes sociais.<\/p>\n<p>Nosso site tamb\u00e9m usa plug-ins ou bot\u00f5es sociais.<\/p>\n<p>Os plug-ins sociais permitem compartilhar p\u00e1ginas e conte\u00fado em madeirasidecartours.com em v\u00e1rias plataformas sociais. Por exemplo, eles permitem que o usu\u00e1rio goste e compartilhe informa\u00e7\u00f5es de nosso site com seus amigos nas redes sociais.<\/p>\n<p>Para isso, os plug-ins utilizam cookies para rastrear a navega\u00e7\u00e3o dos usu\u00e1rios, sejam usu\u00e1rios dessas plataformas ou n\u00e3o, e para verificar se est\u00e3o ou n\u00e3o conectados \u00e0 rede social durante a navega\u00e7\u00e3o. Esses cookies tamb\u00e9m permitem segmentar ofertas de publicidade nessas plataformas.<\/p>\n<p>Para mais informa\u00e7\u00f5es sobre o uso de dados pessoais em rela\u00e7\u00e3o \u00e0s redes sociais, as pol\u00edticas de privacidade de redes sociais de terceiros podem ser consultadas.<\/p>\n<p>Todos os cookies s\u00e3o mantidos apenas pelo tempo estritamente necess\u00e1rio para seu uso.<\/p>\n<p><strong>Configura\u00e7\u00e3o do usu\u00e1rio para evitar cookies<\/strong><br \/>\nDe acordo com a legisla\u00e7\u00e3o aplic\u00e1vel, fornecemos informa\u00e7\u00f5es que permitem que voc\u00ea configure seu navegador para gerenciar e manter sua privacidade e seguran\u00e7a em rela\u00e7\u00e3o aos Cookies. Portanto, fornecemos informa\u00e7\u00f5es e links para os sites oficiais dos principais navegadores, para que o usu\u00e1rio possa decidir se aceita ou n\u00e3o o uso de Cookies.<\/p>\n<p>As configura\u00e7\u00f5es do cookie podem ser alteradas nas prefer\u00eancias do navegador, seguindo as instru\u00e7\u00f5es nos links:<br \/>\n<a href=\"https:\/\/support.google.com\/chrome\/answer\/95647\">Chrome<\/a><br \/>\n<a href=\"https:\/\/support.mozilla.org\/pt-PT\/kb\/ativar-e-desativar-cookies-que-os-websites-utiliza\">Firefox<\/a><br \/>\n<a href=\"https:\/\/support.microsoft.com\/pt-pt\/help\/17442\/windows-internet-explorer-delete-manage-cookies\">Internet Explorer<\/a><br \/>\n<a href=\"https:\/\/support.apple.com\/kb\/ph21411?locale=pt_PT\">Safari<\/a><\/p>\n<p>Para mais informa\u00e7\u00f5es sobre cookies, incluindo para saber quais cookies foram instalados e como eles podem ser gerenciados e exclu\u00eddos, voc\u00ea pode acessar www.allaboutcookies.org. Se voc\u00ea n\u00e3o deseja que as visitas do seu site sejam detectadas pelo Google Analytics, voc\u00ea deve <a href=\"http:\/\/tools.google.com\/dlpage\/gaoptout\" target=\"_blank\" rel=\"noopener\">http:\/\/tools.google.com\/dlpage\/gaoptout<\/a>.<\/p>\n<p>Entende-se que o usu\u00e1rio aceita o uso de cookies se ele continuar navegando nesta p\u00e1gina sem antes prosseguir para desativ\u00e1-lo.<\/p>\n<p><strong>\u00daltima atualiza\u00e7\u00e3o:<\/strong> 24 Maio 2018.<\/p>\n<p>[\/et_pb_text][\/et_pb_column][et_pb_column type=&#8221;1_3&#8243;][et_pb_cta admin_label=&#8221;Have A Question?&#8221; _builder_version=&#8221;3.0.91&#8243; title=&#8221;Have A Question?&#8221; button_text=&#8221;Contact Us&#8221; button_url=&#8221;https:\/\/madeirasidecartours.com\/contacts\/&#8221; url_new_window=&#8221;off&#8221; use_background_color=&#8221;off&#8221; background_layout=&#8221;light&#8221; custom_button=&#8221;off&#8221; button_icon_placement=&#8221;right&#8221; header_font=&#8221;|800||on|||||&#8221; custom_css_main_element=&#8221;padding: 25px !important;||border: 1px solid #dadada;&#8221; header_text_align=&#8221;center&#8221; body_font=&#8221;||on||||||&#8221; body_text_align=&#8221;center&#8221; saved_tabs=&#8221;all&#8221; global_module=&#8221;168&#8243;]<\/p>\n<p>Send us an email at any time and we will respond!<\/p>\n<p>[\/et_pb_cta][\/et_pb_column][\/et_pb_row][\/et_pb_section][et_pb_section bb_built=&#8221;1&#8243; fullwidth=&#8221;off&#8221; specialty=&#8221;off&#8221; _builder_version=&#8221;3.0.101&#8243; background_image=&#8221;https:\/\/madeirasidecartours.com\/wp-content\/uploads\/2018\/02\/Madeirasidecartours-Ponta-Pargo_Madeira.jpg&#8221; custom_margin=&#8221;0px||0px|0px&#8221; custom_padding=&#8221;0px|0px|0px|0px&#8221; prev_background_color=&#8221;#ffffff&#8221;][et_pb_row _builder_version=&#8221;3.0.90&#8243; module_alignment=&#8221;center&#8221; background_color=&#8221;rgba(0,0,0,0.35)&#8221; make_fullwidth=&#8221;on&#8221; use_custom_gutter=&#8221;on&#8221; gutter_width=&#8221;1&#8243; custom_padding=&#8221;100px||110px|&#8221; padding_right_1=&#8221;95px&#8221; padding_left_1=&#8221;95px&#8221; padding_1_tablet=&#8221;|25px||25px&#8221; padding_1_phone=&#8221;|10px||10px&#8221; padding_1_last_edited=&#8221;on|desktop&#8221;][et_pb_column type=&#8221;4_4&#8243;][et_pb_cta admin_label=&#8221;Ready for a Ride?&#8221; _builder_version=&#8221;3.0.92&#8243; title=&#8221;Ready for a Ride?&#8221; button_text=&#8221;Book your Tour&#8221; button_url=&#8221;https:\/\/madeirasidecartours.com\/sidecar-tours\/&#8221; url_new_window=&#8221;off&#8221; use_background_color=&#8221;off&#8221; background_layout=&#8221;dark&#8221; header_text_align=&#8221;center&#8221; body_text_align=&#8221;center&#8221; custom_button=&#8221;on&#8221; button_icon_placement=&#8221;right&#8221; header_font=&#8221;|700||on|||||&#8221; header_font_size=&#8221;30&#8243; body_font=&#8221;||on||||||&#8221; body_font_size=&#8221;20&#8243; button_alignment=&#8221;center&#8221; button_text_color=&#8221;#ffffff&#8221; button_bg_color=&#8221;#7a232e&#8221; button_border_color=&#8221;#7a232e&#8221; button_font=&#8221;|700||on|||||&#8221; button_use_icon=&#8221;off&#8221; button_text_color_hover=&#8221;#ffffff&#8221; button_bg_color_hover=&#8221;rgba(255,255,255,0)&#8221; button_border_color_hover=&#8221;#7a232e&#8221; header_line_height_last_edited=&#8221;off|desktop&#8221; body_line_height=&#8221;1.4em&#8221; custom_css_promo_button=&#8221;padding-top: 10px;&#8221; custom_css_promo_title=&#8221;padding-bottom: 15px;&#8221; \/][\/et_pb_column][\/et_pb_row][\/et_pb_section]<\/p>\n","protected":false},"excerpt":{"rendered":"<p><div class=\"et_pb_row et_pb_row_0 et_pb_row_empty\">\n\t\t\t\t\n\t\t\t\t\n\t\t\t\t\n\t\t\t\t\n\t\t\t\t\n\t\t\t<\/div> Esta Pol\u00edtica de Cookies \u00e9 parte integrante da Pol\u00edtica de Privacidade de www.madeirasidecartours.com (doravante referida como &#8220;Passeios de sidecar na Madeira&#8221;). Acessar e navegar no site, ou o uso de seus servi\u00e7os, implica a aceita\u00e7\u00e3o dos termos e condi\u00e7\u00f5es contidos na Pol\u00edtica de Privacidade. Para facilitar e proporcionar uma melhor experi\u00eancia de navega\u00e7\u00e3o atrav\u00e9s [&hellip;]<\/p>\n","protected":false},"author":2,"featured_media":0,"parent":0,"menu_order":0,"comment_status":"closed","ping_status":"closed","template":"","meta":{"_et_pb_use_builder":"on","_et_pb_old_content":"","_et_gb_content_width":"","_joinchat":[],"footnotes":""},"class_list":["post-1824","page","type-page","status-publish","hentry"],"_links":{"self":[{"href":"https:\/\/madeirasidecartours.com\/pt-pt\/wp-json\/wp\/v2\/pages\/1824","targetHints":{"allow":["GET"]}}],"collection":[{"href":"https:\/\/madeirasidecartours.com\/pt-pt\/wp-json\/wp\/v2\/pages"}],"about":[{"href":"https:\/\/madeirasidecartours.com\/pt-pt\/wp-json\/wp\/v2\/types\/page"}],"author":[{"embeddable":true,"href":"https:\/\/madeirasidecartours.com\/pt-pt\/wp-json\/wp\/v2\/users\/2"}],"replies":[{"embeddable":true,"href":"https:\/\/madeirasidecartours.com\/pt-pt\/wp-json\/wp\/v2\/comments?post=1824"}],"version-history":[{"count":6,"href":"https:\/\/madeirasidecartours.com\/pt-pt\/wp-json\/wp\/v2\/pages\/1824\/revisions"}],"predecessor-version":[{"id":1851,"href":"https:\/\/madeirasidecartours.com\/pt-pt\/wp-json\/wp\/v2\/pages\/1824\/revisions\/1851"}],"wp:attachment":[{"href":"https:\/\/madeirasidecartours.com\/pt-pt\/wp-json\/wp\/v2\/media?parent=1824"}],"curies":[{"name":"wp","href":"https:\/\/api.w.org\/{rel}","templated":true}]}}