{"id":1174,"date":"2018-01-19T12:52:47","date_gmt":"2018-01-19T12:52:47","guid":{"rendered":"https:\/\/madeirasidecartours.com\/?page_id=1174"},"modified":"2018-06-20T11:25:44","modified_gmt":"2018-06-20T10:25:44","slug":"privacidade-e-cookies","status":"publish","type":"page","link":"https:\/\/madeirasidecartours.com\/pt-pt\/privacidade-e-cookies\/","title":{"rendered":"Pol\u00edtica de Privacidade"},"content":{"rendered":"<p>[et_pb_section bb_built=&#8221;1&#8243; fullwidth=&#8221;on&#8221; specialty=&#8221;off&#8221; _builder_version=&#8221;3.0.95&#8243; background_image=&#8221;https:\/\/madeirasidecartours.com\/wp-content\/uploads\/2018\/01\/madeira-sidecar-tours-tema-1200-v2.jpg&#8221; custom_padding=&#8221;40px||40px|&#8221; next_background_color=&#8221;#ffffff&#8221;][et_pb_fullwidth_header _builder_version=&#8221;3.6&#8243; background_layout=&#8221;light&#8221; title=&#8221;Pol\u00edtica de Privacidade&#8221; title_font=&#8221;|700||on|||||&#8221; title_text_color=&#8221;#ffffff&#8221; custom_css_title=&#8221;text-shadow: 1px 1px 2px #000;&#8221; background_color=&#8221;rgba(255, 255, 255, 0)&#8221; \/][\/et_pb_section][et_pb_section bb_built=&#8221;1&#8243; prev_background_color=&#8221;#000000&#8243; next_background_color=&#8221;#000000&#8243;][et_pb_row][et_pb_column type=&#8221;2_3&#8243;][et_pb_text _builder_version=&#8221;3.6&#8243; text_orientation=&#8221;justified&#8221;]<\/p>\n<p>A empresa\u00a0<strong>Madeira Sidecar Tours<\/strong>\u00a0entidade respons\u00e1vel pelo <a href=\"https:\/\/madeirasidecartours.com\/pt-pt\/\">madeirasidecartours.com<\/a> valoriza a privacidade dos seus membros e neste sentido compromete-se a respeit\u00e1-la, garantindo o sigilo e protec\u00e7\u00e3o dos dados registados pelos utilizadores.<\/p>\n<p>A presente Declara\u00e7\u00e3o de Privacidade, tem como intuito assegurar aos utilizadores condi\u00e7\u00f5es de Seguran\u00e7a e de Privacidade, sendo apenas solicitados e recolhidos os dados necess\u00e1rios \u00e0 presta\u00e7\u00e3o do servi\u00e7o, de acordo com as indica\u00e7\u00f5es expl\u00edcitas no site. O utilizador tem plena liberdade para aceder aos seus dados, rectific\u00e1-los ou elimin\u00e1-los.<\/p>\n<p>Assumimos com os utilizadores os seguintes compromissos:<\/p>\n<ul>\n<li>Proceder ao tratamento de dados de forma l\u00edcita e leal, recolhendo apenas a informa\u00e7\u00e3o necess\u00e1ria e pertinente \u00e0 finalidade a que se destinam.<\/li>\n<li>Permitir ao titular dos dados o acesso e correc\u00e7\u00e3o de algumas informa\u00e7\u00f5es sobre si registadas.<\/li>\n<li>N\u00e3o utilizar os dados recolhidos para finalidade incompat\u00edvel com a da recolha.<\/li>\n<li>Manter os dados exatos e, se necess\u00e1rio, actuais.<\/li>\n<li>Garantir gratuitamente o direito de elimina\u00e7\u00e3o dos dados utilizados quando requerida pelo titular.<\/li>\n<li>Possuir mecanismos de seguran\u00e7a que impe\u00e7a a consulta, modifica\u00e7\u00e3o, destrui\u00e7\u00e3o ou adi\u00e7\u00e3o dos dados por pessoa n\u00e3o autorizada a faz\u00ea-lo.<\/li>\n<li>N\u00e3o realizar interconex\u00e3o de dados pessoais, salvo autoriza\u00e7\u00e3o legal.<\/li>\n<\/ul>\n<p><strong>1. IDENTIFICA\u00c7\u00c3O DA PESSOA RESPONS\u00c1VEL PELO TRATAMENTO<\/strong><\/p>\n<ul>\n<li>Empresa: Madeira Sidecar Tours<\/li>\n<li>Email:\u00a0<a href=\"mailto:data.protection@madeirasidecartours.com\">data.protection@madeirasidecartours.com<\/a><\/li>\n<\/ul>\n<p><strong>2. INFORMA\u00c7\u00c3O E CONSENTIMENTO<\/strong><br \/>\nO Regulamento Geral de Prote\u00e7\u00e3o de Dados (GDPR &#8211; Regulamento (UE) 2016\/679 do Parlamento Europeu e do Conselho de 27 de abril de 2016, a seguir designado \u201cGDPR\u201d) assegura a prote\u00e7\u00e3o das pessoas singulares no que diz respeito ao tratamento de dados pessoais e \u00e0 livre circula\u00e7\u00e3o de tais dados.<\/p>\n<p>Em termos legais, \u201cdados pessoais\u201d significa qualquer informa\u00e7\u00e3o de qualquer natureza e independentemente de seu suporte, incluindo som e imagem, relativos a uma pessoa f\u00edsica identificada ou identific\u00e1vel, e a prote\u00e7\u00e3o n\u00e3o cobre os dados de pessoas jur\u00eddicas.<\/p>\n<p>Ao aceitar esta Pol\u00edtica de Privacidade, voc\u00ea d\u00e1 o seu consentimento informado, expresso, livre e inequ\u00edvoco para os dados pessoais fornecidos atrav\u00e9s do site https:\/\/madeirasidecartours.com\/ para ser inclu\u00eddo em um arquivo sob a responsabilidade da Madeira Sidecar Tours, cujo tratamento sob o A GDRP deve cumprir as medidas apropriadas de seguran\u00e7a t\u00e9cnica e organizacional.<\/p>\n<p>A Madeira Sidecar Tours mant\u00e9m uma base de dados com o pedido de reservas dos seus clientes. Os dados presentes nesta base de dados s\u00e3o apenas os dados fornecidos pelos dados no momento da sua inscri\u00e7\u00e3o \/ reserva e s\u00e3o automaticamente recolhidos e processados, de acordo com os termos aprovados pela Comiss\u00e3o Nacional de Prote\u00e7\u00e3o de Dados, pela Madeira Sidecar Tours, entidade respons\u00e1vel para o arquivo correspondente.<\/p>\n<p>Informa\u00e7\u00f5es sobre cren\u00e7as filos\u00f3ficas ou pol\u00edticas, filia\u00e7\u00e3o partid\u00e1ria ou sindical, cren\u00e7a religiosa, vida privada e origem racial ou \u00e9tnica, bem como dados sobre sa\u00fade e vida sexual, incluindo dados gen\u00e9ticos, n\u00e3o ser\u00e3o solicitadas.<\/p>\n<p>Em nenhum caso poderemos realizar qualquer das seguintes atividades com dados pessoais fornecidos a n\u00f3s atrav\u00e9s deste site:<\/p>\n<ul>\n<li>Concess\u00e3o a outras pessoas ou outras entidades, sem o consentimento pr\u00e9vio da pessoa em causa;<\/li>\n<\/ul>\n<p><strong>3. PROP\u00d3SITOS DO TRATAMENTO DE DADOS PESSOAIS<\/strong><br \/>\nOs dados pessoais que tratamos atrav\u00e9s desta p\u00e1gina ser\u00e3o utilizados apenas para os seguintes fins:<\/p>\n<ul>\n<li>(i) processamento de pedidos;<\/li>\n<li>(ii) Comunica\u00e7\u00e3o com os clientes e esclarecimento de d\u00favidas;<\/li>\n<li>(iii) processamento de solicita\u00e7\u00f5es de informa\u00e7\u00f5es;<\/li>\n<li>(iv) Processamento de reclama\u00e7\u00f5es;<\/li>\n<li>(v) atividades de an\u00e1lise estat\u00edstica;<\/li>\n<li>(vi) verificar, manter e desenvolver sistemas e an\u00e1lises estat\u00edsticas;<\/li>\n<li>(vii) Comunica\u00e7\u00f5es de marketing direto (se voc\u00ea tiver consentido com o processamento de seus dados pessoais para esse fim);<\/li>\n<li>(viii) Preven\u00e7\u00e3o e combate \u00e0 fraude;<\/li>\n<li>(ix) Solicitar coment\u00e1rios sobre produtos ou servi\u00e7os adquiridos (se voc\u00ea consentiu no processamento de seus dados pessoais para esse fim);<\/li>\n<li>(x) Realiza\u00e7\u00e3o de pesquisas de satisfa\u00e7\u00e3o (se voc\u00ea consentiu no processamento de seus dados pessoais para esse fim).<\/li>\n<\/ul>\n<p>Madeira Sidecar Tours garantir a confidencialidade de todos os dados fornecidos pelos seus clientes. Embora a Madeira Sidecar Tours recolha e processe dados de forma segura e evite a sua perda ou manipula\u00e7\u00e3o, utilizando as t\u00e9cnicas mais avan\u00e7adas para o efeito, informamos que a recolha em rede aberta permite a circula\u00e7\u00e3o de dados pessoais sem condi\u00e7\u00f5es de seguran\u00e7a, sob risco de ser visto e usado por terceiros n\u00e3o autorizados.<\/p>\n<p>O site Madeira Sidecar Tours possui um formul\u00e1rio de contato no qual os usu\u00e1rios podem fazer perguntas e assim aproveitar melhor toda a oferta do Madeira Sidecar Tours. Se os utilizadores fornecerem dados pessoais \u00e0 Madeira Sidecar Tours atrav\u00e9s do formul\u00e1rio de contacto ou do formul\u00e1rio de reserva, estes n\u00e3o ser\u00e3o utilizados para qualquer outro fim que n\u00e3o o solicitado pelo utilizador.<\/p>\n<p>Por outro lado, o utilizador consente na informa\u00e7\u00e3o sobre o servi\u00e7o contratado com a Madeira Sidecar Tours, a fim de oferecer servi\u00e7os adicionais ao contratante.<\/p>\n<p>No momento da coleta de dados pessoais, exceto nos campos onde o contr\u00e1rio \u00e9 indicado, o usu\u00e1rio pode voluntariamente disponibilizar dados pessoais, sem a falta de resposta, implicando uma diminui\u00e7\u00e3o na qualidade ou quantidade dos servi\u00e7os correspondentes (salvo indica\u00e7\u00e3o em contr\u00e1rio). ). No entanto, a falta de resposta aos dados, que \u00e9 considerada obrigat\u00f3ria, significa que \u00e9 imposs\u00edvel acessar o servi\u00e7o para o qual os dados foram solicitados.<\/p>\n<p>Se voc\u00ea n\u00e3o concorda com as condi\u00e7\u00f5es acima, a Madeira Sidecar Tours n\u00e3o pode contratar com voc\u00ea atrav\u00e9s de seu site.<\/p>\n<p><strong>4. ATRIBUI\u00c7\u00c3O DE DADOS PESSOAIS<\/strong><br \/>\nDe forma a cumprir o objectivo deste website, a Madeira Sidecar Tours pode transferir os seus dados pessoais para outras entidades, que os tratar\u00e3o, para os seguintes fins:<\/p>\n<ul>\n<li>Gest\u00e3o de pagamentos e atividades de processamento;<\/li>\n<li>Processamento e despacho de atividades;<\/li>\n<li>Presta\u00e7\u00e3o de servi\u00e7os contratados.<\/li>\n<\/ul>\n<p>As entidades a quem a Madeira Sidecar Tours ir\u00e1 atribuir os seus dados pessoais para trat\u00e1-las nos termos acima mencionados ter\u00e3o a seguinte natureza:<\/p>\n<ul>\n<li>Seguradoras;<\/li>\n<li>Terceiros relacionados \u00e0 presta\u00e7\u00e3o de servi\u00e7os contratados;<\/li>\n<li>Gest\u00e3o de pagamentos e entidades de processamento;<\/li>\n<\/ul>\n<p><strong>5. ARMAZENANDO SEUS DADOS PESSOAIS<\/strong><br \/>\nOs dados recolhidos pela Madeira Sidecar Tours podem ser transferidos e armazenados num destino fora do Espa\u00e7o Econ\u00f3mico Europeu (EEE). Ao enviar seus dados pessoais, voc\u00ea concorda com essa transfer\u00eancia, armazenamento ou processamento.<\/p>\n<p>Todas as informa\u00e7\u00f5es fornecidas \u00e0 Madeira Sidecar Tours s\u00e3o armazenadas de forma segura nos nossos servidores e \/ ou servidores dos nossos prestadores de servi\u00e7os, que podem estar localizados em pa\u00edses fora da \u00c1rea Econ\u00f4mica Europeia (EEA). Tomamos todas as medidas razo\u00e1veis para garantir que seus dados sejam tratados com seguran\u00e7a e de acordo com esta pol\u00edtica de privacidade.<\/p>\n<p><strong>6. COMUNICA\u00c7\u00d5ES COMERCIAIS E PROMOCIONAIS<\/strong><br \/>\nUma das finalidades para as quais tratamos os dados pessoais fornecidos pelos usu\u00e1rios \u00e9 enviar comunica\u00e7\u00f5es eletr\u00f4nicas com informa\u00e7\u00f5es relacionadas \u00e0s comunica\u00e7\u00f5es COMERCIAIS e PROMOCIONAIS.<\/p>\n<p>Sempre que fizermos uma comunica\u00e7\u00e3o deste tipo, ela ser\u00e1 direcionada exclusivamente para usu\u00e1rios que as autorizaram expressamente.<\/p>\n<p>De acordo com o disposto no Decreto-Lei n\u00ba. 7\/2004 de 7 de Janeiro, caso deseje deixar de receber comunica\u00e7\u00f5es comerciais ou promocionais da Madeira Sidecar Tours, pode solicitar oposi\u00e7\u00e3o do servi\u00e7o enviando um e-mail para\u00a0<a href=\"mailto:data.protection@madeirasidecartours.com\">data.protection@madeirasidecartours.com<\/a><\/p>\n<p><strong>7. EXERC\u00cdCIO DE DIREITOS<\/strong><br \/>\nDe acordo com o Regulamento Geral de Prote\u00e7\u00e3o de Dados (GDPR), voc\u00ea pode exercer seus direitos de acesso, retifica\u00e7\u00e3o, elimina\u00e7\u00e3o, limita\u00e7\u00e3o, oposi\u00e7\u00e3o e portabilidade a qualquer momento, mediante solicita\u00e7\u00e3o por qualquer um dos seguintes meios:<\/p>\n<ul>\n<li>E-mail:\u00a0<a href=\"mailto:data.protection@madeirasidecartours.com\">data.protection@madeirasidecartours.com<\/a><\/li>\n<\/ul>\n<p>Se desejar deixar de fazer parte da base de dados do Madeira Sidecar Tours em qualquer altura, pode exercer este direito atrav\u00e9s destes contactos.<\/p>\n<p><strong>\u00daltima atualiza\u00e7\u00e3o:<\/strong> 25 de maio de 2018<\/p>\n<p>[\/et_pb_text][\/et_pb_column][et_pb_column type=&#8221;1_3&#8243;][et_pb_cta admin_label=&#8221;TEM UMA PERGUNTA?&#8221; _builder_version=&#8221;3.0.95&#8243; title=&#8221;TEM UMA PERGUNTA?&#8221; button_text=&#8221;Contacte-nos&#8221; button_url=&#8221;https:\/\/madeirasidecartours.com\/pt-pt\/contactos\/&#8221; url_new_window=&#8221;off&#8221; use_background_color=&#8221;off&#8221; background_layout=&#8221;light&#8221; custom_button=&#8221;off&#8221; button_icon_placement=&#8221;right&#8221; header_font=&#8221;|800||on|||||&#8221; custom_css_main_element=&#8221;padding: 25px !important;||border: 1px solid #dadada;&#8221; header_text_align=&#8221;center&#8221; body_font=&#8221;||on||||||&#8221; body_text_align=&#8221;center&#8221;]<\/p>\n<p>Envie-nos um e-mail a qualquer momento e responderemos!<\/p>\n<p>[\/et_pb_cta][\/et_pb_column][\/et_pb_row][\/et_pb_section][et_pb_section bb_built=&#8221;1&#8243; fullwidth=&#8221;off&#8221; specialty=&#8221;off&#8221; _builder_version=&#8221;3.0.91&#8243; background_image=&#8221;https:\/\/madeirasidecartours.com\/wp-content\/uploads\/2017\/12\/Madeirasidecartours-Ponta-Pargo_Madeira.jpg&#8221; custom_margin=&#8221;0px||0px|0px&#8221; custom_padding=&#8221;0px|0px|0px|0px&#8221; prev_background_color=&#8221;#ffffff&#8221;][et_pb_row _builder_version=&#8221;3.0.90&#8243; module_alignment=&#8221;center&#8221; background_color=&#8221;rgba(0,0,0,0.35)&#8221; make_fullwidth=&#8221;on&#8221; use_custom_gutter=&#8221;on&#8221; gutter_width=&#8221;1&#8243; custom_padding=&#8221;100px||110px|&#8221; padding_right_1=&#8221;95px&#8221; padding_left_1=&#8221;95px&#8221; padding_1_tablet=&#8221;|25px||25px&#8221; padding_1_phone=&#8221;|10px||10px&#8221; padding_1_last_edited=&#8221;on|desktop&#8221;][et_pb_column type=&#8221;4_4&#8243;][et_pb_cta admin_label=&#8221;PRONTO PARA UMA VIAGEM?&#8221; _builder_version=&#8221;3.0.95&#8243; title=&#8221;PRONTO PARA UMA VIAGEM?&#8221; button_text=&#8221;Reserve o seu Tour&#8221; button_url=&#8221;https:\/\/madeirasidecartours.com\/sidecar-tours\/&#8221; url_new_window=&#8221;off&#8221; use_background_color=&#8221;off&#8221; background_layout=&#8221;dark&#8221; header_text_align=&#8221;center&#8221; body_text_align=&#8221;center&#8221; custom_button=&#8221;on&#8221; button_icon_placement=&#8221;right&#8221; header_font=&#8221;|700||on|||||&#8221; header_font_size=&#8221;30&#8243; body_font=&#8221;||on||||||&#8221; body_font_size=&#8221;20&#8243; button_alignment=&#8221;center&#8221; button_text_color=&#8221;#ffffff&#8221; button_bg_color=&#8221;#7a232e&#8221; button_border_color=&#8221;#7a232e&#8221; button_font=&#8221;|700||on|||||&#8221; button_use_icon=&#8221;off&#8221; button_text_color_hover=&#8221;#ffffff&#8221; button_bg_color_hover=&#8221;rgba(255,255,255,0)&#8221; button_border_color_hover=&#8221;#7a232e&#8221; header_line_height_last_edited=&#8221;off|desktop&#8221; body_line_height=&#8221;1.4em&#8221; custom_css_promo_button=&#8221;padding-top: 10px;&#8221; custom_css_promo_title=&#8221;padding-bottom: 15px;&#8221; \/][\/et_pb_column][\/et_pb_row][\/et_pb_section]<\/p>\n","protected":false},"excerpt":{"rendered":"<p><div class=\"et_pb_row et_pb_row_0 et_pb_row_empty\">\n\t\t\t\t\n\t\t\t\t\n\t\t\t\t\n\t\t\t\t\n\t\t\t\t\n\t\t\t<\/div> A empresa\u00a0Madeira Sidecar Tours\u00a0entidade respons\u00e1vel pelo madeirasidecartours.com valoriza a privacidade dos seus membros e neste sentido compromete-se a respeit\u00e1-la, garantindo o sigilo e protec\u00e7\u00e3o dos dados registados pelos utilizadores. A presente Declara\u00e7\u00e3o de Privacidade, tem como intuito assegurar aos utilizadores condi\u00e7\u00f5es de Seguran\u00e7a e de Privacidade, sendo apenas solicitados e recolhidos os dados necess\u00e1rios [&hellip;]<\/p>\n","protected":false},"author":2,"featured_media":1924,"parent":0,"menu_order":0,"comment_status":"closed","ping_status":"closed","template":"","meta":{"_et_pb_use_builder":"on","_et_pb_old_content":"","_et_gb_content_width":"","_joinchat":[],"footnotes":""},"class_list":["post-1174","page","type-page","status-publish","has-post-thumbnail","hentry"],"_links":{"self":[{"href":"https:\/\/madeirasidecartours.com\/pt-pt\/wp-json\/wp\/v2\/pages\/1174","targetHints":{"allow":["GET"]}}],"collection":[{"href":"https:\/\/madeirasidecartours.com\/pt-pt\/wp-json\/wp\/v2\/pages"}],"about":[{"href":"https:\/\/madeirasidecartours.com\/pt-pt\/wp-json\/wp\/v2\/types\/page"}],"author":[{"embeddable":true,"href":"https:\/\/madeirasidecartours.com\/pt-pt\/wp-json\/wp\/v2\/users\/2"}],"replies":[{"embeddable":true,"href":"https:\/\/madeirasidecartours.com\/pt-pt\/wp-json\/wp\/v2\/comments?post=1174"}],"version-history":[{"count":10,"href":"https:\/\/madeirasidecartours.com\/pt-pt\/wp-json\/wp\/v2\/pages\/1174\/revisions"}],"predecessor-version":[{"id":1853,"href":"https:\/\/madeirasidecartours.com\/pt-pt\/wp-json\/wp\/v2\/pages\/1174\/revisions\/1853"}],"wp:featuredmedia":[{"embeddable":true,"href":"https:\/\/madeirasidecartours.com\/pt-pt\/wp-json\/wp\/v2\/media\/1924"}],"wp:attachment":[{"href":"https:\/\/madeirasidecartours.com\/pt-pt\/wp-json\/wp\/v2\/media?parent=1174"}],"curies":[{"name":"wp","href":"https:\/\/api.w.org\/{rel}","templated":true}]}}