{"id":1107,"date":"2018-01-18T15:26:00","date_gmt":"2018-01-18T15:26:00","guid":{"rendered":"https:\/\/madeirasidecartours.com\/?page_id=1107"},"modified":"2024-06-20T19:04:52","modified_gmt":"2024-06-20T18:04:52","slug":"sobre-nos","status":"publish","type":"page","link":"https:\/\/madeirasidecartours.com\/pt-pt\/sobre-nos\/","title":{"rendered":"Sobre N\u00f3s"},"content":{"rendered":"<p>[et_pb_section bb_built=&#8221;1&#8243; fullwidth=&#8221;on&#8221; _builder_version=&#8221;4.16&#8243; background_image=&#8221;https:\/\/madeirasidecartours.com\/wp-content\/uploads\/2018\/01\/madeira-sidecar-tours-tema-1200-v2.jpg&#8221; custom_padding=&#8221;40px||40px|&#8221; global_colors_info=&#8221;{}&#8221; next_background_color=&#8221;#ffffff&#8221;][et_pb_fullwidth_header title=&#8221;Sobre n\u00f3s&#8221; _builder_version=&#8221;4.16&#8243; title_font=&#8221;|700||on|||||&#8221; title_text_color=&#8221;#ffffff&#8221; background_color=&#8221;rgba(255, 255, 255, 0)&#8221; background_layout=&#8221;light&#8221; custom_css_title=&#8221;text-shadow: 1px 1px 2px #000;&#8221; global_colors_info=&#8221;{}&#8221; button_one_text_size__hover_enabled=&#8221;off&#8221; button_two_text_size__hover_enabled=&#8221;off&#8221; button_one_text_color__hover_enabled=&#8221;off&#8221; button_two_text_color__hover_enabled=&#8221;off&#8221; button_one_border_width__hover_enabled=&#8221;off&#8221; button_two_border_width__hover_enabled=&#8221;off&#8221; button_one_border_color__hover_enabled=&#8221;off&#8221; button_two_border_color__hover_enabled=&#8221;off&#8221; button_one_border_radius__hover_enabled=&#8221;off&#8221; button_two_border_radius__hover_enabled=&#8221;off&#8221; button_one_letter_spacing__hover_enabled=&#8221;off&#8221; button_two_letter_spacing__hover_enabled=&#8221;off&#8221; button_one_bg_color__hover_enabled=&#8221;off&#8221; button_two_bg_color__hover_enabled=&#8221;off&#8221; \/][\/et_pb_section][et_pb_section bb_built=&#8221;1&#8243; _builder_version=&#8221;4.16&#8243; global_colors_info=&#8221;{}&#8221; prev_background_color=&#8221;#000000&#8243; next_background_color=&#8221;#000000&#8243;][et_pb_row module_class=&#8221; et_pb_row_fullwidth&#8221; _builder_version=&#8221;4.16&#8243; width=&#8221;89%&#8221; width_tablet=&#8221;80%&#8221; width_last_edited=&#8221;on|desktop&#8221; max_width=&#8221;89%&#8221; max_width_tablet=&#8221;80%&#8221; max_width_last_edited=&#8221;on|desktop&#8221; make_fullwidth=&#8221;on&#8221; global_colors_info=&#8221;{}&#8221; column_structure=&#8221;1_2,1_2&#8243; width_phone=&#8221;80%&#8221; max_width_phone=&#8221;80%&#8221;][et_pb_column type=&#8221;1_2&#8243; _builder_version=&#8221;4.16&#8243; custom_padding=&#8221;|||&#8221; global_colors_info=&#8221;{}&#8221; custom_padding__hover=&#8221;|||&#8221;][et_pb_text admin_label=&#8221;About Us&#8221; _builder_version=&#8221;4.16&#8243; text_orientation=&#8221;justified&#8221; global_colors_info=&#8221;{}&#8221;]<\/p>\n<p>\nA \u201cMadeira Sidecar Tours\u201d foi criada para tornar ainda mais inesquec\u00edvel e enriquecedora a sua visita \u00e0 Ilha da Madeira.<\/p>\n<p>Para isso criamos e desenvolvemos passeios em Sidecar, que incluem: os principais pontos de interesse tur\u00edstico e outros menos conhecidos, mas n\u00e3o menos interessantes.<\/p>\n<p>Em cada um dos nossos passeios poder\u00e1 solicitar paragens ou altera\u00e7\u00f5es, permitindo-lhe conhecer os encantos da Ilha da Madeira de uma forma gratuita, divertida, diferente e despreocupada.<\/p>\n<p>O objectivo da nossa equipa ser\u00e1 proporcionar-lhe momentos agrad\u00e1veis \u200b\u200be inesquec\u00edveis durante a sua visita. Sempre seguro!!!<\/p>\n<p>[\/et_pb_text][\/et_pb_column][et_pb_column type=&#8221;1_2&#8243; _builder_version=&#8221;4.16&#8243; custom_padding=&#8221;|||&#8221; global_colors_info=&#8221;{}&#8221; custom_padding__hover=&#8221;|||&#8221;][et_pb_image src=&#8221;https:\/\/madeirasidecartours.com\/wp-content\/uploads\/2022\/04\/Funchal.jpg&#8221; _builder_version=&#8221;4.24.3&#8243; _module_preset=&#8221;default&#8221; alt=&#8221;Funchal- ilha da Madeira&#8221; title_text=&#8221;Funchal&#8221; hover_enabled=&#8221;0&#8243; sticky_enabled=&#8221;0&#8243; \/][\/et_pb_column][\/et_pb_row][et_pb_row make_equal=&#8221;on&#8221; module_class=&#8221; et_pb_row_fullwidth&#8221; _builder_version=&#8221;4.16&#8243; width=&#8221;89%&#8221; width_tablet=&#8221;80%&#8221; width_last_edited=&#8221;on|desktop&#8221; max_width=&#8221;89%&#8221; max_width_tablet=&#8221;80%&#8221; max_width_last_edited=&#8221;on|desktop&#8221; make_fullwidth=&#8221;on&#8221; global_colors_info=&#8221;{}&#8221; column_structure=&#8221;1_2,1_2&#8243; width_phone=&#8221;80%&#8221; max_width_phone=&#8221;80%&#8221;][et_pb_column type=&#8221;1_2&#8243; _builder_version=&#8221;4.16&#8243; background_image=&#8221;https:\/\/madeirasidecartours.com\/wp-content\/uploads\/2017\/12\/Madeirasidecartours_Camara-Lobos_Madeira.jpg&#8221; custom_padding=&#8221;|||&#8221; global_colors_info=&#8221;{}&#8221; custom_padding__hover=&#8221;|||&#8221;][\/et_pb_column][et_pb_column type=&#8221;1_2&#8243; _builder_version=&#8221;4.16&#8243; custom_padding=&#8221;|||&#8221; global_colors_info=&#8221;{}&#8221; custom_padding__hover=&#8221;|||&#8221;][et_pb_text admin_label=&#8221;Why the Sidecar?&#8221; _builder_version=&#8221;4.16&#8243; header_2_font=&#8221;|600||on|||||&#8221; saved_tabs=&#8221;all&#8221; global_colors_info=&#8221;{}&#8221;]<\/p>\n<h2 style=\"font-size: 20px; border: 1px solid #efefef; padding: 15px !important;\">Por que o Sidecar?<\/h2>\n<p>[\/et_pb_text][et_pb_text admin_label=&#8221;Text &#8211; Why Side Car&#8221; _builder_version=&#8221;4.16&#8243; text_orientation=&#8221;justified&#8221; global_colors_info=&#8221;{}&#8221;]<\/p>\n<p>\nComece seu passeio sem se preocupar com: dire\u00e7\u00e3o, mapas, GPS, filas para comprar ingressos, visitas em grupo ou longas caminhadas.<\/p>\n<p>Viaje de forma diferente com muita classe e estilo que s\u00f3 nossos sidecars podem proporcionar. Resultando em uma experi\u00eancia \u00fanica e inesquec\u00edvel. Maior liberdade para escolher suas paradas e pontos a visitar.<\/p>\n<p>In\u00edcio e fim da viagem no local de estadia na Madeira (Hotel ou Navio de Cruzeiro), ou noutro \u00e0 sua escolha.<\/p>\n<p>[\/et_pb_text][et_pb_text admin_label=&#8221;CO2 Emission&#8221; _builder_version=&#8221;4.16&#8243; header_2_font=&#8221;|600||on|||||&#8221; saved_tabs=&#8221;all&#8221; global_colors_info=&#8221;{}&#8221;]<\/p>\n<h2 style=\"font-size: 20px; borda: 1px s\u00f3lido #efefef; preenchimento: 15px !important;\">Emiss\u00e3o de CO2<\/h2>\n<p>[\/et_pb_text][et_pb_text admin_label=&#8221;text &#8211; CO2 Emission&#8221; _builder_version=&#8221;4.16&#8243; text_orientation=&#8221;justified&#8221; global_colors_info=&#8221;{}&#8221;]<\/p>\n<p>\nNossas motocicletas URAL s\u00e3o novas e cumprem todas as normas vigentes em mat\u00e9ria de seguran\u00e7a e meio ambiente. Todos aprovados pelo WMTC (Certifica\u00e7\u00e3o Mundial Harmonizada de Emiss\u00f5es de Motocicletas) para emiss\u00e3o m\u00ednima de carbono.<\/p>\n<p>Hist\u00f3ria do Sidecar <a href=\"http:\/\/www.imz-ural.com\/?page_id=189?q=\/factory\/\" target=\"_blank\" rel=\"noopener\">aqui<\/a >.<\/p>\n<p>[\/et_pb_text][\/et_pb_column][\/et_pb_row][et_pb_row make_equal=&#8221;on&#8221; module_class=&#8221; et_pb_row_fullwidth&#8221; _builder_version=&#8221;4.16&#8243; width=&#8221;89%&#8221; width_tablet=&#8221;80%&#8221; width_last_edited=&#8221;on|desktop&#8221; max_width=&#8221;89%&#8221; max_width_tablet=&#8221;80%&#8221; max_width_last_edited=&#8221;on|desktop&#8221; make_fullwidth=&#8221;on&#8221; global_colors_info=&#8221;{}&#8221; column_structure=&#8221;1_2,1_2&#8243; width_phone=&#8221;80%&#8221; max_width_phone=&#8221;80%&#8221;][et_pb_column type=&#8221;1_2&#8243; _builder_version=&#8221;4.16&#8243; custom_padding=&#8221;|||&#8221; global_colors_info=&#8221;{}&#8221; custom_padding__hover=&#8221;|||&#8221;][et_pb_text admin_label=&#8221;Security and Insurance&#8221; _builder_version=&#8221;4.16&#8243; header_2_font=&#8221;|600||on|||||&#8221; saved_tabs=&#8221;all&#8221; global_colors_info=&#8221;{}&#8221;]<\/p>\n<h2 style=\"font-size: 20px; borda: 1px s\u00f3lido #efefef; preenchimento: 15px !important;\">Seguran\u00e7a e Seguros<\/h2>\n<p>[\/et_pb_text][et_pb_text admin_label=&#8221;Text &#8211; security&#8221; _builder_version=&#8221;4.16&#8243; text_orientation=&#8221;justified&#8221; global_colors_info=&#8221;{}&#8221;]<\/p>\n<p>\nA seguran\u00e7a \u00e9 uma das nossas maiores preocupa\u00e7\u00f5es. Nossos sidecars e motoristas s\u00e3o certificados para proporcionar a voc\u00ea uma das experi\u00eancias mais incr\u00edveis de sua visita \u00e0 nossa Ilha.<\/p>\n<p>Nossos passeios s\u00e3o recomendados para todas as idades; (crian\u00e7as a partir dos 7 anos). Todos os passageiros dos \u201cSidecar Tours\u201d ficam automaticamente cobertos pelo nosso Seguro de Responsabilidade Civil at\u00e9 50 000\u20ac por evento.<\/p>\n<p>A &#8220;Sidecar Tours&#8221; n\u00e3o ser\u00e1 respons\u00e1vel por qualquer perda ou despesa decorrente da perda de propriedade, cancelamento ou redu\u00e7\u00e3o de qualquer excurs\u00e3o, independentemente da causa, direta ou indiretamente. Se por motivo de doen\u00e7a ou acidente alguma excurs\u00e3o\/passeio for interrompida, a &#8220;Sidecar Tours&#8221; n\u00e3o se responsabilizar\u00e1 por quaisquer custos ou despesas decorrentes.<\/p>\n<p>O uso de capacete \u00e9 obrigat\u00f3rio por lei e deve ser sempre respeitado. Oferecemos capacetes de primeira qualidade (aprovados pela CE) e por quest\u00f5es de higiene ser\u00e1 fornecida uma touca descart\u00e1vel esterilizada para cada cliente. Nossos capacetes s\u00e3o mantidos em perfeitas condi\u00e7\u00f5es, limpos e desinfetados ap\u00f3s cada passeio.<\/p>\n<p>[\/et_pb_text][\/et_pb_column][et_pb_column type=&#8221;1_2&#8243; _builder_version=&#8221;4.16&#8243; background_image=&#8221;https:\/\/madeirasidecartours.com\/wp-content\/uploads\/2017\/12\/Madeirasidecartours_Paul-da-Serra_Madeira-1.jpg&#8221; custom_padding=&#8221;|||&#8221; global_colors_info=&#8221;{}&#8221; custom_padding__hover=&#8221;|||&#8221;][\/et_pb_column][\/et_pb_row][\/et_pb_section][et_pb_section bb_built=&#8221;1&#8243; _builder_version=&#8221;3.12.2&#8243; background_image=&#8221;https:\/\/madeirasidecartours.com\/wp-content\/uploads\/2019\/01\/Madeirasidecartours-Ponta-Pargo_Madeira.jpg&#8221; custom_margin=&#8221;0px||0px|0px&#8221; custom_padding=&#8221;0px|0px|0px|0px&#8221; global_colors_info=&#8221;{}&#8221; global_module=&#8221;213&#8243; prev_background_color=&#8221;#ffffff&#8221; inner_width=&#8221;auto&#8221; inner_max_width=&#8221;1180px&#8221;][et_pb_row global_parent=&#8221;213&#8243; use_custom_gutter=&#8221;on&#8221; gutter_width=&#8221;1&#8243; module_class=&#8221; et_pb_row_fullwidth&#8221; _builder_version=&#8221;4.16&#8243; background_color=&#8221;rgba(0,0,0,0.35)&#8221; width=&#8221;100%&#8221; width_tablet=&#8221;100%&#8221; width_last_edited=&#8221;on|desktop&#8221; max_width=&#8221;100%&#8221; max_width_tablet=&#8221;100%&#8221; max_width_last_edited=&#8221;on|desktop&#8221; module_alignment=&#8221;center&#8221; custom_padding=&#8221;100px||110px|&#8221; make_fullwidth=&#8221;on&#8221; global_colors_info=&#8221;{}&#8221;][et_pb_column type=&#8221;4_4&#8243; global_parent=&#8221;213&#8243; _builder_version=&#8221;4.16&#8243; custom_padding=&#8221;|95px||95px&#8221; custom_padding_tablet=&#8221;|25px||25px&#8221; custom_padding_phone=&#8221;|10px||10px&#8221; custom_padding_last_edited=&#8221;on|desktop&#8221; global_colors_info=&#8221;{}&#8221; custom_padding__hover=&#8221;|||&#8221;][et_pb_cta admin_label=&#8221;Pronto para um passeio?&#8221; global_parent=&#8221;213&#8243; title=&#8221;Pronto para um passeio?&#8221; button_url=&#8221;https:\/\/fareharbor.com\/embeds\/book\/madeirasidecartours\/?full-items=yes&#8221; button_text=&#8221;Reserve o seu Tour&#8221; _builder_version=&#8221;4.16&#8243; header_font=&#8221;|700||on|||||&#8221; header_text_align=&#8221;center&#8221; header_font_size=&#8221;30px&#8221; body_font=&#8221;||on||||||&#8221; body_text_align=&#8221;center&#8221; body_font_size=&#8221;20px&#8221; body_line_height=&#8221;1.4em&#8221; use_background_color=&#8221;off&#8221; custom_button=&#8221;on&#8221; button_text_color=&#8221;#ffffff&#8221; button_bg_color=&#8221;#702a30&#8243; button_border_color=&#8221;#702a30&#8243; button_font=&#8221;|700||on|||||&#8221; button_use_icon=&#8221;off&#8221; button_alignment=&#8221;center&#8221; vertical_offset_tablet=&#8221;0&#8243; horizontal_offset_tablet=&#8221;0&#8243; header_line_height_last_edited=&#8221;off|desktop&#8221; z_index_tablet=&#8221;0&#8243; custom_css_promo_button=&#8221;padding-top: 10px;&#8221; custom_css_promo_title=&#8221;padding-bottom: 15px;&#8221; header_text_shadow_horizontal_length_tablet=&#8221;0px&#8221; header_text_shadow_vertical_length_tablet=&#8221;0px&#8221; header_text_shadow_blur_strength_tablet=&#8221;1px&#8221; body_text_shadow_horizontal_length_tablet=&#8221;0px&#8221; body_text_shadow_vertical_length_tablet=&#8221;0px&#8221; body_text_shadow_blur_strength_tablet=&#8221;1px&#8221; body_link_text_shadow_horizontal_length_tablet=&#8221;0px&#8221; body_link_text_shadow_vertical_length_tablet=&#8221;0px&#8221; body_link_text_shadow_blur_strength_tablet=&#8221;1px&#8221; body_ul_text_shadow_horizontal_length_tablet=&#8221;0px&#8221; body_ul_text_shadow_vertical_length_tablet=&#8221;0px&#8221; body_ul_text_shadow_blur_strength_tablet=&#8221;1px&#8221; body_ol_text_shadow_horizontal_length_tablet=&#8221;0px&#8221; body_ol_text_shadow_vertical_length_tablet=&#8221;0px&#8221; body_ol_text_shadow_blur_strength_tablet=&#8221;1px&#8221; body_quote_text_shadow_horizontal_length_tablet=&#8221;0px&#8221; body_quote_text_shadow_vertical_length_tablet=&#8221;0px&#8221; body_quote_text_shadow_blur_strength_tablet=&#8221;1px&#8221; button_text_shadow_horizontal_length_tablet=&#8221;0px&#8221; button_text_shadow_vertical_length_tablet=&#8221;0px&#8221; button_text_shadow_blur_strength_tablet=&#8221;1px&#8221; box_shadow_horizontal_tablet=&#8221;0px&#8221; box_shadow_vertical_tablet=&#8221;0px&#8221; box_shadow_blur_tablet=&#8221;40px&#8221; box_shadow_spread_tablet=&#8221;0px&#8221; box_shadow_horizontal_button_tablet=&#8221;0px&#8221; box_shadow_vertical_button_tablet=&#8221;0px&#8221; box_shadow_blur_button_tablet=&#8221;40px&#8221; box_shadow_spread_button_tablet=&#8221;0px&#8221; text_shadow_horizontal_length_tablet=&#8221;0px&#8221; text_shadow_vertical_length_tablet=&#8221;0px&#8221; text_shadow_blur_strength_tablet=&#8221;1px&#8221; button_text_color_hover=&#8221;#ffffff&#8221; button_border_color_hover=&#8221;#7a232e&#8221; button_bg_color_hover=&#8221;rgba(255,255,255,0)&#8221; global_colors_info=&#8221;{}&#8221; button_text_size__hover_enabled=&#8221;off&#8221; button_one_text_size__hover_enabled=&#8221;off&#8221; button_two_text_size__hover_enabled=&#8221;off&#8221; button_text_color__hover_enabled=&#8221;on&#8221; button_text_color__hover=&#8221;#ffffff&#8221; button_one_text_color__hover_enabled=&#8221;off&#8221; button_two_text_color__hover_enabled=&#8221;off&#8221; button_border_width__hover_enabled=&#8221;off&#8221; button_one_border_width__hover_enabled=&#8221;off&#8221; button_two_border_width__hover_enabled=&#8221;off&#8221; button_border_color__hover_enabled=&#8221;on&#8221; button_border_color__hover=&#8221;#7a232e&#8221; button_one_border_color__hover_enabled=&#8221;off&#8221; button_two_border_color__hover_enabled=&#8221;off&#8221; button_border_radius__hover_enabled=&#8221;off&#8221; button_one_border_radius__hover_enabled=&#8221;off&#8221; button_two_border_radius__hover_enabled=&#8221;off&#8221; button_letter_spacing__hover_enabled=&#8221;off&#8221; button_one_letter_spacing__hover_enabled=&#8221;off&#8221; button_two_letter_spacing__hover_enabled=&#8221;off&#8221; button_bg_color__hover_enabled=&#8221;on&#8221; button_bg_color__hover=&#8221;rgba(255,255,255,0)&#8221; button_one_bg_color__hover_enabled=&#8221;off&#8221; button_two_bg_color__hover_enabled=&#8221;off&#8221; \/][\/et_pb_column][\/et_pb_row][\/et_pb_section]<\/p>\n","protected":false},"excerpt":{"rendered":"<p>A \u201cMadeira Sidecar Tours\u201d foi criada para tornar ainda mais inesquec\u00edvel e enriquecedora a sua visita \u00e0 Ilha da Madeira. Para isso criamos e desenvolvemos passeios em Sidecar, que incluem: os principais pontos de interesse tur\u00edstico e outros menos conhecidos, mas n\u00e3o menos interessantes. Em cada um dos nossos passeios poder\u00e1 solicitar paragens ou altera\u00e7\u00f5es, [&hellip;]<\/p>\n","protected":false},"author":2,"featured_media":3901,"parent":0,"menu_order":0,"comment_status":"closed","ping_status":"closed","template":"","meta":{"_et_pb_use_builder":"on","_et_pb_old_content":"","_et_gb_content_width":"","_joinchat":[],"footnotes":""},"class_list":["post-1107","page","type-page","status-publish","has-post-thumbnail","hentry"],"_links":{"self":[{"href":"https:\/\/madeirasidecartours.com\/pt-pt\/wp-json\/wp\/v2\/pages\/1107","targetHints":{"allow":["GET"]}}],"collection":[{"href":"https:\/\/madeirasidecartours.com\/pt-pt\/wp-json\/wp\/v2\/pages"}],"about":[{"href":"https:\/\/madeirasidecartours.com\/pt-pt\/wp-json\/wp\/v2\/types\/page"}],"author":[{"embeddable":true,"href":"https:\/\/madeirasidecartours.com\/pt-pt\/wp-json\/wp\/v2\/users\/2"}],"replies":[{"embeddable":true,"href":"https:\/\/madeirasidecartours.com\/pt-pt\/wp-json\/wp\/v2\/comments?post=1107"}],"version-history":[{"count":10,"href":"https:\/\/madeirasidecartours.com\/pt-pt\/wp-json\/wp\/v2\/pages\/1107\/revisions"}],"predecessor-version":[{"id":4267,"href":"https:\/\/madeirasidecartours.com\/pt-pt\/wp-json\/wp\/v2\/pages\/1107\/revisions\/4267"}],"wp:featuredmedia":[{"embeddable":true,"href":"https:\/\/madeirasidecartours.com\/pt-pt\/wp-json\/wp\/v2\/media\/3901"}],"wp:attachment":[{"href":"https:\/\/madeirasidecartours.com\/pt-pt\/wp-json\/wp\/v2\/media?parent=1107"}],"curies":[{"name":"wp","href":"https:\/\/api.w.org\/{rel}","templated":true}]}}