{"id":1098,"date":"2018-01-18T12:11:41","date_gmt":"2018-01-18T12:11:41","guid":{"rendered":"https:\/\/madeirasidecartours.com\/?page_id=1098"},"modified":"2025-06-07T13:24:17","modified_gmt":"2025-06-07T12:24:17","slug":"perguntas-frequentes","status":"publish","type":"page","link":"https:\/\/madeirasidecartours.com\/pt-pt\/perguntas-frequentes\/","title":{"rendered":"Perguntas Frequentes"},"content":{"rendered":"<p>[et_pb_section fb_built=&#8221;1&#8243; fullwidth=&#8221;on&#8221; _builder_version=&#8221;4.16&#8243; background_image=&#8221;https:\/\/madeirasidecartours.com\/wp-content\/uploads\/2018\/01\/madeira-sidecar-tours-tema-1200-v2.jpg&#8221; custom_padding=&#8221;40px||40px|&#8221; global_colors_info=&#8221;{}&#8221;][et_pb_fullwidth_header title=&#8221;Perguntas frequentes&#8221; _builder_version=&#8221;4.16&#8243; title_font=&#8221;|700||on|||||&#8221; title_text_color=&#8221;#ffffff&#8221; background_color=&#8221;rgba(255, 255, 255, 0)&#8221; background_layout=&#8221;light&#8221; custom_css_title=&#8221;text-shadow: 1px 1px 2px #000;&#8221; global_colors_info=&#8221;{}&#8221; button_one_text_size__hover_enabled=&#8221;off&#8221; button_two_text_size__hover_enabled=&#8221;off&#8221; button_one_text_color__hover_enabled=&#8221;off&#8221; button_two_text_color__hover_enabled=&#8221;off&#8221; button_one_border_width__hover_enabled=&#8221;off&#8221; button_two_border_width__hover_enabled=&#8221;off&#8221; button_one_border_color__hover_enabled=&#8221;off&#8221; button_two_border_color__hover_enabled=&#8221;off&#8221; button_one_border_radius__hover_enabled=&#8221;off&#8221; button_two_border_radius__hover_enabled=&#8221;off&#8221; button_one_letter_spacing__hover_enabled=&#8221;off&#8221; button_two_letter_spacing__hover_enabled=&#8221;off&#8221; button_one_bg_color__hover_enabled=&#8221;off&#8221; button_two_bg_color__hover_enabled=&#8221;off&#8221;][\/et_pb_fullwidth_header][\/et_pb_section][et_pb_section fb_built=&#8221;1&#8243; _builder_version=&#8221;4.16&#8243; global_colors_info=&#8221;{}&#8221;][et_pb_row module_class=&#8221; et_pb_row_fullwidth&#8221; _builder_version=&#8221;4.16&#8243; width=&#8221;89%&#8221; width_tablet=&#8221;80%&#8221; width_last_edited=&#8221;on|desktop&#8221; max_width=&#8221;89%&#8221; max_width_tablet=&#8221;80%&#8221; max_width_last_edited=&#8221;on|desktop&#8221; make_fullwidth=&#8221;on&#8221; global_colors_info=&#8221;{}&#8221; column_structure=&#8221;2_3,1_3&#8243; width_phone=&#8221;80%&#8221; max_width_phone=&#8221;80%&#8221;][et_pb_column type=&#8221;2_3&#8243; _builder_version=&#8221;4.16&#8243; custom_padding=&#8221;|||&#8221; global_colors_info=&#8221;{}&#8221; custom_padding__hover=&#8221;|||&#8221;][et_pb_text admin_label=&#8221;The tour package&#8221; _builder_version=&#8221;4.16&#8243; header_2_font=&#8221;|600||on|||||&#8221; text_orientation=&#8221;justified&#8221; saved_tabs=&#8221;all&#8221; global_colors_info=&#8221;{}&#8221;]<\/p>\n<h2 style=\"font-size: 20px; border: 1px solid #efefef; padding: 15px !important;\">Perguntas frequentes<\/h2>\n<p>[\/et_pb_text][et_pb_text _builder_version=&#8221;4.16&#8243; text_line_height=&#8221;1.4em&#8221; text_orientation=&#8221;justified&#8221; global_colors_info=&#8221;{}&#8221;]<\/p>\n<p>D\u00ea uma olhada nas perguntas mais comuns que recebemos de nossos usu\u00e1rios\/clientes. Antes de entrar em contato conosco, reserve um pouco do seu tempo para ver se encontra a resposta para sua\u00a0d\u00favida ou pergunta sobre\u00a0nosso servi\u00e7o.<\/p>\n<p>[\/et_pb_text][\/et_pb_column][et_pb_column type=&#8221;1_3&#8243; _builder_version=&#8221;4.16&#8243; custom_padding=&#8221;|||&#8221; global_colors_info=&#8221;{}&#8221; custom_padding__hover=&#8221;|||&#8221;][et_pb_cta title=&#8221;Ter uma quest\u00e3o?&#8221; button_url=&#8221;https:\/\/madeirasidecartours.com\/pt-pt\/contactos\/&#8221; button_text=&#8221;Contact Us&#8221; admin_label=&#8221;Ter uma quest\u00e3o?&#8221; _builder_version=&#8221;4.16&#8243; header_font=&#8221;|800||on|||||&#8221; header_text_align=&#8221;center&#8221; body_font=&#8221;||on||||||&#8221; body_text_align=&#8221;center&#8221; use_background_color=&#8221;off&#8221; custom_button=&#8221;on&#8221; button_text_color=&#8221;#ffffff&#8221; button_bg_color=&#8221;#7a232e&#8221; button_border_color=&#8221;#7a232e&#8221; button_use_icon=&#8221;off&#8221; background_layout=&#8221;light&#8221; custom_css_main_element=&#8221;padding: 25px !important;||border: 1px solid #dadada;&#8221; button_text_color_hover=&#8221;#7a232e&#8221; button_border_color_hover=&#8221;#7a232e&#8221; button_bg_color_hover=&#8221;rgba(0,0,0,0)&#8221; saved_tabs=&#8221;all&#8221; global_colors_info=&#8221;{}&#8221; button_text_size__hover_enabled=&#8221;off&#8221; button_one_text_size__hover_enabled=&#8221;off&#8221; button_two_text_size__hover_enabled=&#8221;off&#8221; button_text_color__hover_enabled=&#8221;on&#8221; button_text_color__hover=&#8221;#7a232e&#8221; button_one_text_color__hover_enabled=&#8221;off&#8221; button_two_text_color__hover_enabled=&#8221;off&#8221; button_border_width__hover_enabled=&#8221;off&#8221; button_one_border_width__hover_enabled=&#8221;off&#8221; button_two_border_width__hover_enabled=&#8221;off&#8221; button_border_color__hover_enabled=&#8221;on&#8221; button_border_color__hover=&#8221;#7a232e&#8221; button_one_border_color__hover_enabled=&#8221;off&#8221; button_two_border_color__hover_enabled=&#8221;off&#8221; button_border_radius__hover_enabled=&#8221;off&#8221; button_one_border_radius__hover_enabled=&#8221;off&#8221; button_two_border_radius__hover_enabled=&#8221;off&#8221; button_letter_spacing__hover_enabled=&#8221;off&#8221; button_one_letter_spacing__hover_enabled=&#8221;off&#8221; button_two_letter_spacing__hover_enabled=&#8221;off&#8221; button_bg_color__hover_enabled=&#8221;on&#8221; button_bg_color__hover=&#8221;rgba(0,0,0,0)&#8221; button_one_bg_color__hover_enabled=&#8221;off&#8221; button_two_bg_color__hover_enabled=&#8221;off&#8221;]Send us an email at any time and we will respond!<br \/>\n[\/et_pb_cta][\/et_pb_column][\/et_pb_row][et_pb_row module_class=&#8221; et_pb_row_fullwidth&#8221; _builder_version=&#8221;4.16&#8243; width=&#8221;89%&#8221; width_tablet=&#8221;80%&#8221; width_last_edited=&#8221;on|desktop&#8221; max_width=&#8221;89%&#8221; max_width_tablet=&#8221;80%&#8221; max_width_last_edited=&#8221;on|desktop&#8221; make_fullwidth=&#8221;on&#8221; global_colors_info=&#8221;{}&#8221; column_structure=&#8221;1_2,1_2&#8243; width_phone=&#8221;80%&#8221; max_width_phone=&#8221;80%&#8221;][et_pb_column type=&#8221;1_2&#8243; _builder_version=&#8221;4.16&#8243; custom_padding=&#8221;|||&#8221; global_colors_info=&#8221;{}&#8221; custom_padding__hover=&#8221;|||&#8221;][et_pb_toggle title=&#8221;1. O que \u00e9 um Sidecar?&#8221; admin_label=&#8221;1. What is a Sidecar?&#8221; _builder_version=&#8221;4.16&#8243; global_colors_info=&#8221;{}&#8221;]<\/p>\n<p>\u00c9 uma motocicleta com um carro acoplado permanentemente; tornando a motocicleta um triciclo com capacidade para tr\u00eas passageiros, sendo dois na bicicleta e um no carrinho.<\/p>\n<p>[\/et_pb_toggle][et_pb_toggle title=&#8221;2. O sidecar \u00e9 seguro?&#8221; admin_label=&#8221;2. Is the sidecar safe?&#8221; _builder_version=&#8221;4.16&#8243; global_colors_info=&#8221;{}&#8221;]<\/p>\n<p>Sim, os Sidecars s\u00e3o absolutamente seguros para adultos e crian\u00e7as \u2013 o nosso sidecar URAL cumpre todas as regras de seguran\u00e7a da Comunidade Europeia. Al\u00e9m disso, n\u00e3o s\u00e3o ve\u00edculos r\u00e1pidos: s\u00e3o constru\u00eddos para passeios agrad\u00e1veis, n\u00e3o para condu\u00e7\u00e3o em alta velocidade.<\/p>\n<p>[\/et_pb_toggle][et_pb_toggle title=&#8221;3. O sidecar \u00e9 um ve\u00edculo certificado?&#8221; admin_label=&#8221;3. Is the sidecar a certified vehicle?&#8221; _builder_version=&#8221;4.16&#8243; global_colors_info=&#8221;{}&#8221;]<\/p>\n<p>Sim, os Sidecars s\u00e3o ve\u00edculos legais e regulamentados pelo governo; n\u00e3o s\u00e3o adapta\u00e7\u00f5es caseiras de motocicletas convencionais. Os sidecars tiveram origem na d\u00e9cada de 1920 (e foram extremamente populares at\u00e9 a d\u00e9cada de 1960 como uma alternativa mais barata aos autom\u00f3veis), e desde ent\u00e3o t\u00eam sido fabricados industrialmente por grandes marcas como: Harley-Davidson, BMW, URAL e outras.<\/p>\n<p>[\/et_pb_toggle][et_pb_toggle title=&#8221;4. Qual a idade m\u00ednima para andar de moto ou sidecar?&#8221; admin_label=&#8221;4. What is the minimum age to go on the motorcycle or sidecar?&#8221; _builder_version=&#8221;4.16&#8243; global_colors_info=&#8221;{}&#8221;]<\/p>\n<p>A idade m\u00ednima para andar de moto (com ou sem side car) em Portugal \u00e9 de 7 anos. Se um dos pais estiver na mesma motocicleta, a crian\u00e7a poder\u00e1 ter menos de 7 anos. Em qualquer caso, ser\u00e1 solicitada autoriza\u00e7\u00e3o por escrito aos pais.<\/p>\n<p>[\/et_pb_toggle][et_pb_toggle title=&#8221;5. Posso dirigir o Sidecar?&#8221; admin_label=&#8221;5. Can I drive the Sidecar?&#8221; _builder_version=&#8221;4.16&#8243; global_colors_info=&#8221;{}&#8221;]<\/p>\n<p>N\u00e3o, um guia experiente e licenciado dirigir\u00e1 o sidecar. Dando-lhe a oportunidade de apreciar a paisagem sem a distra\u00e7\u00e3o de dirigir.<\/p>\n<p>[\/et_pb_toggle][et_pb_toggle title=&#8221;6. Devo usar capacete?&#8221; admin_label=&#8221;6. Do I have to wear a helmet?&#8221; _builder_version=&#8221;4.16&#8243; global_colors_info=&#8221;{}&#8221;]<\/p>\n<p>Sim, o uso de capacete \u00e9 obrigat\u00f3rio e deve ser usado sempre que voc\u00ea estiver dirigindo no sidecar. N\u00e3o h\u00e1 necessidade de trazer ou comprar capacete. Excelentes capacetes (aprovados pela CE) de v\u00e1rios tamanhos e tamb\u00e9m muito elegantes. Nossos capacetes s\u00e3o mantidos em perfeito estado, sendo limpos e higienizados ap\u00f3s cada uso.<\/p>\n<p>[\/et_pb_toggle][et_pb_toggle title=&#8221;7. Preciso de seguro para fazer o passeio?&#8221; admin_label=&#8221;7. Do I need insurance to take the tour?&#8221; _builder_version=&#8221;4.16&#8243; global_colors_info=&#8221;{}&#8221;]<\/p>\n<p>N\u00e3o, todos os passageiros j\u00e1 est\u00e3o segurados contra qualquer sinistro na motocicleta.<\/p>\n<p>[\/et_pb_toggle][\/et_pb_column][et_pb_column type=&#8221;1_2&#8243; _builder_version=&#8221;4.16&#8243; custom_padding=&#8221;|||&#8221; global_colors_info=&#8221;{}&#8221; custom_padding__hover=&#8221;|||&#8221;][et_pb_toggle title=&#8221;8. Com que anteced\u00eancia devo fazer a minha reserva?&#8221; admin_label=&#8221;8. How far in advance should I make my reservation?&#8221; _builder_version=&#8221;4.16&#8243; global_colors_info=&#8221;{}&#8221;]<\/p>\n<p>Quanto antes melhor. Voc\u00ea pode verificar a disponibilidade no dia do passeio, mas lembre-se que s\u00e3o passeios privados e personalizados e portanto n\u00e3o iremos acompanh\u00e1-lo em outra excurs\u00e3o. Saiba mais sobre nossa pol\u00edtica de reservas, altera\u00e7\u00f5es e cancelamentos.<\/p>\n<p>[\/et_pb_toggle][et_pb_toggle title=&#8221;9. O meu passeio ser\u00e1 cancelado se chover?&#8221; admin_label=&#8221;9. If it rains, will my tour be canceled?&#8221; _builder_version=&#8221;4.16&#8243; global_colors_info=&#8221;{}&#8221;]<\/p>\n<p>No caso improv\u00e1vel de chuva, voc\u00ea pode cancelar seu passeio no mesmo dia e ser\u00e1 reembolsado em 100%. A escolha \u00e9 realmente sua (se n\u00e3o tiver certeza de que seu guia cancelar\u00e1 o passeio). A Madeira tem esta\u00e7\u00f5es chuvosas muito curtas e um clima fant\u00e1stico, at\u00e9 agora cancel\u00e1mos um n\u00famero muito pequeno de passeios por causa da chuva. Voc\u00ea pode encontrar mais informa\u00e7\u00f5es sobre nossa pol\u00edtica de reservas, modifica\u00e7\u00f5es e cancelamentos.<\/p>\n<p>[\/et_pb_toggle][et_pb_toggle title=&#8221;10. Posso reservar passeios para grupos?&#8221; admin_label=&#8221;10. Can I book tours for groups?&#8221; _builder_version=&#8221;4.16&#8243; global_colors_info=&#8221;{}&#8221;]<\/p>\n<p>Tecnicamente sim, mas o nosso conceito de turismo \u00e9 baseado na privacidade, eleg\u00e2ncia e servi\u00e7o. A personaliza\u00e7\u00e3o do servi\u00e7o n\u00e3o \u00e9 realmente poss\u00edvel com grupos grandes. Preferimos n\u00e3o andar com mais de 2 bicicletas ao mesmo tempo (3 a 4 pessoas) \u2013 cada sidecar s\u00f3 pode transportar dois passageiros no mesmo passeio.<\/p>\n<p>[\/et_pb_toggle][et_pb_toggle title=&#8221;11. A Sidecar Tours oferece outros servi\u00e7os al\u00e9m de passeios?&#8221; admin_label=&#8221;11. Does Sidecar Tours offer services other than tours?&#8221; _builder_version=&#8221;4.16&#8243; global_colors_info=&#8221;{}&#8221;]<\/p>\n<p>Tamb\u00e9m estamos dispon\u00edveis para bailes, casamentos, festas de anivers\u00e1rio e outros eventos; por uma taxa hor\u00e1ria.<\/p>\n<p>[\/et_pb_toggle][et_pb_toggle title=&#8221;12. Que tipo de roupa devo usar?&#8221; admin_label=&#8221;12. What kind of clothes should I wear?&#8221; _builder_version=&#8221;4.16&#8243; global_colors_info=&#8221;{}&#8221;]<\/p>\n<p>\u00c9 sempre uma boa ideia trazer um casaco.<\/p>\n<p>[\/et_pb_toggle][et_pb_toggle title=&#8221;13. Existe alguma restri\u00e7\u00e3o f\u00edsica?&#8221; admin_label=&#8221;13. Is there any physical restriction?&#8221; _builder_version=&#8221;4.16&#8243; global_colors_info=&#8221;{}&#8221;]<\/p>\n<p>O peso m\u00e1ximo por passageiro \u00e9 de 128kg.<\/p>\n<p>[\/et_pb_toggle][et_pb_toggle title=&#8221;14. Por que o carro lateral?&#8221; admin_label=&#8221;14. Why the sidecar?&#8221; _builder_version=&#8221;4.16&#8243; global_colors_info=&#8221;{}&#8221;]<\/p>\n<p>Comece o seu passeio sem se preocupar com: condu\u00e7\u00e3o, mapas, GPS, filas para comprar bilhetes, visitas em grupo ou longas caminhadas. Viaje de forma diferente com muita classe e estilo que s\u00f3 nossos sidecars podem proporcionar. Resultando em uma experi\u00eancia \u00fanica e inesquec\u00edvel. Maior liberdade na escolha das paragens e pontos a visitar. In\u00edcio e fim da viagem no local de estadia na Madeira (Hotel ou Navio de Cruzeiro), ou noutro \u00e0 sua escolha.<\/p>\n<p>[\/et_pb_toggle][\/et_pb_column][\/et_pb_row][\/et_pb_section][et_pb_section fb_built=&#8221;1&#8243; _builder_version=&#8221;4.16&#8243; background_image=&#8221;https:\/\/madeirasidecartours.com\/wp-content\/uploads\/2019\/01\/Madeirasidecartours-Ponta-Pargo_Madeira.jpg&#8221; custom_margin=&#8221;0px||0px|0px&#8221; custom_padding=&#8221;0px|0px|0px|0px&#8221; global_colors_info=&#8221;{}&#8221;][et_pb_row use_custom_gutter=&#8221;on&#8221; gutter_width=&#8221;1&#8243; module_class=&#8221; et_pb_row_fullwidth&#8221; _builder_version=&#8221;4.16&#8243; background_color=&#8221;rgba(0,0,0,0.35)&#8221; width=&#8221;100%&#8221; width_tablet=&#8221;100%&#8221; width_last_edited=&#8221;on|desktop&#8221; max_width=&#8221;100%&#8221; max_width_tablet=&#8221;100%&#8221; max_width_last_edited=&#8221;on|desktop&#8221; module_alignment=&#8221;center&#8221; custom_padding=&#8221;100px||110px|&#8221; make_fullwidth=&#8221;on&#8221; global_colors_info=&#8221;{}&#8221; width_phone=&#8221;100%&#8221; max_width_phone=&#8221;100%&#8221;][et_pb_column type=&#8221;4_4&#8243; _builder_version=&#8221;4.16&#8243; custom_padding=&#8221;|95px||95px&#8221; custom_padding_tablet=&#8221;|25px||25px&#8221; custom_padding_phone=&#8221;|10px||10px&#8221; custom_padding_last_edited=&#8221;on|desktop&#8221; global_colors_info=&#8221;{}&#8221; custom_padding__hover=&#8221;|||&#8221;][et_pb_cta title=&#8221;Pronto para um passeio?&#8221; button_url=&#8221;https:\/\/madeirasidecartours.com\/sidecar-tours\/&#8221; button_text=&#8221;Reserve J\u00e1&#8221; admin_label=&#8221;Pronto para um passeio?&#8221; _builder_version=&#8221;4.16&#8243; header_font=&#8221;|700||on|||||&#8221; header_text_align=&#8221;center&#8221; header_font_size=&#8221;30&#8243; body_font=&#8221;||on||||||&#8221; body_text_align=&#8221;center&#8221; body_font_size=&#8221;20&#8243; body_line_height=&#8221;1.4em&#8221; use_background_color=&#8221;off&#8221; custom_button=&#8221;on&#8221; button_text_color=&#8221;#ffffff&#8221; button_bg_color=&#8221;#1b93c9&#8243; button_border_color=&#8221;#1b93c9&#8243; button_font=&#8221;|700||on|||||&#8221; button_use_icon=&#8221;off&#8221; button_alignment=&#8221;center&#8221; header_line_height_last_edited=&#8221;off|desktop&#8221; custom_css_promo_button=&#8221;padding-top: 10px;&#8221; custom_css_promo_title=&#8221;padding-bottom: 15px;&#8221; button_text_color_hover=&#8221;#ffffff&#8221; button_border_color_hover=&#8221;#7a232e&#8221; button_bg_color_hover=&#8221;rgba(255,255,255,0)&#8221; global_colors_info=&#8221;{}&#8221; button_text_size__hover_enabled=&#8221;off&#8221; button_one_text_size__hover_enabled=&#8221;off&#8221; button_two_text_size__hover_enabled=&#8221;off&#8221; button_text_color__hover_enabled=&#8221;on&#8221; button_text_color__hover=&#8221;#ffffff&#8221; button_one_text_color__hover_enabled=&#8221;off&#8221; button_two_text_color__hover_enabled=&#8221;off&#8221; button_border_width__hover_enabled=&#8221;off&#8221; button_one_border_width__hover_enabled=&#8221;off&#8221; button_two_border_width__hover_enabled=&#8221;off&#8221; button_border_color__hover_enabled=&#8221;on&#8221; button_border_color__hover=&#8221;#7a232e&#8221; button_one_border_color__hover_enabled=&#8221;off&#8221; button_two_border_color__hover_enabled=&#8221;off&#8221; button_border_radius__hover_enabled=&#8221;off&#8221; button_one_border_radius__hover_enabled=&#8221;off&#8221; button_two_border_radius__hover_enabled=&#8221;off&#8221; button_letter_spacing__hover_enabled=&#8221;off&#8221; button_one_letter_spacing__hover_enabled=&#8221;off&#8221; button_two_letter_spacing__hover_enabled=&#8221;off&#8221; button_bg_color__hover_enabled=&#8221;on&#8221; button_bg_color__hover=&#8221;rgba(255,255,255,0)&#8221; button_one_bg_color__hover_enabled=&#8221;off&#8221; button_two_bg_color__hover_enabled=&#8221;off&#8221;]<\/p>\n<p>&nbsp;<\/p>\n<p>&nbsp;<\/p>\n<p>[\/et_pb_cta][\/et_pb_column][\/et_pb_row][\/et_pb_section]<\/p>\n","protected":false},"excerpt":{"rendered":"<p>Perguntas frequentes D\u00ea uma olhada nas perguntas mais comuns que recebemos de nossos usu\u00e1rios\/clientes. Antes de entrar em contato conosco, reserve um pouco do seu tempo para ver se encontra a resposta para sua\u00a0d\u00favida ou pergunta sobre\u00a0nosso servi\u00e7o. Send us an email at any time and we will respond! \u00c9 uma motocicleta com um carro [&hellip;]<\/p>\n","protected":false},"author":2,"featured_media":1924,"parent":0,"menu_order":0,"comment_status":"closed","ping_status":"closed","template":"","meta":{"_et_pb_use_builder":"on","_et_pb_old_content":"","_et_gb_content_width":"","_joinchat":[],"footnotes":""},"class_list":["post-1098","page","type-page","status-publish","has-post-thumbnail","hentry"],"_links":{"self":[{"href":"https:\/\/madeirasidecartours.com\/pt-pt\/wp-json\/wp\/v2\/pages\/1098","targetHints":{"allow":["GET"]}}],"collection":[{"href":"https:\/\/madeirasidecartours.com\/pt-pt\/wp-json\/wp\/v2\/pages"}],"about":[{"href":"https:\/\/madeirasidecartours.com\/pt-pt\/wp-json\/wp\/v2\/types\/page"}],"author":[{"embeddable":true,"href":"https:\/\/madeirasidecartours.com\/pt-pt\/wp-json\/wp\/v2\/users\/2"}],"replies":[{"embeddable":true,"href":"https:\/\/madeirasidecartours.com\/pt-pt\/wp-json\/wp\/v2\/comments?post=1098"}],"version-history":[{"count":13,"href":"https:\/\/madeirasidecartours.com\/pt-pt\/wp-json\/wp\/v2\/pages\/1098\/revisions"}],"predecessor-version":[{"id":5055,"href":"https:\/\/madeirasidecartours.com\/pt-pt\/wp-json\/wp\/v2\/pages\/1098\/revisions\/5055"}],"wp:featuredmedia":[{"embeddable":true,"href":"https:\/\/madeirasidecartours.com\/pt-pt\/wp-json\/wp\/v2\/media\/1924"}],"wp:attachment":[{"href":"https:\/\/madeirasidecartours.com\/pt-pt\/wp-json\/wp\/v2\/media?parent=1098"}],"curies":[{"name":"wp","href":"https:\/\/api.w.org\/{rel}","templated":true}]}}