{"id":1820,"date":"2018-05-29T16:27:05","date_gmt":"2018-05-29T15:27:05","guid":{"rendered":"https:\/\/madeirasidecartours.com\/?page_id=1820"},"modified":"2025-06-06T13:47:21","modified_gmt":"2025-06-06T12:47:21","slug":"politique-de-cookies","status":"publish","type":"page","link":"https:\/\/madeirasidecartours.com\/fr\/politique-de-cookies\/","title":{"rendered":"Politique de cookies"},"content":{"rendered":"<p>[et_pb_section fb_built=\u00a0\u00bb1&Prime; fullwidth=\u00a0\u00bbon\u00a0\u00bb _builder_version=\u00a0\u00bb4.16&Prime; background_image=\u00a0\u00bbhttps:\/\/madeirasidecartours.com\/wp-content\/uploads\/2018\/01\/madeira-sidecar-tours-tema-1200-v2.jpg\u00a0\u00bb global_colors_info=\u00a0\u00bb{}\u00a0\u00bb][et_pb_fullwidth_header title=\u00a0\u00bbPolitique de cookies\u00a0\u00bb _builder_version=\u00a0\u00bb4.16&Prime; title_font=\u00a0\u00bb|700||on|||||\u00a0\u00bb title_text_color=\u00a0\u00bb#ffffff\u00a0\u00bb background_color=\u00a0\u00bbrgba(255, 255, 255, 0)\u00a0\u00bb background_layout=\u00a0\u00bblight\u00a0\u00bb custom_css_title=\u00a0\u00bbtext-shadow: 1px 1px 2px #000;\u00a0\u00bb custom_css_content=\u00a0\u00bbtext-shadow: 1px 1px 2px #000;\u00a0\u00bb custom_css_subtitle=\u00a0\u00bbtext-shadow: 1px 1px 2px #000;\u00a0\u00bb global_colors_info=\u00a0\u00bb{}\u00a0\u00bb button_one_text_size__hover_enabled=\u00a0\u00bboff\u00a0\u00bb button_two_text_size__hover_enabled=\u00a0\u00bboff\u00a0\u00bb button_one_text_color__hover_enabled=\u00a0\u00bboff\u00a0\u00bb button_two_text_color__hover_enabled=\u00a0\u00bboff\u00a0\u00bb button_one_border_width__hover_enabled=\u00a0\u00bboff\u00a0\u00bb button_two_border_width__hover_enabled=\u00a0\u00bboff\u00a0\u00bb button_one_border_color__hover_enabled=\u00a0\u00bboff\u00a0\u00bb button_two_border_color__hover_enabled=\u00a0\u00bboff\u00a0\u00bb button_one_border_radius__hover_enabled=\u00a0\u00bboff\u00a0\u00bb button_two_border_radius__hover_enabled=\u00a0\u00bboff\u00a0\u00bb button_one_letter_spacing__hover_enabled=\u00a0\u00bboff\u00a0\u00bb button_two_letter_spacing__hover_enabled=\u00a0\u00bboff\u00a0\u00bb button_one_bg_color__hover_enabled=\u00a0\u00bboff\u00a0\u00bb button_two_bg_color__hover_enabled=\u00a0\u00bboff\u00a0\u00bb][\/et_pb_fullwidth_header][\/et_pb_section][et_pb_section fb_built=\u00a0\u00bb1&Prime; _builder_version=\u00a0\u00bb4.16&Prime; global_colors_info=\u00a0\u00bb{}\u00a0\u00bb][et_pb_row _builder_version=\u00a0\u00bb4.16&Prime; background_size=\u00a0\u00bbinitial\u00a0\u00bb background_position=\u00a0\u00bbtop_left\u00a0\u00bb background_repeat=\u00a0\u00bbrepeat\u00a0\u00bb global_colors_info=\u00a0\u00bb{}\u00a0\u00bb column_structure=\u00a0\u00bb2_3,1_3&Prime;][et_pb_column type=\u00a0\u00bb2_3&Prime; _builder_version=\u00a0\u00bb4.16&Prime; custom_padding=\u00a0\u00bb|||\u00a0\u00bb global_colors_info=\u00a0\u00bb{}\u00a0\u00bb custom_padding__hover=\u00a0\u00bb|||\u00a0\u00bb][et_pb_text admin_label=\u00a0\u00bbTexto\u00a0\u00bb _builder_version=\u00a0\u00bb4.27.4&Prime; text_orientation=\u00a0\u00bbjustified\u00a0\u00bb hover_enabled=\u00a0\u00bb0&Prime; global_colors_info=\u00a0\u00bb{}\u00a0\u00bb sticky_enabled=\u00a0\u00bb0&Prime;]Cette politique de cookies fait partie int\u00e9grante de la politique de confidentialit\u00e9 de <a href=\"https:\/\/madeirasidecartours.com\/fr\/\">www.madeirasidecartours.com<\/a> (ci-apr\u00e8s d\u00e9nomm\u00e9e \u00abMad\u00e8re sidecar tours\u00bb). L&rsquo;acc\u00e8s et la navigation sur le site, ou l&rsquo;utilisation de ses services, implique l&rsquo;acceptation des termes et conditions contenus dans la politique de confidentialit\u00e9.<\/p>\n<p>Afin de faciliter et de fournir une meilleure exp\u00e9rience de navigation sur le site, www.madeirasidecartours.com, informe qu&rsquo;il utilise des cookies ou d&rsquo;autres fichiers avec des fonctionnalit\u00e9s similaires (\u00abcookies\u00bb).<\/p>\n<p>En raison du fonctionnement des normes de communication Internet, l&rsquo;acc\u00e8s aux sites Web peut impliquer l&rsquo;utilisation de cookies. En tout \u00e9tat de cause, nous informons que Madeira Sidecar Tours est responsable des cookies et du traitement des donn\u00e9es obtenues via nos propres cookies et des tiers, en d\u00e9cidant de l&rsquo;objet, du contenu et de l&rsquo;utilisation du traitement des informations collect\u00e9es.<\/p>\n<p><strong>Qu&rsquo;est-ce qu&rsquo;un cookie?<\/strong><br \/>\nLes cookies sont des fichiers contenant de petites quantit\u00e9s d&rsquo;informations t\u00e9l\u00e9charg\u00e9es sur l&rsquo;appareil de l&rsquo;utilisateur lorsque vous visitez une page Web. L&rsquo;objectif principal est de reconna\u00eetre l&rsquo;utilisateur \u00e0 chaque fois qu&rsquo;il acc\u00e8de au site, permettant \u00e9galement une meilleure qualit\u00e9 et une meilleure utilisation du site. En bref: viser \u00e0 simplifier votre navigation sur madeirasidecartours.com<\/p>\n<p>Les cookies sont essentiels au fonctionnement d&rsquo;Internet; ils n&rsquo;endommagent pas l&rsquo;appareil de l&rsquo;utilisateur et, s&rsquo;ils sont activ\u00e9s dans la configuration de votre navigateur, aident \u00e0 identifier et \u00e0 r\u00e9soudre d&rsquo;\u00e9ventuelles erreurs dans le fonctionnement du site.<\/p>\n<p><strong>Utilisation de cookies par Madeira Sidecar Tours<\/strong><br \/>\nEn acc\u00e9dant au site, vous consentez express\u00e9ment \u00e0 l&rsquo;utilisation de ce type de cookies sur vos appareils. Si vous d\u00e9sactivez les cookies, la navigation sur votre site peut ne pas \u00eatre optimis\u00e9e et certaines fonctionnalit\u00e9s disponibles sur le site peuvent ne pas fonctionner correctement.<br \/>\nPlus pr\u00e9cis\u00e9ment, les visites de Mad\u00e8re sidecar utilisent des cookies aux fins \u00e9nonc\u00e9es ci-dessous. Si \u00e0 l&rsquo;avenir, Madeira Sidecar Tours utilise d&rsquo;autres services dans le but d&rsquo;offrir plus de services de meilleure qualit\u00e9, l&rsquo;utilisateur en sera inform\u00e9 en cons\u00e9quence.<\/p>\n<p><strong>Cookies utilis\u00e9s<\/strong><br \/>\n<strong>Pr\u00e9f\u00e9rences Cookies<\/strong><br \/>\nCes cookies permettent aux sites Web de m\u00e9moriser des informations qui modifient le comportement et l&rsquo;apparence du site Web. Ces cookies peuvent \u00e9galement vous aider \u00e0 modifier la taille du texte, la police et d&rsquo;autres parties personnalisables des pages Web. Perdre des informations stock\u00e9es dans un cookie de pr\u00e9f\u00e9rence peut rendre l&rsquo;exp\u00e9rience du site Web moins fonctionnelle, mais ne devrait pas entraver son fonctionnement.<\/p>\n<p><strong>Cookies de s\u00e9curit\u00e9<\/strong><br \/>\nLes cookies de s\u00e9curit\u00e9 sont utilis\u00e9s pour authentifier les utilisateurs et emp\u00eacher l&rsquo;utilisation frauduleuse des informations d&rsquo;identification et prot\u00e9ger les donn\u00e9es contre les personnes non autoris\u00e9es. Par exemple, vous pouvez bloquer plusieurs types d&rsquo;attaques, telles que les tentatives de d\u00e9tournement de contenu des formulaires que vous remplissez dans des pages Web.<\/p>\n<p><strong>Cookies de processus<\/strong><br \/>\nLes cookies de processus aident le site Web \u00e0 fonctionner et \u00e0 fournir les services attendus par le visiteur du site Web, tels que la navigation sur des pages Web ou l&rsquo;acc\u00e8s \u00e0 des zones s\u00e9curis\u00e9es du site Web. Sans ces cookies, le site Web ne peut pas fonctionner correctement.<\/p>\n<p><strong>Cookies d&rsquo;\u00e9tat de session<\/strong><br \/>\nLes sites Web recueillent souvent des informations sur la mani\u00e8re dont les utilisateurs interagissent avec une page Web particuli\u00e8re. Cela peut inclure les pages que les utilisateurs visitent le plus fr\u00e9quemment et si les utilisateurs re\u00e7oivent des messages d&rsquo;erreur provenant de pages particuli\u00e8res. Les soi-disant \u00abcookies de session-\u00e9tat\u00bb aident \u00e0 am\u00e9liorer les services m\u00e9tier pour am\u00e9liorer l&rsquo;exp\u00e9rience de navigation de nos utilisateurs. Le blocage ou la suppression de ces cookies ne rend pas le site Web inutilisable.<\/p>\n<p><strong>Cookies publicitaires<\/strong><br \/>\nCes cookies (par exemple, des plates-formes telles que Google ou Facebook) aident le propri\u00e9taire du site Web et \/ ou les applications \u00e0 capturer \u00ab\u00a0Leads\u00a0\u00bb pour solliciter de nouveaux conseillers \/ clients \/ utilisateurs du site Web. Les donn\u00e9es collect\u00e9es sont anonymes et l&rsquo;utilisateur ne peut pas \u00eatre identifi\u00e9. Ils servent \u00e0 limiter le nombre de visionnages d&rsquo;une annonce et \u00e0 mesurer l&rsquo;efficacit\u00e9 d&rsquo;une campagne publicitaire.<\/p>\n<p><strong>Cookies d&rsquo;analyse<\/strong><br \/>\nCes cookies aident les propri\u00e9taires de sites Web et d&rsquo;applications \u00e0 comprendre l&rsquo;implication de leurs visiteurs dans leurs pages Web. Ils peuvent utiliser un ensemble de cookies pour collecter des informations et signaler des statistiques d&rsquo;utilisation de sites Web sans identifier personnellement les visiteurs individuels.<\/p>\n<p><strong>Cookies et plug-ins sociaux (boutons sociaux)<\/strong><br \/>\nCes cookies sociaux sont destin\u00e9s \u00e0 permettre aux utilisateurs de partager des pages et du contenu via des r\u00e9seaux sociaux tiers. Ils peuvent \u00e9galement cibler l&rsquo;offre publicitaire sur les r\u00e9seaux sociaux.<\/p>\n<p>Notre site utilise \u00e9galement des plug-ins ou des boutons sociaux.<\/p>\n<p>Les plugins sociaux permettent de partager des pages et du contenu sur madeirasidecartours.com sur diff\u00e9rentes plateformes sociales. Par exemple, ils permettent \u00e0 l&rsquo;utilisateur d&rsquo;aimer et de partager des informations de notre site avec leurs amis sur les r\u00e9seaux sociaux.<\/p>\n<p>Pour ce faire, les plug-ins utilisent des cookies pour suivre la navigation des utilisateurs, utilisateurs ou non de ces plateformes, et v\u00e9rifier s&rsquo;ils sont ou non connect\u00e9s au r\u00e9seau social lors de la navigation. Ces cookies vous permettent \u00e9galement de cibler les offres publicitaires sur ces plateformes.<\/p>\n<p>Pour plus d&rsquo;informations sur l&rsquo;utilisation des donn\u00e9es personnelles en relation avec les r\u00e9seaux sociaux, les politiques de confidentialit\u00e9 des r\u00e9seaux sociaux tiers peuvent \u00eatre consult\u00e9es.<\/p>\n<p>Tous les cookies ne sont conserv\u00e9s que pendant le temps strictement n\u00e9cessaire \u00e0 leur utilisation.<\/p>\n<p><strong>Configuration de l&rsquo;utilisateur pour emp\u00eacher les cookies<\/strong><br \/>\nConform\u00e9ment \u00e0 la loi applicable, nous fournissons des informations qui vous permettent de configurer votre navigateur pour g\u00e9rer et maintenir votre confidentialit\u00e9 et votre s\u00e9curit\u00e9 en ce qui concerne les cookies. Par cons\u00e9quent, nous fournissons des informations et des liens vers les sites officiels des principaux navigateurs afin que l&rsquo;utilisateur puisse d\u00e9cider d&rsquo;accepter ou non l&rsquo;utilisation des cookies.<\/p>\n<p>Les param\u00e8tres des cookies peuvent \u00eatre modifi\u00e9s dans les pr\u00e9f\u00e9rences du navigateur, en suivant les instructions dans les liens:<br \/>\n<a href=\"https:\/\/support.google.com\/chrome\/answer\/95647\">Chrome<\/a><br \/>\n<a href=\"https:\/\/support.mozilla.org\/pt-PT\/kb\/ativar-e-desativar-cookies-que-os-websites-utiliza\">Firefox<\/a><br \/>\n<a href=\"https:\/\/support.microsoft.com\/pt-pt\/help\/17442\/windows-internet-explorer-delete-manage-cookies\">Internet Explorer<\/a><br \/>\n<a href=\"https:\/\/support.apple.com\/kb\/ph21411?locale=pt_PT\">Safari<\/a><\/p>\n<p>Pour plus d&rsquo;informations sur les cookies, y compris pour savoir quels cookies ont \u00e9t\u00e9 install\u00e9s et comment ils peuvent \u00eatre g\u00e9r\u00e9s et supprim\u00e9s, vous pouvez acc\u00e9der \u00e0 www.allaboutcookies.org. Si vous ne souhaitez pas que vos visites sur site soient d\u00e9tect\u00e9es par Google Analytics, vous devez <a href=\"http:\/\/tools.google.com\/dlpage\/gaoptout\" target=\"_blank\" rel=\"noopener\">http:\/\/tools.google.com\/dlpage\/gaoptout<\/a>.<\/p>\n<p>Il est entendu que l&rsquo;utilisateur accepte l&rsquo;utilisation de cookies s&rsquo;il continue \u00e0 naviguer sur cette page sans d&rsquo;abord proc\u00e9der \u00e0 sa d\u00e9sactivation.<\/p>\n<p><strong>Derni\u00e8re mise \u00e0 jour:<\/strong> 24 mai 2018.<br \/>\n[\/et_pb_text][\/et_pb_column][et_pb_column type=\u00a0\u00bb1_3&Prime; _builder_version=\u00a0\u00bb4.16&Prime; custom_padding=\u00a0\u00bb|||\u00a0\u00bb global_colors_info=\u00a0\u00bb{}\u00a0\u00bb custom_padding__hover=\u00a0\u00bb|||\u00a0\u00bb][et_pb_cta title=\u00a0\u00bbHave A Question?\u00a0\u00bb button_url=\u00a0\u00bbhttps:\/\/madeirasidecartours.com\/contacts\/\u00a0\u00bb button_text=\u00a0\u00bbContact Us\u00a0\u00bb admin_label=\u00a0\u00bbHave A Question?\u00a0\u00bb _builder_version=\u00a0\u00bb4.16&Prime; header_font=\u00a0\u00bb|800||on|||||\u00a0\u00bb header_text_align=\u00a0\u00bbcenter\u00a0\u00bb body_font=\u00a0\u00bb||on||||||\u00a0\u00bb body_text_align=\u00a0\u00bbcenter\u00a0\u00bb use_background_color=\u00a0\u00bboff\u00a0\u00bb background_layout=\u00a0\u00bblight\u00a0\u00bb custom_css_main_element=\u00a0\u00bbpadding: 25px !important;||border: 1px solid #dadada;\u00a0\u00bb saved_tabs=\u00a0\u00bball\u00a0\u00bb global_colors_info=\u00a0\u00bb{}\u00a0\u00bb button_text_size__hover_enabled=\u00a0\u00bboff\u00a0\u00bb button_one_text_size__hover_enabled=\u00a0\u00bboff\u00a0\u00bb button_two_text_size__hover_enabled=\u00a0\u00bboff\u00a0\u00bb button_text_color__hover_enabled=\u00a0\u00bboff\u00a0\u00bb button_one_text_color__hover_enabled=\u00a0\u00bboff\u00a0\u00bb button_two_text_color__hover_enabled=\u00a0\u00bboff\u00a0\u00bb button_border_width__hover_enabled=\u00a0\u00bboff\u00a0\u00bb button_one_border_width__hover_enabled=\u00a0\u00bboff\u00a0\u00bb button_two_border_width__hover_enabled=\u00a0\u00bboff\u00a0\u00bb button_border_color__hover_enabled=\u00a0\u00bboff\u00a0\u00bb button_one_border_color__hover_enabled=\u00a0\u00bboff\u00a0\u00bb button_two_border_color__hover_enabled=\u00a0\u00bboff\u00a0\u00bb button_border_radius__hover_enabled=\u00a0\u00bboff\u00a0\u00bb button_one_border_radius__hover_enabled=\u00a0\u00bboff\u00a0\u00bb button_two_border_radius__hover_enabled=\u00a0\u00bboff\u00a0\u00bb button_letter_spacing__hover_enabled=\u00a0\u00bboff\u00a0\u00bb button_one_letter_spacing__hover_enabled=\u00a0\u00bboff\u00a0\u00bb button_two_letter_spacing__hover_enabled=\u00a0\u00bboff\u00a0\u00bb button_bg_color__hover_enabled=\u00a0\u00bboff\u00a0\u00bb button_one_bg_color__hover_enabled=\u00a0\u00bboff\u00a0\u00bb button_two_bg_color__hover_enabled=\u00a0\u00bboff\u00a0\u00bb]Send us an email at any time and we will respond!<br \/>\n[\/et_pb_cta][\/et_pb_column][\/et_pb_row][\/et_pb_section][et_pb_section fb_built=\u00a0\u00bb1&Prime; _builder_version=\u00a0\u00bb4.16&Prime; background_image=\u00a0\u00bbhttps:\/\/madeirasidecartours.com\/wp-content\/uploads\/2018\/02\/Madeirasidecartours-Ponta-Pargo_Madeira.jpg\u00a0\u00bb custom_margin=\u00a0\u00bb0px||0px|0px\u00a0\u00bb custom_padding=\u00a0\u00bb0px|0px|0px|0px\u00a0\u00bb global_colors_info=\u00a0\u00bb{}\u00a0\u00bb][et_pb_row use_custom_gutter=\u00a0\u00bbon\u00a0\u00bb gutter_width=\u00a0\u00bb1&Prime; module_class=\u00a0\u00bb et_pb_row_fullwidth\u00a0\u00bb _builder_version=\u00a0\u00bb4.16&Prime; background_color=\u00a0\u00bbrgba(0,0,0,0.35)\u00a0\u00bb width=\u00a0\u00bb100%\u00a0\u00bb width_tablet=\u00a0\u00bb100%\u00a0\u00bb width_last_edited=\u00a0\u00bbon|desktop\u00a0\u00bb max_width=\u00a0\u00bb100%\u00a0\u00bb max_width_tablet=\u00a0\u00bb100%\u00a0\u00bb max_width_last_edited=\u00a0\u00bbon|desktop\u00a0\u00bb module_alignment=\u00a0\u00bbcenter\u00a0\u00bb custom_padding=\u00a0\u00bb100px||110px|\u00a0\u00bb make_fullwidth=\u00a0\u00bbon\u00a0\u00bb global_colors_info=\u00a0\u00bb{}\u00a0\u00bb width_phone=\u00a0\u00bb100%\u00a0\u00bb max_width_phone=\u00a0\u00bb100%\u00a0\u00bb][et_pb_column type=\u00a0\u00bb4_4&Prime; _builder_version=\u00a0\u00bb4.16&Prime; custom_padding=\u00a0\u00bb|95px||95px\u00a0\u00bb custom_padding_tablet=\u00a0\u00bb|25px||25px\u00a0\u00bb custom_padding_phone=\u00a0\u00bb|10px||10px\u00a0\u00bb custom_padding_last_edited=\u00a0\u00bbon|desktop\u00a0\u00bb global_colors_info=\u00a0\u00bb{}\u00a0\u00bb custom_padding__hover=\u00a0\u00bb|||\u00a0\u00bb][et_pb_cta title=\u00a0\u00bbReady for a Ride?\u00a0\u00bb button_url=\u00a0\u00bbhttps:\/\/madeirasidecartours.com\/sidecar-tours\/\u00a0\u00bb button_text=\u00a0\u00bbBook your Tour\u00a0\u00bb admin_label=\u00a0\u00bbReady for a Ride?\u00a0\u00bb _builder_version=\u00a0\u00bb4.16&Prime; header_font=\u00a0\u00bb|700||on|||||\u00a0\u00bb header_text_align=\u00a0\u00bbcenter\u00a0\u00bb header_font_size=\u00a0\u00bb30&Prime; body_font=\u00a0\u00bb||on||||||\u00a0\u00bb body_text_align=\u00a0\u00bbcenter\u00a0\u00bb body_font_size=\u00a0\u00bb20&Prime; body_line_height=\u00a0\u00bb1.4em\u00a0\u00bb use_background_color=\u00a0\u00bboff\u00a0\u00bb custom_button=\u00a0\u00bbon\u00a0\u00bb button_text_color=\u00a0\u00bb#ffffff\u00a0\u00bb button_bg_color=\u00a0\u00bb#7a232e\u00a0\u00bb button_border_color=\u00a0\u00bb#7a232e\u00a0\u00bb button_font=\u00a0\u00bb|700||on|||||\u00a0\u00bb button_use_icon=\u00a0\u00bboff\u00a0\u00bb button_alignment=\u00a0\u00bbcenter\u00a0\u00bb header_line_height_last_edited=\u00a0\u00bboff|desktop\u00a0\u00bb custom_css_promo_button=\u00a0\u00bbpadding-top: 10px;\u00a0\u00bb custom_css_promo_title=\u00a0\u00bbpadding-bottom: 15px;\u00a0\u00bb button_text_color_hover=\u00a0\u00bb#ffffff\u00a0\u00bb button_border_color_hover=\u00a0\u00bb#7a232e\u00a0\u00bb button_bg_color_hover=\u00a0\u00bbrgba(255,255,255,0)\u00a0\u00bb global_colors_info=\u00a0\u00bb{}\u00a0\u00bb button_text_size__hover_enabled=\u00a0\u00bboff\u00a0\u00bb button_one_text_size__hover_enabled=\u00a0\u00bboff\u00a0\u00bb button_two_text_size__hover_enabled=\u00a0\u00bboff\u00a0\u00bb button_text_color__hover_enabled=\u00a0\u00bbon\u00a0\u00bb button_text_color__hover=\u00a0\u00bb#ffffff\u00a0\u00bb button_one_text_color__hover_enabled=\u00a0\u00bboff\u00a0\u00bb button_two_text_color__hover_enabled=\u00a0\u00bboff\u00a0\u00bb button_border_width__hover_enabled=\u00a0\u00bboff\u00a0\u00bb button_one_border_width__hover_enabled=\u00a0\u00bboff\u00a0\u00bb button_two_border_width__hover_enabled=\u00a0\u00bboff\u00a0\u00bb button_border_color__hover_enabled=\u00a0\u00bbon\u00a0\u00bb button_border_color__hover=\u00a0\u00bb#7a232e\u00a0\u00bb button_one_border_color__hover_enabled=\u00a0\u00bboff\u00a0\u00bb button_two_border_color__hover_enabled=\u00a0\u00bboff\u00a0\u00bb button_border_radius__hover_enabled=\u00a0\u00bboff\u00a0\u00bb button_one_border_radius__hover_enabled=\u00a0\u00bboff\u00a0\u00bb button_two_border_radius__hover_enabled=\u00a0\u00bboff\u00a0\u00bb button_letter_spacing__hover_enabled=\u00a0\u00bboff\u00a0\u00bb button_one_letter_spacing__hover_enabled=\u00a0\u00bboff\u00a0\u00bb button_two_letter_spacing__hover_enabled=\u00a0\u00bboff\u00a0\u00bb button_bg_color__hover_enabled=\u00a0\u00bbon\u00a0\u00bb button_bg_color__hover=\u00a0\u00bbrgba(255,255,255,0)\u00a0\u00bb button_one_bg_color__hover_enabled=\u00a0\u00bboff\u00a0\u00bb button_two_bg_color__hover_enabled=\u00a0\u00bboff\u00a0\u00bb][\/et_pb_cta][\/et_pb_column][\/et_pb_row][\/et_pb_section]<\/p>\n","protected":false},"excerpt":{"rendered":"<p>Cette politique de cookies fait partie int\u00e9grante de la politique de confidentialit\u00e9 de www.madeirasidecartours.com (ci-apr\u00e8s d\u00e9nomm\u00e9e \u00abMad\u00e8re sidecar tours\u00bb). L&rsquo;acc\u00e8s et la navigation sur le site, ou l&rsquo;utilisation de ses services, implique l&rsquo;acceptation des termes et conditions contenus dans la politique de confidentialit\u00e9. Afin de faciliter et de fournir une meilleure exp\u00e9rience de navigation sur [&hellip;]<\/p>\n","protected":false},"author":2,"featured_media":0,"parent":0,"menu_order":0,"comment_status":"closed","ping_status":"closed","template":"","meta":{"_et_pb_use_builder":"on","_et_pb_old_content":"","_et_gb_content_width":"","_joinchat":[],"footnotes":""},"class_list":["post-1820","page","type-page","status-publish","hentry"],"_links":{"self":[{"href":"https:\/\/madeirasidecartours.com\/fr\/wp-json\/wp\/v2\/pages\/1820","targetHints":{"allow":["GET"]}}],"collection":[{"href":"https:\/\/madeirasidecartours.com\/fr\/wp-json\/wp\/v2\/pages"}],"about":[{"href":"https:\/\/madeirasidecartours.com\/fr\/wp-json\/wp\/v2\/types\/page"}],"author":[{"embeddable":true,"href":"https:\/\/madeirasidecartours.com\/fr\/wp-json\/wp\/v2\/users\/2"}],"replies":[{"embeddable":true,"href":"https:\/\/madeirasidecartours.com\/fr\/wp-json\/wp\/v2\/comments?post=1820"}],"version-history":[{"count":6,"href":"https:\/\/madeirasidecartours.com\/fr\/wp-json\/wp\/v2\/pages\/1820\/revisions"}],"predecessor-version":[{"id":4963,"href":"https:\/\/madeirasidecartours.com\/fr\/wp-json\/wp\/v2\/pages\/1820\/revisions\/4963"}],"wp:attachment":[{"href":"https:\/\/madeirasidecartours.com\/fr\/wp-json\/wp\/v2\/media?parent=1820"}],"curies":[{"name":"wp","href":"https:\/\/api.w.org\/{rel}","templated":true}]}}