{"id":1393,"date":"2018-02-02T15:00:22","date_gmt":"2018-02-02T15:00:22","guid":{"rendered":"https:\/\/madeirasidecartours.com\/?page_id=1393"},"modified":"2025-06-06T13:33:51","modified_gmt":"2025-06-06T12:33:51","slug":"confidentialite-et-cookies","status":"publish","type":"page","link":"https:\/\/madeirasidecartours.com\/fr\/confidentialite-et-cookies\/","title":{"rendered":"Confidentialit\u00e9 et Cookies"},"content":{"rendered":"<p>[et_pb_section fb_built=\u00a0\u00bb1&Prime; fullwidth=\u00a0\u00bbon\u00a0\u00bb _builder_version=\u00a0\u00bb4.16&Prime; background_image=\u00a0\u00bbhttps:\/\/madeirasidecartours.com\/wp-content\/uploads\/2018\/01\/madeira-sidecar-tours-tema-1200-v2.jpg\u00a0\u00bb custom_padding=\u00a0\u00bb40px||40px|\u00a0\u00bb global_colors_info=\u00a0\u00bb{}\u00a0\u00bb][et_pb_fullwidth_header title=\u00a0\u00bbConfidentialit\u00e9 et Cookies\u00a0\u00bb admin_label=\u00a0\u00bbConfidentialit\u00e9 et Cookies\u00a0\u00bb _builder_version=\u00a0\u00bb4.16&Prime; title_font=\u00a0\u00bb|700||on|||||\u00a0\u00bb title_text_color=\u00a0\u00bb#ffffff\u00a0\u00bb background_color=\u00a0\u00bbrgba(255, 255, 255, 0)\u00a0\u00bb background_layout=\u00a0\u00bblight\u00a0\u00bb custom_css_title=\u00a0\u00bbtext-shadow: 1px 1px 2px #000;\u00a0\u00bb global_colors_info=\u00a0\u00bb{}\u00a0\u00bb button_one_text_size__hover_enabled=\u00a0\u00bboff\u00a0\u00bb button_two_text_size__hover_enabled=\u00a0\u00bboff\u00a0\u00bb button_one_text_color__hover_enabled=\u00a0\u00bboff\u00a0\u00bb button_two_text_color__hover_enabled=\u00a0\u00bboff\u00a0\u00bb button_one_border_width__hover_enabled=\u00a0\u00bboff\u00a0\u00bb button_two_border_width__hover_enabled=\u00a0\u00bboff\u00a0\u00bb button_one_border_color__hover_enabled=\u00a0\u00bboff\u00a0\u00bb button_two_border_color__hover_enabled=\u00a0\u00bboff\u00a0\u00bb button_one_border_radius__hover_enabled=\u00a0\u00bboff\u00a0\u00bb button_two_border_radius__hover_enabled=\u00a0\u00bboff\u00a0\u00bb button_one_letter_spacing__hover_enabled=\u00a0\u00bboff\u00a0\u00bb button_two_letter_spacing__hover_enabled=\u00a0\u00bboff\u00a0\u00bb button_one_bg_color__hover_enabled=\u00a0\u00bboff\u00a0\u00bb button_two_bg_color__hover_enabled=\u00a0\u00bboff\u00a0\u00bb][\/et_pb_fullwidth_header][\/et_pb_section][et_pb_section fb_built=\u00a0\u00bb1&Prime; _builder_version=\u00a0\u00bb4.16&Prime; global_colors_info=\u00a0\u00bb{}\u00a0\u00bb][et_pb_row _builder_version=\u00a0\u00bb4.16&Prime; background_size=\u00a0\u00bbinitial\u00a0\u00bb background_position=\u00a0\u00bbtop_left\u00a0\u00bb background_repeat=\u00a0\u00bbrepeat\u00a0\u00bb global_colors_info=\u00a0\u00bb{}\u00a0\u00bb column_structure=\u00a0\u00bb2_3,1_3&Prime;][et_pb_column type=\u00a0\u00bb2_3&Prime; _builder_version=\u00a0\u00bb4.16&Prime; custom_padding=\u00a0\u00bb|||\u00a0\u00bb global_colors_info=\u00a0\u00bb{}\u00a0\u00bb custom_padding__hover=\u00a0\u00bb|||\u00a0\u00bb][et_pb_text _builder_version=\u00a0\u00bb4.16&Prime; text_orientation=\u00a0\u00bbjustified\u00a0\u00bb global_colors_info=\u00a0\u00bb{}\u00a0\u00bb]La soci\u00e9t\u00e9 <strong>Madeira Sidecar Tours<\/strong> entit\u00e9 responsable de <a href=\"https:\/\/madeirasidecartours.com\/fr\/\">madeirasidecartours.com<\/a> valorise la vie priv\u00e9e de ses membres et dans ce sens s&rsquo;engage \u00e0 le respecter, en assurant la confidentialit\u00e9 et la protection des donn\u00e9es enregistr\u00e9es par les utilisateurs.<\/p>\n<p>Cette d\u00e9claration de confidentialit\u00e9 est destin\u00e9e \u00e0 fournir aux utilisateurs les conditions de s\u00e9curit\u00e9 et de confidentialit\u00e9, et seules les donn\u00e9es n\u00e9cessaires \u00e0 la fourniture du service sont demand\u00e9es et collect\u00e9es, selon les indications explicites sur le site. Vous \u00eates libre d&rsquo;acc\u00e9der, de corriger ou de supprimer vos donn\u00e9es.<\/p>\n<p>Nous assumons les engagements suivants avec les utilisateurs:<\/p>\n<ul>\n<li>Traiter les donn\u00e9es de mani\u00e8re l\u00e9gale et \u00e9quitable, en recueillant uniquement les informations n\u00e9cessaires et pertinentes \u00e0 l&rsquo;objectif pour lequel elles sont destin\u00e9es.<\/li>\n<li>Autoriser l&rsquo;acc\u00e8s \u00e0 la personne concern\u00e9e et corriger certaines informations le concernant.<\/li>\n<li>Gardez les donn\u00e9es exactes et, si n\u00e9cessaire, \u00e0 jour.<\/li>\n<li>Garantir gratuitement le droit de supprimer les donn\u00e9es utilis\u00e9es lorsque requis par le titulaire.<\/li>\n<li>Poss\u00e9der des m\u00e9canismes de s\u00e9curit\u00e9 qui emp\u00eachent la consultation, la modification, la destruction ou l&rsquo;ajout des donn\u00e9es par une personne non autoris\u00e9e \u00e0 le faire.<\/li>\n<li>Ne pas effectuer l&rsquo;interconnexion des donn\u00e9es personnelles, sauf autorisation l\u00e9gale.<\/li>\n<\/ul>\n<p><strong>1. IDENTIFICATION DE LA PERSONNE RESPONSABLE DU TRAITEMENT<\/strong><\/p>\n<ul>\n<li>Compagnie: Madeira Sidecar Tours<\/li>\n<li>Email:\u00a0<a href=\"mailto:data.protection@madeirasidecartours.com\">data.protection@madeirasidecartours.com<\/a><\/li>\n<\/ul>\n<p><strong>2. INFORMATION ET CONSENTEMENT<\/strong><br \/>\nLe r\u00e8glement g\u00e9n\u00e9ral sur la protection des donn\u00e9es (GDPR &#8211; R\u00e8glement (UE) 2016\/679 du Parlement europ\u00e9en et du Conseil du 27 avril 2016, ci-apr\u00e8s \u00ab\u00a0GDPR\u00a0\u00bb) garantit la protection des personnes physiques en ce qui concerne le traitement des mouvement de ces donn\u00e9es.<\/p>\n<p>En termes juridiques, les \u00abdonn\u00e9es personnelles\u00bb d\u00e9signent toute information de quelque nature et ind\u00e9pendamment de son support, y compris le son et l&rsquo;image, concernant une personne physique identifi\u00e9e ou identifiable, et la protection ne couvre pas les donn\u00e9es des personnes morales.<\/p>\n<p>En acceptant cette politique de confidentialit\u00e9, vous donnez votre consentement \u00e9clair\u00e9, express, libre et sans ambigu\u00eft\u00e9 aux donn\u00e9es personnelles fournies via le site https:\/\/madeirasidecartours.com\/ pour \u00eatre incluses dans un fichier sous la responsabilit\u00e9 de Madeira Sidecar Tours, dont le traitement en vertu du Le GDRP doit \u00eatre conforme aux mesures de s\u00e9curit\u00e9 techniques et organisationnelles appropri\u00e9es.<\/p>\n<p>Madeira Sidecar Tours maintient une base de donn\u00e9es avec la demande de r\u00e9servation de ses clients. Les donn\u00e9es pr\u00e9sentes dans cette base de donn\u00e9es sont uniquement les donn\u00e9es fournies par les donn\u00e9es au moment de son enregistrement \/ r\u00e9servation, et sont automatiquement collect\u00e9es et trait\u00e9es, selon les termes approuv\u00e9s par la Commission nationale de protection des donn\u00e9es, par Madeira Sidecar Tours, l&rsquo;entit\u00e9 responsable pour le fichier correspondant.<\/p>\n<p>Les informations sur les convictions philosophiques ou politiques, l&rsquo;appartenance \u00e0 un parti ou \u00e0 un syndicat, les croyances religieuses, la vie priv\u00e9e et l&rsquo;origine raciale ou ethnique, ainsi que les donn\u00e9es sur la sant\u00e9 et la vie sexuelle, y compris les donn\u00e9es g\u00e9n\u00e9tiques, ne seront pas sollicit\u00e9es.<\/p>\n<p>En aucun cas, nous ne pouvons effectuer les activit\u00e9s suivantes avec les donn\u00e9es personnelles qui nous sont fournies via ce site:<\/p>\n<ul>\n<li>Subvention \u00e0 d&rsquo;autres personnes ou \u00e0 d&rsquo;autres entit\u00e9s, sans le consentement pr\u00e9alable de la personne concern\u00e9e;<\/li>\n<\/ul>\n<p><strong>3. OBJECTIFS DU TRAITEMENT DES DONN\u00c9ES PERSONNELLES<\/strong><br \/>\nLes donn\u00e9es personnelles que nous traitons \u00e0 travers cette page ne seront utilis\u00e9es qu&rsquo;aux fins suivantes:<\/p>\n<ul>\n<li>(i) traitement des commandes;<\/li>\n<li>(ii) Communication avec les clients et clarification des doutes;<\/li>\n<li>(iii) traitement des demandes d&rsquo;informations;<\/li>\n<li>(iv) traitement des plaintes;<\/li>\n<li>(v) les activit\u00e9s d&rsquo;analyse statistique;<\/li>\n<li>(vi) v\u00e9rifier, maintenir et d\u00e9velopper des syst\u00e8mes statistiques et des analyses;<\/li>\n<li>(vii) communications de marketing direct (si vous avez consenti au traitement de vos donn\u00e9es personnelles \u00e0 cette fin);<\/li>\n<li>(viii) Pr\u00e9venir et combattre la fraude;<\/li>\n<li>(ix) Demander des commentaires sur les produits ou services achet\u00e9s (si vous avez consenti au traitement de vos donn\u00e9es personnelles \u00e0 cette fin);<\/li>\n<li>(x) R\u00e9alisation d&rsquo;enqu\u00eates de satisfaction (si vous avez consenti au traitement de vos donn\u00e9es personnelles \u00e0 cette fin).<\/li>\n<\/ul>\n<p>Madeira Sidecar Tours garantir la confidentialit\u00e9 de toutes les donn\u00e9es fournies par ses clients. Bien que Madeira Sidecar Tours collecte et traite les donn\u00e9es de mani\u00e8re s\u00e9curis\u00e9e et emp\u00eache leur perte ou manipulation, en utilisant les techniques les plus avanc\u00e9es \u00e0 cet effet, nous vous informons que la collecte en r\u00e9seau ouvert permet la circulation des donn\u00e9es personnelles sans conditions de s\u00e9curit\u00e9, au risque d&rsquo;\u00eatre vu et utilis\u00e9 par des tiers non autoris\u00e9s.<\/p>\n<p>Le site de Mad\u00e8re Sidecar Tours dispose d&rsquo;un formulaire de contact dans lequel les utilisateurs peuvent poser des questions et ainsi profiter au mieux de toute l&rsquo;offre de Mad\u00e8re Sidecar Tours. Si les utilisateurs fournissent des donn\u00e9es personnelles \u00e0 Madeira Sidecar Tours via le formulaire de contact ou le formulaire de r\u00e9servation, ils ne seront pas utilis\u00e9s \u00e0 d&rsquo;autres fins que celles demand\u00e9es par l&rsquo;utilisateur.<\/p>\n<p>D&rsquo;autre part, l&rsquo;utilisateur consent \u00e0 l&rsquo;information sur le service contract\u00e9 avec Madeira Sidecar Tours afin d&rsquo;offrir des services suppl\u00e9mentaires \u00e0 l&rsquo;entrepreneur.<\/p>\n<p>Au moment de la collecte des donn\u00e9es personnelles, sauf dans les domaines o\u00f9 le contraire est indiqu\u00e9, l&rsquo;utilisateur peut volontairement mettre \u00e0 disposition des donn\u00e9es personnelles, sans l&rsquo;absence de r\u00e9ponse impliquant une diminution de la qualit\u00e9 ou de la quantit\u00e9 des services correspondants (sauf indication contraire ). Cependant, l&rsquo;absence de r\u00e9ponse aux donn\u00e9es, consid\u00e9r\u00e9e comme obligatoire, signifie qu&rsquo;il est impossible d&rsquo;acc\u00e9der au service pour lequel les donn\u00e9es ont \u00e9t\u00e9 demand\u00e9es.<\/p>\n<p>Si vous n&rsquo;acceptez pas les conditions ci-dessus, Madeira Sidecar Tours ne peut pas vous contacter via son site web.<\/p>\n<p><strong>4. AFFECTATION DE DONN\u00c9ES PERSONNELLES<\/strong><br \/>\nAfin de se conformer \u00e0 l&rsquo;objectif de ce site, Madeira Sidecar Tours peut transf\u00e9rer ses donn\u00e9es personnelles \u00e0 d&rsquo;autres entit\u00e9s, qui les traiteront, aux fins suivantes:<\/p>\n<ul>\n<li>Activit\u00e9s de gestion et de traitement des paiements;<\/li>\n<li>Activit\u00e9s de traitement et d&rsquo;exp\u00e9dition;<\/li>\n<li>Fourniture de services contract\u00e9s.<\/li>\n<\/ul>\n<p>Les entit\u00e9s auxquelles Mad\u00e8re Sidecar Tours attribuera ses donn\u00e9es personnelles pour les traiter dans les termes susmentionn\u00e9s auront la nature suivante:<\/p>\n<ul>\n<li>Les compagnies d&rsquo;assurance;<\/li>\n<li>Les tiers li\u00e9s \u00e0 la fourniture de services contract\u00e9s;<\/li>\n<li>Entit\u00e9s de gestion et de traitement des paiements;<\/li>\n<\/ul>\n<p><strong>5. STOCKER VOS DONN\u00c9ES PERSONNELLES<\/strong><br \/>\nLes donn\u00e9es collect\u00e9es par Madeira Sidecar Tours peuvent \u00eatre transf\u00e9r\u00e9es et stock\u00e9es \u00e0 l&rsquo;ext\u00e9rieur de l&rsquo;Espace \u00e9conomique europ\u00e9en (EEE). En soumettant vos donn\u00e9es personnelles, vous acceptez ce transfert, ce stockage ou ce traitement.<\/p>\n<p>Toutes les informations fournies \u00e0 Madeira Sidecar Tours sont stock\u00e9es en toute s\u00e9curit\u00e9 sur nos serveurs et \/ ou serveurs de nos fournisseurs de services, qui peuvent \u00eatre situ\u00e9s dans des pays en dehors de l&rsquo;Espace \u00e9conomique europ\u00e9en (EEE). Nous prenons toutes les mesures raisonnables pour nous assurer que vos donn\u00e9es sont trait\u00e9es en toute s\u00e9curit\u00e9 et conform\u00e9ment \u00e0 cette politique de confidentialit\u00e9.<\/p>\n<p><strong>6. COMMUNICATIONS COMMERCIALES ET PROMOTIONNELLES<\/strong><br \/>\nL&rsquo;un des objectifs pour lesquels nous traitons les donn\u00e9es personnelles fournies par les utilisateurs est d&rsquo;envoyer des communications \u00e9lectroniques avec des informations relatives aux communications COMMERCIALES et PROMOTIONNELLES.<\/p>\n<p>Chaque fois que nous faisons une communication de ce type, elle sera exclusivement adress\u00e9e aux utilisateurs qui les ont pr\u00e9alablement autoris\u00e9s express\u00e9ment.<\/p>\n<p>Conform\u00e9ment aux dispositions du d\u00e9cret-loi no. 7\/2004 du 7 janvier, dans le cas o\u00f9 vous souhaitez cesser de recevoir des communications commerciales ou promotionnelles de Madeira Sidecar Tours, vous pouvez demander l&rsquo;opposition du service en envoyant un e-mail \u00e0 personnel\u00a0<a href=\"mailto:data.protection@madeirasidecartours.com\">data.protection@madeirasidecartours.com<\/a><\/p>\n<p><strong>7. EXERCICE DES DROITS<\/strong><br \/>\nConform\u00e9ment au R\u00e8glement g\u00e9n\u00e9ral sur la protection des donn\u00e9es (GDPR), vous pouvez exercer vos droits d&rsquo;acc\u00e8s, de rectification, d&rsquo;effacement, de limitation, d&rsquo;opposition et de portabilit\u00e9 \u00e0 tout moment sur demande par l&rsquo;un des moyens suivants:<\/p>\n<ul>\n<li>E-mail:\u00a0<a href=\"mailto:data.protection@madeirasidecartours.com\">data.protection@madeirasidecartours.com<\/a><\/li>\n<\/ul>\n<p>Si vous souhaitez cesser de faire partie de la base de donn\u00e9es Madeira Sidecar Tours \u00e0 tout moment, vous pouvez exercer ce droit via ces contacts.<\/p>\n<p><strong>Derni\u00e8re mise \u00e0 jour:<\/strong>\u00a025 mai 2018<br \/>\n[\/et_pb_text][\/et_pb_column][et_pb_column type=\u00a0\u00bb1_3&Prime; _builder_version=\u00a0\u00bb4.16&Prime; custom_padding=\u00a0\u00bb|||\u00a0\u00bb global_colors_info=\u00a0\u00bb{}\u00a0\u00bb custom_padding__hover=\u00a0\u00bb|||\u00a0\u00bb][et_pb_cta title=\u00a0\u00bbAVOIR UNE QUESTION?\u00a0\u00bb button_url=\u00a0\u00bbhttps:\/\/madeirasidecartours.com\/fr\/contacts\/\u00a0\u00bb button_text=\u00a0\u00bbCONTACTEZ NOUS\u00a0\u00bb admin_label=\u00a0\u00bbAVOIR UNE QUESTION?\u00a0\u00bb _builder_version=\u00a0\u00bb4.16&Prime; header_font=\u00a0\u00bb|800||on|||||\u00a0\u00bb header_text_align=\u00a0\u00bbcenter\u00a0\u00bb body_font=\u00a0\u00bb||on||||||\u00a0\u00bb body_text_align=\u00a0\u00bbcenter\u00a0\u00bb use_background_color=\u00a0\u00bboff\u00a0\u00bb background_layout=\u00a0\u00bblight\u00a0\u00bb custom_css_main_element=\u00a0\u00bbpadding: 25px !important;||border: 1px solid #dadada;\u00a0\u00bb global_colors_info=\u00a0\u00bb{}\u00a0\u00bb button_text_size__hover_enabled=\u00a0\u00bboff\u00a0\u00bb button_one_text_size__hover_enabled=\u00a0\u00bboff\u00a0\u00bb button_two_text_size__hover_enabled=\u00a0\u00bboff\u00a0\u00bb button_text_color__hover_enabled=\u00a0\u00bboff\u00a0\u00bb button_one_text_color__hover_enabled=\u00a0\u00bboff\u00a0\u00bb button_two_text_color__hover_enabled=\u00a0\u00bboff\u00a0\u00bb button_border_width__hover_enabled=\u00a0\u00bboff\u00a0\u00bb button_one_border_width__hover_enabled=\u00a0\u00bboff\u00a0\u00bb button_two_border_width__hover_enabled=\u00a0\u00bboff\u00a0\u00bb button_border_color__hover_enabled=\u00a0\u00bboff\u00a0\u00bb button_one_border_color__hover_enabled=\u00a0\u00bboff\u00a0\u00bb button_two_border_color__hover_enabled=\u00a0\u00bboff\u00a0\u00bb button_border_radius__hover_enabled=\u00a0\u00bboff\u00a0\u00bb button_one_border_radius__hover_enabled=\u00a0\u00bboff\u00a0\u00bb button_two_border_radius__hover_enabled=\u00a0\u00bboff\u00a0\u00bb button_letter_spacing__hover_enabled=\u00a0\u00bboff\u00a0\u00bb button_one_letter_spacing__hover_enabled=\u00a0\u00bboff\u00a0\u00bb button_two_letter_spacing__hover_enabled=\u00a0\u00bboff\u00a0\u00bb button_bg_color__hover_enabled=\u00a0\u00bboff\u00a0\u00bb button_one_bg_color__hover_enabled=\u00a0\u00bboff\u00a0\u00bb button_two_bg_color__hover_enabled=\u00a0\u00bboff\u00a0\u00bb]Envoyez-nous un email \u00e0 tout moment et nous vous r\u00e9pondrons!<br \/>\n[\/et_pb_cta][\/et_pb_column][\/et_pb_row][\/et_pb_section][et_pb_section fb_built=\u00a0\u00bb1&Prime; _builder_version=\u00a0\u00bb4.16&Prime; background_image=\u00a0\u00bbhttps:\/\/madeirasidecartours.com\/wp-content\/uploads\/2017\/12\/Madeirasidecartours-Ponta-Pargo_Madeira.jpg\u00a0\u00bb custom_margin=\u00a0\u00bb0px||0px|0px\u00a0\u00bb custom_padding=\u00a0\u00bb0px|0px|0px|0px\u00a0\u00bb global_colors_info=\u00a0\u00bb{}\u00a0\u00bb][et_pb_row use_custom_gutter=\u00a0\u00bbon\u00a0\u00bb gutter_width=\u00a0\u00bb1&Prime; module_class=\u00a0\u00bb et_pb_row_fullwidth\u00a0\u00bb _builder_version=\u00a0\u00bb4.16&Prime; background_color=\u00a0\u00bbrgba(0,0,0,0.35)\u00a0\u00bb width=\u00a0\u00bb100%\u00a0\u00bb width_tablet=\u00a0\u00bb100%\u00a0\u00bb width_last_edited=\u00a0\u00bbon|desktop\u00a0\u00bb max_width=\u00a0\u00bb100%\u00a0\u00bb max_width_tablet=\u00a0\u00bb100%\u00a0\u00bb max_width_last_edited=\u00a0\u00bbon|desktop\u00a0\u00bb module_alignment=\u00a0\u00bbcenter\u00a0\u00bb custom_padding=\u00a0\u00bb100px||110px|\u00a0\u00bb make_fullwidth=\u00a0\u00bbon\u00a0\u00bb global_colors_info=\u00a0\u00bb{}\u00a0\u00bb width_phone=\u00a0\u00bb100%\u00a0\u00bb max_width_phone=\u00a0\u00bb100%\u00a0\u00bb][et_pb_column type=\u00a0\u00bb4_4&Prime; _builder_version=\u00a0\u00bb4.16&Prime; custom_padding=\u00a0\u00bb|95px||95px\u00a0\u00bb custom_padding_tablet=\u00a0\u00bb|25px||25px\u00a0\u00bb custom_padding_phone=\u00a0\u00bb|10px||10px\u00a0\u00bb custom_padding_last_edited=\u00a0\u00bbon|desktop\u00a0\u00bb global_colors_info=\u00a0\u00bb{}\u00a0\u00bb custom_padding__hover=\u00a0\u00bb|||\u00a0\u00bb][et_pb_cta title=\u00a0\u00bbPR\u00caT POUR UN TOUR?\u00a0\u00bb button_url=\u00a0\u00bbhttps:\/\/madeirasidecartours.com\/fr\/sidecar-tours\/\u00a0\u00bb button_text=\u00a0\u00bbR\u00c9SERVEZ VOTRE VISITE\u00a0\u00bb admin_label=\u00a0\u00bbPR\u00caT POUR UN TOUR?\u00a0\u00bb _builder_version=\u00a0\u00bb4.16&Prime; header_font=\u00a0\u00bb|700||on|||||\u00a0\u00bb header_text_align=\u00a0\u00bbcenter\u00a0\u00bb header_font_size=\u00a0\u00bb30&Prime; body_font=\u00a0\u00bb||on||||||\u00a0\u00bb body_text_align=\u00a0\u00bbcenter\u00a0\u00bb body_font_size=\u00a0\u00bb20&Prime; body_line_height=\u00a0\u00bb1.4em\u00a0\u00bb use_background_color=\u00a0\u00bboff\u00a0\u00bb custom_button=\u00a0\u00bbon\u00a0\u00bb button_text_color=\u00a0\u00bb#ffffff\u00a0\u00bb button_bg_color=\u00a0\u00bb#7a232e\u00a0\u00bb button_border_color=\u00a0\u00bb#7a232e\u00a0\u00bb button_font=\u00a0\u00bb|700||on|||||\u00a0\u00bb button_use_icon=\u00a0\u00bboff\u00a0\u00bb button_alignment=\u00a0\u00bbcenter\u00a0\u00bb header_line_height_last_edited=\u00a0\u00bboff|desktop\u00a0\u00bb custom_css_promo_button=\u00a0\u00bbpadding-top: 10px;\u00a0\u00bb custom_css_promo_title=\u00a0\u00bbpadding-bottom: 15px;\u00a0\u00bb button_text_color_hover=\u00a0\u00bb#ffffff\u00a0\u00bb button_border_color_hover=\u00a0\u00bb#7a232e\u00a0\u00bb button_bg_color_hover=\u00a0\u00bbrgba(255,255,255,0)\u00a0\u00bb global_colors_info=\u00a0\u00bb{}\u00a0\u00bb button_text_size__hover_enabled=\u00a0\u00bboff\u00a0\u00bb button_one_text_size__hover_enabled=\u00a0\u00bboff\u00a0\u00bb button_two_text_size__hover_enabled=\u00a0\u00bboff\u00a0\u00bb button_text_color__hover_enabled=\u00a0\u00bbon\u00a0\u00bb button_text_color__hover=\u00a0\u00bb#ffffff\u00a0\u00bb button_one_text_color__hover_enabled=\u00a0\u00bboff\u00a0\u00bb button_two_text_color__hover_enabled=\u00a0\u00bboff\u00a0\u00bb button_border_width__hover_enabled=\u00a0\u00bboff\u00a0\u00bb button_one_border_width__hover_enabled=\u00a0\u00bboff\u00a0\u00bb button_two_border_width__hover_enabled=\u00a0\u00bboff\u00a0\u00bb button_border_color__hover_enabled=\u00a0\u00bbon\u00a0\u00bb button_border_color__hover=\u00a0\u00bb#7a232e\u00a0\u00bb button_one_border_color__hover_enabled=\u00a0\u00bboff\u00a0\u00bb button_two_border_color__hover_enabled=\u00a0\u00bboff\u00a0\u00bb button_border_radius__hover_enabled=\u00a0\u00bboff\u00a0\u00bb button_one_border_radius__hover_enabled=\u00a0\u00bboff\u00a0\u00bb button_two_border_radius__hover_enabled=\u00a0\u00bboff\u00a0\u00bb button_letter_spacing__hover_enabled=\u00a0\u00bboff\u00a0\u00bb button_one_letter_spacing__hover_enabled=\u00a0\u00bboff\u00a0\u00bb button_two_letter_spacing__hover_enabled=\u00a0\u00bboff\u00a0\u00bb button_bg_color__hover_enabled=\u00a0\u00bbon\u00a0\u00bb button_bg_color__hover=\u00a0\u00bbrgba(255,255,255,0)\u00a0\u00bb button_one_bg_color__hover_enabled=\u00a0\u00bboff\u00a0\u00bb button_two_bg_color__hover_enabled=\u00a0\u00bboff\u00a0\u00bb][\/et_pb_cta][\/et_pb_column][\/et_pb_row][\/et_pb_section]<\/p>\n","protected":false},"excerpt":{"rendered":"<p>La soci\u00e9t\u00e9 Madeira Sidecar Tours entit\u00e9 responsable de madeirasidecartours.com valorise la vie priv\u00e9e de ses membres et dans ce sens s&rsquo;engage \u00e0 le respecter, en assurant la confidentialit\u00e9 et la protection des donn\u00e9es enregistr\u00e9es par les utilisateurs. Cette d\u00e9claration de confidentialit\u00e9 est destin\u00e9e \u00e0 fournir aux utilisateurs les conditions de s\u00e9curit\u00e9 et de confidentialit\u00e9, et [&hellip;]<\/p>\n","protected":false},"author":2,"featured_media":1922,"parent":0,"menu_order":0,"comment_status":"closed","ping_status":"closed","template":"","meta":{"_et_pb_use_builder":"on","_et_pb_old_content":"","_et_gb_content_width":"","_joinchat":[],"footnotes":""},"class_list":["post-1393","page","type-page","status-publish","has-post-thumbnail","hentry"],"_links":{"self":[{"href":"https:\/\/madeirasidecartours.com\/fr\/wp-json\/wp\/v2\/pages\/1393","targetHints":{"allow":["GET"]}}],"collection":[{"href":"https:\/\/madeirasidecartours.com\/fr\/wp-json\/wp\/v2\/pages"}],"about":[{"href":"https:\/\/madeirasidecartours.com\/fr\/wp-json\/wp\/v2\/types\/page"}],"author":[{"embeddable":true,"href":"https:\/\/madeirasidecartours.com\/fr\/wp-json\/wp\/v2\/users\/2"}],"replies":[{"embeddable":true,"href":"https:\/\/madeirasidecartours.com\/fr\/wp-json\/wp\/v2\/comments?post=1393"}],"version-history":[{"count":8,"href":"https:\/\/madeirasidecartours.com\/fr\/wp-json\/wp\/v2\/pages\/1393\/revisions"}],"predecessor-version":[{"id":4956,"href":"https:\/\/madeirasidecartours.com\/fr\/wp-json\/wp\/v2\/pages\/1393\/revisions\/4956"}],"wp:featuredmedia":[{"embeddable":true,"href":"https:\/\/madeirasidecartours.com\/fr\/wp-json\/wp\/v2\/media\/1922"}],"wp:attachment":[{"href":"https:\/\/madeirasidecartours.com\/fr\/wp-json\/wp\/v2\/media?parent=1393"}],"curies":[{"name":"wp","href":"https:\/\/api.w.org\/{rel}","templated":true}]}}