{"id":1266,"date":"2018-01-30T15:10:07","date_gmt":"2018-01-30T15:10:07","guid":{"rendered":"https:\/\/madeirasidecartours.com\/?page_id=1266"},"modified":"2025-04-30T13:54:30","modified_gmt":"2025-04-30T12:54:30","slug":"questions-les-plus-frequentes","status":"publish","type":"page","link":"https:\/\/madeirasidecartours.com\/fr\/questions-les-plus-frequentes\/","title":{"rendered":"Questions les plus fr\u00e9quentes"},"content":{"rendered":"<p>[et_pb_section fb_built=\u00a0\u00bb1&Prime; fullwidth=\u00a0\u00bbon\u00a0\u00bb _builder_version=\u00a0\u00bb4.16&Prime; background_image=\u00a0\u00bbhttps:\/\/madeirasidecartours.com\/wp-content\/uploads\/2018\/01\/madeira-sidecar-tours-tema-1200-v2.jpg\u00a0\u00bb custom_padding=\u00a0\u00bb40px||40px|\u00a0\u00bb global_colors_info=\u00a0\u00bb{}\u00a0\u00bb][et_pb_fullwidth_header title=\u00a0\u00bbQuestions fr\u00e9quemment pos\u00e9es\u00a0\u00bb _builder_version=\u00a0\u00bb4.16&Prime; title_font=\u00a0\u00bb|700||on|||||\u00a0\u00bb title_text_color=\u00a0\u00bb#ffffff\u00a0\u00bb background_color=\u00a0\u00bbrgba(255, 255, 255, 0)\u00a0\u00bb background_layout=\u00a0\u00bblight\u00a0\u00bb custom_css_title=\u00a0\u00bbtext-shadow: 1px 1px 2px #000;\u00a0\u00bb global_colors_info=\u00a0\u00bb{}\u00a0\u00bb button_one_text_size__hover_enabled=\u00a0\u00bboff\u00a0\u00bb button_two_text_size__hover_enabled=\u00a0\u00bboff\u00a0\u00bb button_one_text_color__hover_enabled=\u00a0\u00bboff\u00a0\u00bb button_two_text_color__hover_enabled=\u00a0\u00bboff\u00a0\u00bb button_one_border_width__hover_enabled=\u00a0\u00bboff\u00a0\u00bb button_two_border_width__hover_enabled=\u00a0\u00bboff\u00a0\u00bb button_one_border_color__hover_enabled=\u00a0\u00bboff\u00a0\u00bb button_two_border_color__hover_enabled=\u00a0\u00bboff\u00a0\u00bb button_one_border_radius__hover_enabled=\u00a0\u00bboff\u00a0\u00bb button_two_border_radius__hover_enabled=\u00a0\u00bboff\u00a0\u00bb button_one_letter_spacing__hover_enabled=\u00a0\u00bboff\u00a0\u00bb button_two_letter_spacing__hover_enabled=\u00a0\u00bboff\u00a0\u00bb button_one_bg_color__hover_enabled=\u00a0\u00bboff\u00a0\u00bb button_two_bg_color__hover_enabled=\u00a0\u00bboff\u00a0\u00bb][\/et_pb_fullwidth_header][\/et_pb_section][et_pb_section fb_built=\u00a0\u00bb1&Prime; _builder_version=\u00a0\u00bb4.16&Prime; global_colors_info=\u00a0\u00bb{}\u00a0\u00bb][et_pb_row module_class=\u00a0\u00bb et_pb_row_fullwidth\u00a0\u00bb _builder_version=\u00a0\u00bb4.16&Prime; width=\u00a0\u00bb89%\u00a0\u00bb width_tablet=\u00a0\u00bb80%\u00a0\u00bb width_last_edited=\u00a0\u00bbon|desktop\u00a0\u00bb max_width=\u00a0\u00bb89%\u00a0\u00bb max_width_tablet=\u00a0\u00bb80%\u00a0\u00bb max_width_last_edited=\u00a0\u00bbon|desktop\u00a0\u00bb make_fullwidth=\u00a0\u00bbon\u00a0\u00bb global_colors_info=\u00a0\u00bb{}\u00a0\u00bb column_structure=\u00a0\u00bb2_3,1_3&Prime; width_phone=\u00a0\u00bb80%\u00a0\u00bb max_width_phone=\u00a0\u00bb80%\u00a0\u00bb][et_pb_column type=\u00a0\u00bb2_3&Prime; _builder_version=\u00a0\u00bb4.16&Prime; custom_padding=\u00a0\u00bb|||\u00a0\u00bb global_colors_info=\u00a0\u00bb{}\u00a0\u00bb custom_padding__hover=\u00a0\u00bb|||\u00a0\u00bb][et_pb_text admin_label=\u00a0\u00bbThe tour package\u00a0\u00bb _builder_version=\u00a0\u00bb4.16&Prime; header_2_font=\u00a0\u00bb|600||on|||||\u00a0\u00bb text_orientation=\u00a0\u00bbjustified\u00a0\u00bb saved_tabs=\u00a0\u00bball\u00a0\u00bb global_colors_info=\u00a0\u00bb{}\u00a0\u00bb]<\/p>\n<h2 style=\"font-size: 20px; border: 1px solid #efefef; padding: 15px !important;\">Questions courantes<\/h2>\n<p>[\/et_pb_text][et_pb_text _builder_version=\u00a0\u00bb4.16&Prime; text_line_height=\u00a0\u00bb1.4em\u00a0\u00bb text_orientation=\u00a0\u00bbjustified\u00a0\u00bb global_colors_info=\u00a0\u00bb{}\u00a0\u00bb]<\/p>\n<p>Jetez un \u0153il aux questions les plus courantes que nous recevons de nos utilisateurs\/clients. Avant de nous contacter, prenez un peu de votre temps pour voir si vous trouvez la r\u00e9ponse \u00e0 votre doute ou \u00e0 votre question concernant notre service.<\/p>\n<p>[\/et_pb_text][\/et_pb_column][et_pb_column type=\u00a0\u00bb1_3&Prime; _builder_version=\u00a0\u00bb4.16&Prime; custom_padding=\u00a0\u00bb|||\u00a0\u00bb global_colors_info=\u00a0\u00bb{}\u00a0\u00bb custom_padding__hover=\u00a0\u00bb|||\u00a0\u00bb][et_pb_cta title=\u00a0\u00bbAvoir une question?\u00a0\u00bb button_url=\u00a0\u00bbhttps:\/\/madeirasidecartours.com\/fr\/contacts\/\u00a0\u00bb button_text=\u00a0\u00bbContactez-nous\u00a0\u00bb admin_label=\u00a0\u00bbAvoir une question?\u00a0\u00bb _builder_version=\u00a0\u00bb3.16&Prime; header_font=\u00a0\u00bb|800||on|||||\u00a0\u00bb header_text_align=\u00a0\u00bbcenter\u00a0\u00bb body_font=\u00a0\u00bb||on||||||\u00a0\u00bb body_text_align=\u00a0\u00bbcenter\u00a0\u00bb use_background_color=\u00a0\u00bboff\u00a0\u00bb custom_button=\u00a0\u00bbon\u00a0\u00bb button_text_color=\u00a0\u00bb#ffffff\u00a0\u00bb button_bg_color=\u00a0\u00bb#7a232e\u00a0\u00bb button_border_color=\u00a0\u00bb#7a232e\u00a0\u00bb button_use_icon=\u00a0\u00bboff\u00a0\u00bb background_layout=\u00a0\u00bblight\u00a0\u00bb custom_css_main_element=\u00a0\u00bbpadding: 25px !important;||border: 1px solid #dadada;\u00a0\u00bb button_text_color_hover=\u00a0\u00bb#7a232e\u00a0\u00bb button_border_color_hover=\u00a0\u00bb#7a232e\u00a0\u00bb button_bg_color_hover=\u00a0\u00bbrgba(0,0,0,0)\u00a0\u00bb global_module=\u00a0\u00bb168&Prime; saved_tabs=\u00a0\u00bball\u00a0\u00bb global_colors_info=\u00a0\u00bb{}\u00a0\u00bb button_text_size__hover_enabled=\u00a0\u00bboff\u00a0\u00bb button_one_text_size__hover_enabled=\u00a0\u00bboff\u00a0\u00bb button_two_text_size__hover_enabled=\u00a0\u00bboff\u00a0\u00bb button_text_color__hover_enabled=\u00a0\u00bbon\u00a0\u00bb button_text_color__hover=\u00a0\u00bb#7a232e\u00a0\u00bb button_one_text_color__hover_enabled=\u00a0\u00bboff\u00a0\u00bb button_two_text_color__hover_enabled=\u00a0\u00bboff\u00a0\u00bb button_border_width__hover_enabled=\u00a0\u00bboff\u00a0\u00bb button_one_border_width__hover_enabled=\u00a0\u00bboff\u00a0\u00bb button_two_border_width__hover_enabled=\u00a0\u00bboff\u00a0\u00bb button_border_color__hover_enabled=\u00a0\u00bbon\u00a0\u00bb button_border_color__hover=\u00a0\u00bb#7a232e\u00a0\u00bb button_one_border_color__hover_enabled=\u00a0\u00bboff\u00a0\u00bb button_two_border_color__hover_enabled=\u00a0\u00bboff\u00a0\u00bb button_border_radius__hover_enabled=\u00a0\u00bboff\u00a0\u00bb button_one_border_radius__hover_enabled=\u00a0\u00bboff\u00a0\u00bb button_two_border_radius__hover_enabled=\u00a0\u00bboff\u00a0\u00bb button_letter_spacing__hover_enabled=\u00a0\u00bboff\u00a0\u00bb button_one_letter_spacing__hover_enabled=\u00a0\u00bboff\u00a0\u00bb button_two_letter_spacing__hover_enabled=\u00a0\u00bboff\u00a0\u00bb button_bg_color__hover_enabled=\u00a0\u00bbon\u00a0\u00bb button_bg_color__hover=\u00a0\u00bbrgba(0,0,0,0)\u00a0\u00bb button_one_bg_color__hover_enabled=\u00a0\u00bboff\u00a0\u00bb button_two_bg_color__hover_enabled=\u00a0\u00bboff\u00a0\u00bb]<\/p>\n<p>Send us an email at any time and we will respond!<\/p>\n<p>[\/et_pb_cta][\/et_pb_column][\/et_pb_row][et_pb_row module_class=\u00a0\u00bb et_pb_row_fullwidth\u00a0\u00bb _builder_version=\u00a0\u00bb4.16&Prime; width=\u00a0\u00bb89%\u00a0\u00bb width_tablet=\u00a0\u00bb80%\u00a0\u00bb width_last_edited=\u00a0\u00bbon|desktop\u00a0\u00bb max_width=\u00a0\u00bb89%\u00a0\u00bb max_width_tablet=\u00a0\u00bb80%\u00a0\u00bb max_width_last_edited=\u00a0\u00bbon|desktop\u00a0\u00bb make_fullwidth=\u00a0\u00bbon\u00a0\u00bb global_colors_info=\u00a0\u00bb{}\u00a0\u00bb column_structure=\u00a0\u00bb1_2,1_2&Prime; width_phone=\u00a0\u00bb80%\u00a0\u00bb max_width_phone=\u00a0\u00bb80%\u00a0\u00bb][et_pb_column type=\u00a0\u00bb1_2&Prime; _builder_version=\u00a0\u00bb4.16&Prime; custom_padding=\u00a0\u00bb|||\u00a0\u00bb global_colors_info=\u00a0\u00bb{}\u00a0\u00bb custom_padding__hover=\u00a0\u00bb|||\u00a0\u00bb][et_pb_toggle title=\u00a0\u00bb1. Qu&#039;est-ce qu&#039;un side-car ?\u00a0\u00bb admin_label=\u00a0\u00bb1. What is a Sidecar?\u00a0\u00bb _builder_version=\u00a0\u00bb4.16&Prime; global_colors_info=\u00a0\u00bb{}\u00a0\u00bb]<\/p>\n<p>Il s\u2019agit d\u2019une moto \u00e0 laquelle est attach\u00e9e une voiture en permanence\u00a0; faisant de la moto un tricycle pouvant accueillir trois passagers, deux sur le v\u00e9lo et un dans le chariot.<\/p>\n<p>[\/et_pb_toggle][et_pb_toggle title=\u00a0\u00bb2. Le side-car est-il s\u00fbr ?\u00a0\u00bb admin_label=\u00a0\u00bb2. Is the sidecar safe?\u00a0\u00bb _builder_version=\u00a0\u00bb4.16&Prime; global_colors_info=\u00a0\u00bb{}\u00a0\u00bb]<\/p>\n<p>Oui, les side-cars sont absolument sans danger pour les adultes et les enfants \u2013 notre side-car URAL est conforme \u00e0 toutes les r\u00e8gles de s\u00e9curit\u00e9 de la Communaut\u00e9 europ\u00e9enne. De plus, ce ne sont pas des v\u00e9hicules rapides : ils sont construits pour des promenades agr\u00e9ables, pas pour une conduite \u00e0 grande vitesse.<\/p>\n<p>[\/et_pb_toggle][et_pb_toggle title=\u00a0\u00bb3. Le side-car est-il un v\u00e9hicule certifi\u00e9 ?\u00a0\u00bb admin_label=\u00a0\u00bb3. Is the sidecar a certified vehicle?\u00a0\u00bb _builder_version=\u00a0\u00bb4.16&Prime; global_colors_info=\u00a0\u00bb{}\u00a0\u00bb]<\/p>\n<p>Oui, les side-cars sont des v\u00e9hicules l\u00e9gaux et sont r\u00e9glement\u00e9s par le gouvernement\u00a0; ne sont pas des adaptations domestiques des motos conventionnelles. Les side-cars sont n\u00e9s dans les ann\u00e9es 1920 (et ont \u00e9t\u00e9 extr\u00eamement populaires jusque dans les ann\u00e9es 1960 comme alternative moins ch\u00e8re aux automobiles), et ont depuis \u00e9t\u00e9 fabriqu\u00e9s industriellement par de grandes marques telles que : Harley-Davidson, BMW, URAL et autres.<\/p>\n<p>[\/et_pb_toggle][et_pb_toggle title=\u00a0\u00bb4. Quel est l&#039;\u00e2ge minimum pour conduire une moto ou un side-car ?\u00a0\u00bb admin_label=\u00a0\u00bb4. What is the minimum age to go on the motorcycle or sidecar?\u00a0\u00bb _builder_version=\u00a0\u00bb4.16&Prime; global_colors_info=\u00a0\u00bb{}\u00a0\u00bb]<\/p>\n<p>L&rsquo;\u00e2ge minimum pour conduire une moto (avec ou sans side-car) au Portugal est de 7 ans. Si un parent est sur la m\u00eame moto, l&rsquo;enfant peut avoir moins de 7 ans. Dans tous les cas, une autorisation \u00e9crite sera demand\u00e9e aux parents.<\/p>\n<p>[\/et_pb_toggle][et_pb_toggle title=\u00a0\u00bb5. Puis-je conduire le side-car ?\u00a0\u00bb admin_label=\u00a0\u00bb5. Can I drive the Sidecar?\u00a0\u00bb _builder_version=\u00a0\u00bb4.16&Prime; global_colors_info=\u00a0\u00bb{}\u00a0\u00bb]<\/p>\n<p>Non, un guide exp\u00e9riment\u00e9 et agr\u00e9\u00e9 conduira le side-car. Vous donnant la chance de profiter du paysage sans \u00eatre distrait par la conduite.<\/p>\n<p>[\/et_pb_toggle][et_pb_toggle title=\u00a0\u00bb6. Dois-je porter un casque ?\u00a0\u00bb admin_label=\u00a0\u00bb6. Do I have to wear a helmet?\u00a0\u00bb _builder_version=\u00a0\u00bb4.16&Prime; global_colors_info=\u00a0\u00bb{}\u00a0\u00bb]<\/p>\n<p>Oui, le port du casque est obligatoire et doit \u00eatre utilis\u00e9 chaque fois que vous conduisez en side-car. Pas besoin d&rsquo;apporter ou d&rsquo;acheter un casque. Excellents casques (approuv\u00e9s CE) de diff\u00e9rentes tailles et \u00e9galement tr\u00e8s \u00e9l\u00e9gants. Nos casques sont conserv\u00e9s en parfait \u00e9tat, \u00e9tant nettoy\u00e9s et d\u00e9sinfect\u00e9s apr\u00e8s chaque utilisation.<\/p>\n<p>[\/et_pb_toggle][et_pb_toggle title=\u00a0\u00bb7. Ai-je besoin d&#039;une assurance pour faire le tour ?\u00a0\u00bb admin_label=\u00a0\u00bb7. Do I need insurance to take the tour?\u00a0\u00bb _builder_version=\u00a0\u00bb4.16&Prime; global_colors_info=\u00a0\u00bb{}\u00a0\u00bb]<\/p>\n<p>Non, tous les passagers sont d\u00e9j\u00e0 assur\u00e9s contre tout incident survenant sur la moto.<\/p>\n<p>[\/et_pb_toggle][\/et_pb_column][et_pb_column type=\u00a0\u00bb1_2&Prime; _builder_version=\u00a0\u00bb4.16&Prime; custom_padding=\u00a0\u00bb|||\u00a0\u00bb global_colors_info=\u00a0\u00bb{}\u00a0\u00bb custom_padding__hover=\u00a0\u00bb|||\u00a0\u00bb][et_pb_toggle title=\u00a0\u00bb8. Combien de temps \u00e0 l&#039;avance dois-je effectuer ma r\u00e9servation ?\u00a0\u00bb admin_label=\u00a0\u00bb8. How far in advance should I make my reservation?\u00a0\u00bb _builder_version=\u00a0\u00bb4.16&Prime; global_colors_info=\u00a0\u00bb{}\u00a0\u00bb]<\/p>\n<p>Le plus t\u00f4t sera le mieux. Vous pouvez v\u00e9rifier la disponibilit\u00e9 le jour de la visite, mais gardez \u00e0 l&rsquo;esprit qu&rsquo;il s&rsquo;agit de visites priv\u00e9es et personnalis\u00e9es et que nous ne vous rejoindrons donc pas pour une autre excursion. Apprenez-en davantage sur notre politique de r\u00e9servation, de modification et d\u2019annulation.<\/p>\n<p>[\/et_pb_toggle][et_pb_toggle title=\u00a0\u00bb9. S&#039;il pleut, ma visite sera-t-elle annul\u00e9e ?\u00a0\u00bb admin_label=\u00a0\u00bb9. If it rains, will my tour be canceled?\u00a0\u00bb _builder_version=\u00a0\u00bb4.16&Prime; global_colors_info=\u00a0\u00bb{}\u00a0\u00bb]<\/p>\n<p>Dans le cas peu probable de pluie, vous pouvez annuler votre visite le jour m\u00eame et serez rembours\u00e9 \u00e0 100 %. Le choix vous appartient vraiment (si vous n&rsquo;\u00eates pas s\u00fbr du tout, votre guide annulera la visite). Mad\u00e8re a des saisons de pluies tr\u00e8s courtes et un climat fantastique, jusqu&rsquo;\u00e0 pr\u00e9sent nous avons annul\u00e9 un tr\u00e8s petit nombre de circuits \u00e0 cause de la pluie. Vous pouvez trouver plus d\u2019informations sur notre politique de r\u00e9servations, modifications et annulations.<\/p>\n<p>[\/et_pb_toggle][et_pb_toggle title=\u00a0\u00bb10. Puis-je r\u00e9server des visites pour des groupes ?\u00a0\u00bb admin_label=\u00a0\u00bb10. Can I book tours for groups?\u00a0\u00bb _builder_version=\u00a0\u00bb4.16&Prime; global_colors_info=\u00a0\u00bb{}\u00a0\u00bb]<\/p>\n<p>Techniquement oui, mais notre conception du tourisme est bas\u00e9e sur l&rsquo;intimit\u00e9, l&rsquo;\u00e9l\u00e9gance et le service. La personnalisation du service n&rsquo;est pas vraiment possible avec de grands groupes. Nous pr\u00e9f\u00e9rons ne pas rouler avec plus de 2 v\u00e9los en m\u00eame temps (3 \u00e0 4 personnes) &#8211; chaque side-car ne peut transporter que deux passagers sur un m\u00eame tour.<\/p>\n<p>[\/et_pb_toggle][et_pb_toggle title=\u00a0\u00bb11. Sidecar Tours propose-t-il des services autres que des visites guid\u00e9es\u00a0?\u00a0\u00bb admin_label=\u00a0\u00bb11. Does Sidecar Tours offer services other than tours?\u00a0\u00bb _builder_version=\u00a0\u00bb4.16&Prime; global_colors_info=\u00a0\u00bb{}\u00a0\u00bb]<\/p>\n<p>Nous sommes \u00e9galement disponibles pour des soir\u00e9es dansantes, mariages, anniversaires et autres \u00e9v\u00e9nements ; moyennant un tarif horaire.<\/p>\n<p>[\/et_pb_toggle][et_pb_toggle title=\u00a0\u00bb12. Quel genre de v\u00eatements dois-je porter ?\u00a0\u00bb admin_label=\u00a0\u00bb12. What kind of clothes should I wear?\u00a0\u00bb _builder_version=\u00a0\u00bb4.16&Prime; global_colors_info=\u00a0\u00bb{}\u00a0\u00bb]<\/p>\n<p>C&rsquo;est toujours une bonne id\u00e9e d&rsquo;apporter un manteau.<\/p>\n<p>[\/et_pb_toggle][et_pb_toggle title=\u00a0\u00bb13. Y a-t-il des restrictions physiques ?\u00a0\u00bb admin_label=\u00a0\u00bb13. Is there any physical restriction?\u00a0\u00bb _builder_version=\u00a0\u00bb4.16&Prime; global_colors_info=\u00a0\u00bb{}\u00a0\u00bb]<\/p>\n<p>Le poids maximum par passager est de 128 kg.<\/p>\n<p>[\/et_pb_toggle][et_pb_toggle title=\u00a0\u00bb14. Pourquoi le side-car ?  .\u00a0\u00bb admin_label=\u00a0\u00bb14. Why the sidecar?\u00a0\u00bb _builder_version=\u00a0\u00bb4.16&Prime; global_colors_info=\u00a0\u00bb{}\u00a0\u00bb]<\/p>\n<p>Commencez votre visite sans avoir \u00e0 vous soucier de : la conduite, les cartes, le GPS, les files d&rsquo;attente pour acheter des billets, les visites de groupe ou les longues promenades. Voyagez diff\u00e9remment avec beaucoup de classe et de style que seuls nos side-cars peuvent offrir. Il en r\u00e9sulte une exp\u00e9rience unique et inoubliable. Une plus grande libert\u00e9 pour choisir vos arr\u00eats et points \u00e0 visiter. D\u00e9but et fin du voyage dans votre lieu de s\u00e9jour \u00e0 Mad\u00e8re (h\u00f4tel ou bateau de croisi\u00e8re), ou dans un autre de votre choix.<\/p>\n<p>[\/et_pb_toggle][\/et_pb_column][\/et_pb_row][\/et_pb_section][et_pb_section fb_built=\u00a0\u00bb1&Prime; _builder_version=\u00a0\u00bb3.12.2&Prime; background_image=\u00a0\u00bbhttps:\/\/madeirasidecartours.com\/wp-content\/uploads\/2019\/01\/Madeirasidecartours-Ponta-Pargo_Madeira.jpg\u00a0\u00bb custom_margin=\u00a0\u00bb0px||0px|0px\u00a0\u00bb custom_padding=\u00a0\u00bb0px|0px|0px|0px\u00a0\u00bb global_module=\u00a0\u00bb213&Prime; global_colors_info=\u00a0\u00bb{}\u00a0\u00bb][et_pb_row use_custom_gutter=\u00a0\u00bbon\u00a0\u00bb gutter_width=\u00a0\u00bb1&Prime; module_class=\u00a0\u00bb et_pb_row_fullwidth\u00a0\u00bb _builder_version=\u00a0\u00bb4.16&Prime; background_color=\u00a0\u00bbrgba(0,0,0,0.35)\u00a0\u00bb width=\u00a0\u00bb100%\u00a0\u00bb width_tablet=\u00a0\u00bb100%\u00a0\u00bb width_phone=\u00a0\u00bb\u00a0\u00bb width_last_edited=\u00a0\u00bbon|desktop\u00a0\u00bb max_width=\u00a0\u00bb100%\u00a0\u00bb max_width_tablet=\u00a0\u00bb100%\u00a0\u00bb max_width_phone=\u00a0\u00bb\u00a0\u00bb max_width_last_edited=\u00a0\u00bbon|desktop\u00a0\u00bb module_alignment=\u00a0\u00bbcenter\u00a0\u00bb custom_padding=\u00a0\u00bb100px||110px|\u00a0\u00bb make_fullwidth=\u00a0\u00bbon\u00a0\u00bb global_colors_info=\u00a0\u00bb{}\u00a0\u00bb][et_pb_column type=\u00a0\u00bb4_4&Prime; _builder_version=\u00a0\u00bb4.16&Prime; custom_padding=\u00a0\u00bb|95px||95px\u00a0\u00bb custom_padding_tablet=\u00a0\u00bb|25px||25px\u00a0\u00bb custom_padding_phone=\u00a0\u00bb|10px||10px\u00a0\u00bb custom_padding_last_edited=\u00a0\u00bbon|desktop\u00a0\u00bb global_colors_info=\u00a0\u00bb{}\u00a0\u00bb custom_padding__hover=\u00a0\u00bb|||\u00a0\u00bb][et_pb_cta title=\u00a0\u00bbPr\u00eat pour une balade ? .\u00a0\u00bb button_url=\u00a0\u00bbhttps:\/\/fareharbor.com\/embeds\/book\/madeirasidecartours\/?full-items=yes\u00a0\u00bb button_text=\u00a0\u00bbR\u00e9servez votre visite.\u00a0\u00bb admin_label=\u00a0\u00bbPr\u00eat pour une balade ? .\u00a0\u00bb _builder_version=\u00a0\u00bb4.25.0&Prime; header_font=\u00a0\u00bb|700||on|||||\u00a0\u00bb header_text_align=\u00a0\u00bbcenter\u00a0\u00bb header_font_size=\u00a0\u00bb30px\u00a0\u00bb body_font=\u00a0\u00bb||on||||||\u00a0\u00bb body_text_align=\u00a0\u00bbcenter\u00a0\u00bb body_font_size=\u00a0\u00bb20px\u00a0\u00bb body_line_height=\u00a0\u00bb1.4em\u00a0\u00bb use_background_color=\u00a0\u00bboff\u00a0\u00bb custom_button=\u00a0\u00bbon\u00a0\u00bb button_text_color=\u00a0\u00bb#ffffff\u00a0\u00bb button_bg_color=\u00a0\u00bb#702a30&Prime; button_border_color=\u00a0\u00bb#702a30&Prime; button_font=\u00a0\u00bb|700||on|||||\u00a0\u00bb button_use_icon=\u00a0\u00bboff\u00a0\u00bb button_alignment=\u00a0\u00bbcenter\u00a0\u00bb vertical_offset_tablet=\u00a0\u00bb0&Prime; horizontal_offset_tablet=\u00a0\u00bb0&Prime; header_line_height_last_edited=\u00a0\u00bboff|desktop\u00a0\u00bb z_index_tablet=\u00a0\u00bb0&Prime; custom_css_promo_button=\u00a0\u00bbpadding-top: 10px;\u00a0\u00bb custom_css_promo_title=\u00a0\u00bbpadding-bottom: 15px;\u00a0\u00bb header_text_shadow_horizontal_length_tablet=\u00a0\u00bb0px\u00a0\u00bb header_text_shadow_vertical_length_tablet=\u00a0\u00bb0px\u00a0\u00bb header_text_shadow_blur_strength_tablet=\u00a0\u00bb1px\u00a0\u00bb body_text_shadow_horizontal_length_tablet=\u00a0\u00bb0px\u00a0\u00bb body_text_shadow_vertical_length_tablet=\u00a0\u00bb0px\u00a0\u00bb body_text_shadow_blur_strength_tablet=\u00a0\u00bb1px\u00a0\u00bb body_link_text_shadow_horizontal_length_tablet=\u00a0\u00bb0px\u00a0\u00bb body_link_text_shadow_vertical_length_tablet=\u00a0\u00bb0px\u00a0\u00bb body_link_text_shadow_blur_strength_tablet=\u00a0\u00bb1px\u00a0\u00bb body_ul_text_shadow_horizontal_length_tablet=\u00a0\u00bb0px\u00a0\u00bb body_ul_text_shadow_vertical_length_tablet=\u00a0\u00bb0px\u00a0\u00bb body_ul_text_shadow_blur_strength_tablet=\u00a0\u00bb1px\u00a0\u00bb body_ol_text_shadow_horizontal_length_tablet=\u00a0\u00bb0px\u00a0\u00bb body_ol_text_shadow_vertical_length_tablet=\u00a0\u00bb0px\u00a0\u00bb body_ol_text_shadow_blur_strength_tablet=\u00a0\u00bb1px\u00a0\u00bb body_quote_text_shadow_horizontal_length_tablet=\u00a0\u00bb0px\u00a0\u00bb body_quote_text_shadow_vertical_length_tablet=\u00a0\u00bb0px\u00a0\u00bb body_quote_text_shadow_blur_strength_tablet=\u00a0\u00bb1px\u00a0\u00bb button_text_shadow_horizontal_length_tablet=\u00a0\u00bb0px\u00a0\u00bb button_text_shadow_vertical_length_tablet=\u00a0\u00bb0px\u00a0\u00bb button_text_shadow_blur_strength_tablet=\u00a0\u00bb1px\u00a0\u00bb box_shadow_horizontal_tablet=\u00a0\u00bb0px\u00a0\u00bb box_shadow_vertical_tablet=\u00a0\u00bb0px\u00a0\u00bb box_shadow_blur_tablet=\u00a0\u00bb40px\u00a0\u00bb box_shadow_spread_tablet=\u00a0\u00bb0px\u00a0\u00bb box_shadow_horizontal_button_tablet=\u00a0\u00bb0px\u00a0\u00bb box_shadow_vertical_button_tablet=\u00a0\u00bb0px\u00a0\u00bb box_shadow_blur_button_tablet=\u00a0\u00bb40px\u00a0\u00bb box_shadow_spread_button_tablet=\u00a0\u00bb0px\u00a0\u00bb text_shadow_horizontal_length_tablet=\u00a0\u00bb0px\u00a0\u00bb text_shadow_vertical_length_tablet=\u00a0\u00bb0px\u00a0\u00bb text_shadow_blur_strength_tablet=\u00a0\u00bb1px\u00a0\u00bb button_text_color_hover=\u00a0\u00bb#ffffff\u00a0\u00bb button_border_color_hover=\u00a0\u00bb#7a232e\u00a0\u00bb button_bg_color_hover=\u00a0\u00bbrgba(255,255,255,0)\u00a0\u00bb global_colors_info=\u00a0\u00bb{}\u00a0\u00bb button_text_size__hover_enabled=\u00a0\u00bboff\u00a0\u00bb button_one_text_size__hover_enabled=\u00a0\u00bboff\u00a0\u00bb button_two_text_size__hover_enabled=\u00a0\u00bboff\u00a0\u00bb button_text_color__hover_enabled=\u00a0\u00bbon\u00a0\u00bb button_text_color__hover=\u00a0\u00bb#ffffff\u00a0\u00bb button_one_text_color__hover_enabled=\u00a0\u00bboff\u00a0\u00bb button_two_text_color__hover_enabled=\u00a0\u00bboff\u00a0\u00bb button_border_width__hover_enabled=\u00a0\u00bboff\u00a0\u00bb button_one_border_width__hover_enabled=\u00a0\u00bboff\u00a0\u00bb button_two_border_width__hover_enabled=\u00a0\u00bboff\u00a0\u00bb button_border_color__hover_enabled=\u00a0\u00bbon\u00a0\u00bb button_border_color__hover=\u00a0\u00bb#7a232e\u00a0\u00bb button_one_border_color__hover_enabled=\u00a0\u00bboff\u00a0\u00bb button_two_border_color__hover_enabled=\u00a0\u00bboff\u00a0\u00bb button_border_radius__hover_enabled=\u00a0\u00bboff\u00a0\u00bb button_one_border_radius__hover_enabled=\u00a0\u00bboff\u00a0\u00bb button_two_border_radius__hover_enabled=\u00a0\u00bboff\u00a0\u00bb button_letter_spacing__hover_enabled=\u00a0\u00bboff\u00a0\u00bb button_one_letter_spacing__hover_enabled=\u00a0\u00bboff\u00a0\u00bb button_two_letter_spacing__hover_enabled=\u00a0\u00bboff\u00a0\u00bb button_bg_color__hover_enabled=\u00a0\u00bbon\u00a0\u00bb button_bg_color__hover=\u00a0\u00bbrgba(255,255,255,0)\u00a0\u00bb button_one_bg_color__hover_enabled=\u00a0\u00bboff\u00a0\u00bb button_two_bg_color__hover_enabled=\u00a0\u00bboff\u00a0\u00bb][\/et_pb_cta][\/et_pb_column][\/et_pb_row][\/et_pb_section]<\/p>\n","protected":false},"excerpt":{"rendered":"<p>Questions courantes Jetez un \u0153il aux questions les plus courantes que nous recevons de nos utilisateurs\/clients. Avant de nous contacter, prenez un peu de votre temps pour voir si vous trouvez la r\u00e9ponse \u00e0 votre doute ou \u00e0 votre question concernant notre service. Send us an email at any time and we will respond! Il [&hellip;]<\/p>\n","protected":false},"author":2,"featured_media":691,"parent":0,"menu_order":0,"comment_status":"closed","ping_status":"closed","template":"","meta":{"_et_pb_use_builder":"on","_et_pb_old_content":"","_et_gb_content_width":"","_joinchat":[],"footnotes":""},"class_list":["post-1266","page","type-page","status-publish","has-post-thumbnail","hentry"],"_links":{"self":[{"href":"https:\/\/madeirasidecartours.com\/fr\/wp-json\/wp\/v2\/pages\/1266","targetHints":{"allow":["GET"]}}],"collection":[{"href":"https:\/\/madeirasidecartours.com\/fr\/wp-json\/wp\/v2\/pages"}],"about":[{"href":"https:\/\/madeirasidecartours.com\/fr\/wp-json\/wp\/v2\/types\/page"}],"author":[{"embeddable":true,"href":"https:\/\/madeirasidecartours.com\/fr\/wp-json\/wp\/v2\/users\/2"}],"replies":[{"embeddable":true,"href":"https:\/\/madeirasidecartours.com\/fr\/wp-json\/wp\/v2\/comments?post=1266"}],"version-history":[{"count":11,"href":"https:\/\/madeirasidecartours.com\/fr\/wp-json\/wp\/v2\/pages\/1266\/revisions"}],"predecessor-version":[{"id":4814,"href":"https:\/\/madeirasidecartours.com\/fr\/wp-json\/wp\/v2\/pages\/1266\/revisions\/4814"}],"wp:featuredmedia":[{"embeddable":true,"href":"https:\/\/madeirasidecartours.com\/fr\/wp-json\/wp\/v2\/media\/691"}],"wp:attachment":[{"href":"https:\/\/madeirasidecartours.com\/fr\/wp-json\/wp\/v2\/media?parent=1266"}],"curies":[{"name":"wp","href":"https:\/\/api.w.org\/{rel}","templated":true}]}}