{"id":1828,"date":"2018-05-29T16:42:49","date_gmt":"2018-05-29T15:42:49","guid":{"rendered":"https:\/\/madeirasidecartours.com\/?page_id=1828"},"modified":"2025-06-06T15:13:43","modified_gmt":"2025-06-06T14:13:43","slug":"cookie-richtlinien","status":"publish","type":"page","link":"https:\/\/madeirasidecartours.com\/de\/cookie-richtlinien\/","title":{"rendered":"Cookie Richtlinien"},"content":{"rendered":"<p>[et_pb_section fb_built=&#8220;1&#8243; fullwidth=&#8220;on&#8220; _builder_version=&#8220;4.16&#8243; background_image=&#8220;https:\/\/madeirasidecartours.com\/wp-content\/uploads\/2018\/01\/madeira-sidecar-tours-tema-1200-v2.jpg&#8220; global_colors_info=&#8220;{}&#8220;][et_pb_fullwidth_header title=&#8220;Cookie Richtlinien&#8220; _builder_version=&#8220;4.16&#8243; title_font=&#8220;|700||on|||||&#8220; title_text_color=&#8220;#ffffff&#8220; background_color=&#8220;rgba(255, 255, 255, 0)&#8220; background_layout=&#8220;light&#8220; custom_css_title=&#8220;text-shadow: 1px 1px 2px #000;&#8220; custom_css_content=&#8220;text-shadow: 1px 1px 2px #000;&#8220; custom_css_subtitle=&#8220;text-shadow: 1px 1px 2px #000;&#8220; global_colors_info=&#8220;{}&#8220; button_one_text_size__hover_enabled=&#8220;off&#8220; button_two_text_size__hover_enabled=&#8220;off&#8220; button_one_text_color__hover_enabled=&#8220;off&#8220; button_two_text_color__hover_enabled=&#8220;off&#8220; button_one_border_width__hover_enabled=&#8220;off&#8220; button_two_border_width__hover_enabled=&#8220;off&#8220; button_one_border_color__hover_enabled=&#8220;off&#8220; button_two_border_color__hover_enabled=&#8220;off&#8220; button_one_border_radius__hover_enabled=&#8220;off&#8220; button_two_border_radius__hover_enabled=&#8220;off&#8220; button_one_letter_spacing__hover_enabled=&#8220;off&#8220; button_two_letter_spacing__hover_enabled=&#8220;off&#8220; button_one_bg_color__hover_enabled=&#8220;off&#8220; button_two_bg_color__hover_enabled=&#8220;off&#8220;][\/et_pb_fullwidth_header][\/et_pb_section][et_pb_section fb_built=&#8220;1&#8243; _builder_version=&#8220;4.16&#8243; global_colors_info=&#8220;{}&#8220;][et_pb_row _builder_version=&#8220;4.16&#8243; background_size=&#8220;initial&#8220; background_position=&#8220;top_left&#8220; background_repeat=&#8220;repeat&#8220; global_colors_info=&#8220;{}&#8220; column_structure=&#8220;2_3,1_3&#8243;][et_pb_column type=&#8220;2_3&#8243; _builder_version=&#8220;4.16&#8243; custom_padding=&#8220;|||&#8220; global_colors_info=&#8220;{}&#8220; custom_padding__hover=&#8220;|||&#8220;][et_pb_text admin_label=&#8220;Texto&#8220; _builder_version=&#8220;4.16&#8243; text_orientation=&#8220;justified&#8220; global_colors_info=&#8220;{}&#8220;]Diese Cookie-Richtlinie ist ein wesentlicher Bestandteil der Datenschutzerkl\u00e4rung von www.madeirasidecartours.com (nachfolgend &#8222;Madeira Sidecar Tours&#8220; genannt). Durch den Zugriff auf die Website oder die Nutzung ihrer Dienste akzeptieren Sie die allgemeinen Gesch\u00e4ftsbedingungen, die in der Datenschutzerkl\u00e4rung enthalten sind.<\/p>\n<p>Um die Navigation auf der Website www.madairasidecartours.com zu erleichtern und zu verbessern, wird darauf hingewiesen, dass Cookies oder andere Dateien mit \u00e4hnlicher Funktionalit\u00e4t (&#8222;Cookies&#8220;) verwendet werden.<\/p>\n<p>Aufgrund der Funktionsweise von Internet-Kommunikationsstandards kann der Zugriff auf Websites die Verwendung von Cookies beinhalten. In jedem Fall teilen wir mit, dass Madeira Sidecar Tours f\u00fcr die Cookies und f\u00fcr die Behandlung der durch unsere eigenen Cookies und von Dritten erhaltenen Daten verantwortlich ist, die \u00fcber den Zweck, den Inhalt und die Verwendung der Behandlung der gesammelten Informationen entscheiden.<\/p>\n<p><strong>Was ist ein Cookie?<\/strong><br \/>\nCookies sind Dateien, die kleine Mengen an Informationen enthalten, die beim Besuch einer Webseite auf das Ger\u00e4t des Benutzers heruntergeladen werden. Das Hauptziel besteht darin, den Benutzer immer dann zu erkennen, wenn er auf die Website zugreift. Dies erm\u00f6glicht auch eine bessere Qualit\u00e4t und bessere Nutzung der Website. Kurz: Ziel ist es, Ihre Navigation auf madairasidecartours.com zu vereinfachen<\/p>\n<p>Cookies sind essentiell f\u00fcr das Funktionieren des Internets; Sie besch\u00e4digen das Ger\u00e4t des Benutzers nicht und helfen, falls in der Konfiguration Ihres Browsers aktiviert, m\u00f6gliche Fehler beim Betrieb der Site zu identifizieren und zu beheben.<\/p>\n<p><strong>Verwendung von Keksen bei Madeira Sidecar Tours<\/strong><br \/>\nDurch den Zugriff auf die Website stimmen Sie ausdr\u00fccklich der Verwendung dieser Art von Cookies auf Ihren Ger\u00e4ten zu. Wenn Sie Cookies deaktivieren, wird die Websitenavigation m\u00f6glicherweise nicht optimiert, und einige der auf der Website verf\u00fcgbaren Funktionen funktionieren m\u00f6glicherweise nicht ordnungsgem\u00e4\u00df.<br \/>\nInsbesondere verwenden Madeira Sidecar Touren Cookies f\u00fcr die unten aufgef\u00fchrten Zwecke. Wenn Madeira Sidecar Tours in Zukunft andere nutzt, um mehr und bessere Dienstleistungen zu gew\u00e4hren, wird der Benutzer entsprechend informiert.<\/p>\n<p><strong> Verwendete Cookies <\/strong><br \/>\n<strong> Cookie-Einstellungen <\/strong><br \/>\nDiese Cookies erm\u00f6glichen es Websites, sich Informationen zu merken, die das Verhalten und das Erscheinungsbild der Website ver\u00e4ndern. Diese Cookies k\u00f6nnen Ihnen auch dabei helfen, die Textgr\u00f6\u00dfe, Schriftart und andere anpassbare Teile von Webseiten zu \u00e4ndern. Der Verlust von Informationen, die in einem Pr\u00e4ferenzkeks gespeichert sind, kann dazu f\u00fchren, dass die Website weniger funktionst\u00fcchtig wird, sie sollte jedoch den Betrieb nicht behindern.<\/p>\n<p><strong> Sicherheits-Cookies <\/strong><br \/>\nSicherheits-Cookies werden verwendet, um Benutzer zu authentifizieren und die betr\u00fcgerische Verwendung von Anmeldeinformationen zu verhindern und Daten vor unbefugten Personen zu sch\u00fctzen. Sie k\u00f6nnen beispielsweise viele Arten von Angriffen blockieren, beispielsweise versuchen, Inhalte aus Formularen zu stehlen, die Sie in Webseiten ausf\u00fcllen.<\/p>\n<p><strong> Cookies verarbeiten <\/strong><br \/>\nProzess-Cookies helfen der Website beim Ausf\u00fchren und Bereitstellen von Diensten, die der Website-Besucher erwartet, wie das Durchsuchen von Webseiten oder das Zugreifen auf sichere Bereiche der Website. Ohne diese Cookies kann die Website nicht ordnungsgem\u00e4\u00df funktionieren.<\/p>\n<p><strong> Session-Status-Cookies <\/strong><br \/>\nWebsites sammeln h\u00e4ufig Informationen dar\u00fcber, wie Benutzer mit einer bestimmten Webseite interagieren. Dies kann die Seiten einschlie\u00dfen, die Benutzer am h\u00e4ufigsten besuchen, und ob Benutzer Fehlermeldungen von bestimmten Seiten erhalten. Sogenannte &#8222;Session-State-Cookies&#8220; helfen, Gesch\u00e4ftsdienste zu verbessern, um das Browsing-Erlebnis unserer Benutzer zu verbessern. Das Blockieren oder L\u00f6schen dieser Cookies macht die Website nicht unbrauchbar.<\/p>\n<p><strong> Werbe-Cookies <\/strong><br \/>\nDiese Cookies (z. B. Plattformen wie Google oder Facebook) helfen dem Inhaber der Website und \/ oder den Anwendungen, &#8222;Leads&#8220; zu erfassen, um neue Berater \/ Kunden \/ Nutzer der Website zu gewinnen. Die gesammelten Daten sind anonym und der Benutzer kann nicht identifiziert werden. Sie dienen dazu, die Anzahl der Aufrufe einer Anzeige zu begrenzen und die Effektivit\u00e4t einer Werbekampagne zu messen.<\/p>\n<p><strong> Analyse-Cookies <\/strong><br \/>\nDiese Cookies helfen Website- und App-Besitzern, die Beteiligung ihrer Besucher an ihren Webseiten zu verstehen. Sie k\u00f6nnen einen Satz von Cookies verwenden, um Informationen zu sammeln und Nutzungsstatistiken f\u00fcr Websites zu melden, ohne einzelne Besucher pers\u00f6nlich zu identifizieren.<\/p>\n<p><strong> Cookies und soziale Plug-ins (soziale Schaltfl\u00e4chen) <\/strong><br \/>\nDiese sozialen Cookies sollen Benutzern erm\u00f6glichen, Seiten und Inhalte \u00fcber soziale Netzwerke von Drittanbietern zu teilen. Sie k\u00f6nnen auch auf das Werbeangebot in sozialen Netzwerken abzielen.<\/p>\n<p>Unsere Seite verwendet auch Plugins oder Social Buttons.<\/p>\n<p>Social Plugins erm\u00f6glichen es, Seiten und Inhalte auf madairasidecartours.com auf verschiedenen sozialen Plattformen zu teilen. Zum Beispiel erlauben sie dem Benutzer, Informationen von unserer Website mit ihren Freunden in sozialen Netzwerken zu teilen und zu teilen.<\/p>\n<p>Zu diesem Zweck verwenden die Plug-ins Cookies, um die Navigation von Benutzern, ob Benutzer dieser Plattformen oder nicht, zu verfolgen und zu \u00fcberpr\u00fcfen, ob sie w\u00e4hrend des Browsens mit dem sozialen Netzwerk verbunden sind oder nicht. Mit diesen Cookies k\u00f6nnen Sie auch Werbeangebote auf diesen Plattformen ausrichten.<\/p>\n<p>F\u00fcr weitere Informationen \u00fcber die Verwendung personenbezogener Daten in Bezug auf soziale Netzwerke k\u00f6nnen die Datenschutzrichtlinien von sozialen Netzwerken von Drittanbietern herangezogen werden.<\/p>\n<p>Alle Cookies werden nur f\u00fcr die Zeit aufbewahrt, die f\u00fcr ihre Verwendung unbedingt erforderlich ist.<\/p>\n<p><strong> Benutzereinstellung zum Verhindern von Cookies <\/strong><br \/>\nIn \u00dcbereinstimmung mit geltendem Recht stellen wir Informationen zur Verf\u00fcgung, mit denen Sie Ihren Browser so konfigurieren k\u00f6nnen, dass er Ihre Privatsph\u00e4re und Sicherheit in Bezug auf Cookies verwaltet und aufrechterh\u00e4lt. Daher stellen wir Informationen und Links zu den offiziellen Websites der wichtigsten Browser zur Verf\u00fcgung, damit der Benutzer entscheiden kann, ob er die Verwendung von Cookies akzeptiert oder nicht.<\/p>\n<p>Die Cookie-Einstellungen k\u00f6nnen in den Einstellungen des Browsers entsprechend den Anweisungen in den Links ge\u00e4ndert werden:<br \/>\n<a href=\"https:\/\/support.google.com\/chrome\/answer\/95647\">Chrome<\/a><br \/>\n<a href=\"https:\/\/support.mozilla.org\/pt-PT\/kb\/ativar-e-desativar-cookies-que-os-websites-utiliza\">Firefox<\/a><br \/>\n<a href=\"https:\/\/support.microsoft.com\/pt-pt\/help\/17442\/windows-internet-explorer-delete-manage-cookies\">Internet Explorer<\/a><br \/>\n<a href=\"https:\/\/support.apple.com\/kb\/ph21411?locale=pt_PT\">Safari<\/a><\/p>\n<p>F\u00fcr weitere Informationen \u00fcber Cookies, einschlie\u00dflich Informationen dar\u00fcber, welche Cookies installiert wurden und wie sie verwaltet und gel\u00f6scht werden k\u00f6nnen, k\u00f6nnen Sie auf www.allaboutcookies.org zugreifen. Wenn Sie nicht m\u00f6chten, dass Ihre Website-Besuche von Google Analytics erkannt werden, sollten Sie dies tun <a href=\"http:\/\/tools.google.com\/dlpage\/gaoptout\" target=\"_blank\" rel=\"noopener\">http:\/\/tools.google.com\/dlpage\/gaoptout<\/a>.<\/p>\n<p>Es versteht sich, dass der Nutzer die Verwendung von Cookies akzeptiert, wenn er diese Seite weiter durchsucht, ohne sie zuvor zu deaktivieren.<\/p>\n<p><strong>Letztes Update:<\/strong> 24 Mai 2018<\/p>\n<p><\/strong><br \/>\n[\/et_pb_text][\/et_pb_column][et_pb_column type=&#8220;1_3&#8243; _builder_version=&#8220;4.16&#8243; custom_padding=&#8220;|||&#8220; global_colors_info=&#8220;{}&#8220; custom_padding__hover=&#8220;|||&#8220;][et_pb_cta title=&#8220;Have A Question?&#8220; button_url=&#8220;https:\/\/madeirasidecartours.com\/contacts\/&#8220; button_text=&#8220;Contact Us&#8220; admin_label=&#8220;Have A Question?&#8220; _builder_version=&#8220;4.16&#8243; header_font=&#8220;|800||on|||||&#8220; header_text_align=&#8220;center&#8220; body_font=&#8220;||on||||||&#8220; body_text_align=&#8220;center&#8220; use_background_color=&#8220;off&#8220; background_layout=&#8220;light&#8220; custom_css_main_element=&#8220;padding: 25px !important;||border: 1px solid #dadada;&#8220; saved_tabs=&#8220;all&#8220; global_colors_info=&#8220;{}&#8220; button_text_size__hover_enabled=&#8220;off&#8220; button_one_text_size__hover_enabled=&#8220;off&#8220; button_two_text_size__hover_enabled=&#8220;off&#8220; button_text_color__hover_enabled=&#8220;off&#8220; button_one_text_color__hover_enabled=&#8220;off&#8220; button_two_text_color__hover_enabled=&#8220;off&#8220; button_border_width__hover_enabled=&#8220;off&#8220; button_one_border_width__hover_enabled=&#8220;off&#8220; button_two_border_width__hover_enabled=&#8220;off&#8220; button_border_color__hover_enabled=&#8220;off&#8220; button_one_border_color__hover_enabled=&#8220;off&#8220; button_two_border_color__hover_enabled=&#8220;off&#8220; button_border_radius__hover_enabled=&#8220;off&#8220; button_one_border_radius__hover_enabled=&#8220;off&#8220; button_two_border_radius__hover_enabled=&#8220;off&#8220; button_letter_spacing__hover_enabled=&#8220;off&#8220; button_one_letter_spacing__hover_enabled=&#8220;off&#8220; button_two_letter_spacing__hover_enabled=&#8220;off&#8220; button_bg_color__hover_enabled=&#8220;off&#8220; button_one_bg_color__hover_enabled=&#8220;off&#8220; button_two_bg_color__hover_enabled=&#8220;off&#8220;]Send us an email at any time and we will respond!<br \/>\n[\/et_pb_cta][\/et_pb_column][\/et_pb_row][\/et_pb_section][et_pb_section fb_built=&#8220;1&#8243; _builder_version=&#8220;4.16&#8243; background_image=&#8220;https:\/\/madeirasidecartours.com\/wp-content\/uploads\/2018\/02\/Madeirasidecartours-Ponta-Pargo_Madeira.jpg&#8220; custom_margin=&#8220;0px||0px|0px&#8220; custom_padding=&#8220;0px|0px|0px|0px&#8220; global_colors_info=&#8220;{}&#8220;][et_pb_row use_custom_gutter=&#8220;on&#8220; gutter_width=&#8220;1&#8243; module_class=&#8220; et_pb_row_fullwidth&#8220; _builder_version=&#8220;4.16&#8243; background_color=&#8220;rgba(0,0,0,0.35)&#8220; width=&#8220;100%&#8220; width_tablet=&#8220;100%&#8220; width_last_edited=&#8220;on|desktop&#8220; max_width=&#8220;100%&#8220; max_width_tablet=&#8220;100%&#8220; max_width_last_edited=&#8220;on|desktop&#8220; module_alignment=&#8220;center&#8220; custom_padding=&#8220;100px||110px|&#8220; make_fullwidth=&#8220;on&#8220; global_colors_info=&#8220;{}&#8220; width_phone=&#8220;100%&#8220; max_width_phone=&#8220;100%&#8220;][et_pb_column type=&#8220;4_4&#8243; _builder_version=&#8220;4.16&#8243; custom_padding=&#8220;|95px||95px&#8220; custom_padding_tablet=&#8220;|25px||25px&#8220; custom_padding_phone=&#8220;|10px||10px&#8220; custom_padding_last_edited=&#8220;on|desktop&#8220; global_colors_info=&#8220;{}&#8220; custom_padding__hover=&#8220;|||&#8220;][et_pb_cta title=&#8220;Ready for a Ride?&#8220; button_url=&#8220;https:\/\/madeirasidecartours.com\/sidecar-tours\/&#8220; button_text=&#8220;Book your Tour&#8220; admin_label=&#8220;Ready for a Ride?&#8220; _builder_version=&#8220;4.16&#8243; header_font=&#8220;|700||on|||||&#8220; header_text_align=&#8220;center&#8220; header_font_size=&#8220;30&#8243; body_font=&#8220;||on||||||&#8220; body_text_align=&#8220;center&#8220; body_font_size=&#8220;20&#8243; body_line_height=&#8220;1.4em&#8220; use_background_color=&#8220;off&#8220; custom_button=&#8220;on&#8220; button_text_color=&#8220;#ffffff&#8220; button_bg_color=&#8220;#7a232e&#8220; button_border_color=&#8220;#7a232e&#8220; button_font=&#8220;|700||on|||||&#8220; button_use_icon=&#8220;off&#8220; button_alignment=&#8220;center&#8220; header_line_height_last_edited=&#8220;off|desktop&#8220; custom_css_promo_button=&#8220;padding-top: 10px;&#8220; custom_css_promo_title=&#8220;padding-bottom: 15px;&#8220; button_text_color_hover=&#8220;#ffffff&#8220; button_border_color_hover=&#8220;#7a232e&#8220; button_bg_color_hover=&#8220;rgba(255,255,255,0)&#8220; global_colors_info=&#8220;{}&#8220; button_text_size__hover_enabled=&#8220;off&#8220; button_one_text_size__hover_enabled=&#8220;off&#8220; button_two_text_size__hover_enabled=&#8220;off&#8220; button_text_color__hover_enabled=&#8220;on&#8220; button_text_color__hover=&#8220;#ffffff&#8220; button_one_text_color__hover_enabled=&#8220;off&#8220; button_two_text_color__hover_enabled=&#8220;off&#8220; button_border_width__hover_enabled=&#8220;off&#8220; button_one_border_width__hover_enabled=&#8220;off&#8220; button_two_border_width__hover_enabled=&#8220;off&#8220; button_border_color__hover_enabled=&#8220;on&#8220; button_border_color__hover=&#8220;#7a232e&#8220; button_one_border_color__hover_enabled=&#8220;off&#8220; button_two_border_color__hover_enabled=&#8220;off&#8220; button_border_radius__hover_enabled=&#8220;off&#8220; button_one_border_radius__hover_enabled=&#8220;off&#8220; button_two_border_radius__hover_enabled=&#8220;off&#8220; button_letter_spacing__hover_enabled=&#8220;off&#8220; button_one_letter_spacing__hover_enabled=&#8220;off&#8220; button_two_letter_spacing__hover_enabled=&#8220;off&#8220; button_bg_color__hover_enabled=&#8220;on&#8220; button_bg_color__hover=&#8220;rgba(255,255,255,0)&#8220; button_one_bg_color__hover_enabled=&#8220;off&#8220; button_two_bg_color__hover_enabled=&#8220;off&#8220;][\/et_pb_cta][\/et_pb_column][\/et_pb_row][\/et_pb_section]<\/p>\n","protected":false},"excerpt":{"rendered":"<p>Diese Cookie-Richtlinie ist ein wesentlicher Bestandteil der Datenschutzerkl\u00e4rung von www.madeirasidecartours.com (nachfolgend &#8222;Madeira Sidecar Tours&#8220; genannt). Durch den Zugriff auf die Website oder die Nutzung ihrer Dienste akzeptieren Sie die allgemeinen Gesch\u00e4ftsbedingungen, die in der Datenschutzerkl\u00e4rung enthalten sind. Um die Navigation auf der Website www.madairasidecartours.com zu erleichtern und zu verbessern, wird darauf hingewiesen, dass Cookies oder [&hellip;]<\/p>\n","protected":false},"author":2,"featured_media":0,"parent":0,"menu_order":0,"comment_status":"closed","ping_status":"closed","template":"","meta":{"_et_pb_use_builder":"on","_et_pb_old_content":"","_et_gb_content_width":"","_joinchat":[],"footnotes":""},"class_list":["post-1828","page","type-page","status-publish","hentry"],"_links":{"self":[{"href":"https:\/\/madeirasidecartours.com\/de\/wp-json\/wp\/v2\/pages\/1828","targetHints":{"allow":["GET"]}}],"collection":[{"href":"https:\/\/madeirasidecartours.com\/de\/wp-json\/wp\/v2\/pages"}],"about":[{"href":"https:\/\/madeirasidecartours.com\/de\/wp-json\/wp\/v2\/types\/page"}],"author":[{"embeddable":true,"href":"https:\/\/madeirasidecartours.com\/de\/wp-json\/wp\/v2\/users\/2"}],"replies":[{"embeddable":true,"href":"https:\/\/madeirasidecartours.com\/de\/wp-json\/wp\/v2\/comments?post=1828"}],"version-history":[{"count":7,"href":"https:\/\/madeirasidecartours.com\/de\/wp-json\/wp\/v2\/pages\/1828\/revisions"}],"predecessor-version":[{"id":4981,"href":"https:\/\/madeirasidecartours.com\/de\/wp-json\/wp\/v2\/pages\/1828\/revisions\/4981"}],"wp:attachment":[{"href":"https:\/\/madeirasidecartours.com\/de\/wp-json\/wp\/v2\/media?parent=1828"}],"curies":[{"name":"wp","href":"https:\/\/api.w.org\/{rel}","templated":true}]}}