{"id":1433,"date":"2018-02-05T10:52:08","date_gmt":"2018-02-05T10:52:08","guid":{"rendered":"https:\/\/madeirasidecartours.com\/?page_id=1433"},"modified":"2025-06-06T15:11:05","modified_gmt":"2025-06-06T14:11:05","slug":"buchungsbedingungen","status":"publish","type":"page","link":"https:\/\/madeirasidecartours.com\/de\/buchungsbedingungen\/","title":{"rendered":"Buchungsbedingungen"},"content":{"rendered":"<p>[et_pb_section fb_built=&#8220;1&#8243; fullwidth=&#8220;on&#8220; _builder_version=&#8220;4.16&#8243; background_image=&#8220;https:\/\/madeirasidecartours.com\/wp-content\/uploads\/2018\/01\/madeira-sidecar-tours-tema-1200-v2.jpg&#8220; custom_padding=&#8220;40px||40px|&#8220; global_colors_info=&#8220;{}&#8220;][et_pb_fullwidth_header title=&#8220;Buchungsbedingungen&#8220; _builder_version=&#8220;4.16&#8243; title_font=&#8220;|700||on|||||&#8220; title_text_color=&#8220;#ffffff&#8220; background_color=&#8220;rgba(255, 255, 255, 0)&#8220; background_layout=&#8220;light&#8220; custom_css_title=&#8220;text-shadow: 1px 1px 2px #000;&#8220; global_colors_info=&#8220;{}&#8220; button_one_text_size__hover_enabled=&#8220;off&#8220; button_two_text_size__hover_enabled=&#8220;off&#8220; button_one_text_color__hover_enabled=&#8220;off&#8220; button_two_text_color__hover_enabled=&#8220;off&#8220; button_one_border_width__hover_enabled=&#8220;off&#8220; button_two_border_width__hover_enabled=&#8220;off&#8220; button_one_border_color__hover_enabled=&#8220;off&#8220; button_two_border_color__hover_enabled=&#8220;off&#8220; button_one_border_radius__hover_enabled=&#8220;off&#8220; button_two_border_radius__hover_enabled=&#8220;off&#8220; button_one_letter_spacing__hover_enabled=&#8220;off&#8220; button_two_letter_spacing__hover_enabled=&#8220;off&#8220; button_one_bg_color__hover_enabled=&#8220;off&#8220; button_two_bg_color__hover_enabled=&#8220;off&#8220;][\/et_pb_fullwidth_header][\/et_pb_section][et_pb_section fb_built=&#8220;1&#8243; _builder_version=&#8220;4.16&#8243; global_colors_info=&#8220;{}&#8220;][et_pb_row _builder_version=&#8220;4.16&#8243; background_size=&#8220;initial&#8220; background_position=&#8220;top_left&#8220; background_repeat=&#8220;repeat&#8220; global_colors_info=&#8220;{}&#8220; column_structure=&#8220;2_3,1_3&#8243;][et_pb_column type=&#8220;2_3&#8243; _builder_version=&#8220;4.16&#8243; custom_padding=&#8220;|||&#8220; global_colors_info=&#8220;{}&#8220; custom_padding__hover=&#8220;|||&#8220;][et_pb_text admin_label=&#8220;Texto&#8220; _builder_version=&#8220;4.16&#8243; text_orientation=&#8220;justified&#8220; global_colors_info=&#8220;{}&#8220;]<\/p>\n<h2><strong>Buchung und Stornierung<\/strong><\/h2>\n<ol>\n<li>Die Preise f\u00fcr \u201eMadeira Sidecar Tours\u201c gelten f\u00fcr eine Sidecar-Tour mit Fahrer und beinhalten die gesamte Fahrausr\u00fcstung (Helme, Kopfh\u00f6rer, Regenm\u00e4ntel). Maximal 2 Passagiere pro Sidecar (einer im Beiwagen und der andere auf dem R\u00fccksitz des Motorrads).<\/li>\n<li>Sofern nicht anders angegeben, beinhalten \u201eMadeira Sidecar Tours\u201c keine Mahlzeiten, Getr\u00e4nke oder Verkostungen. Mahlzeiten des Fahrers, pers\u00f6nliche Ausgaben und Eintritte sind nicht inbegriffen.<\/li>\n<li>Die Bedingungen von \u201eMadeira Sidecar Tours\u201c f\u00fcr personalisierte Touren sind auf Anfrage erh\u00e4ltlich.<\/li>\n<li>Vorabreservierungen werden empfohlen und k\u00f6nnen mit einer Anzahlung von 60 % des Gesamtbetrags der Reservierung abgesichert werden. Per Kreditkarte, Bank\u00fcberweisung oder PayPal.<\/li>\n<li>Reservierungen f\u00fcr \u201eMadeira Sidecar Tours\u201c k\u00f6nnen je nach Verf\u00fcgbarkeit ge\u00e4ndert werden.<\/li>\n<\/ol>\n<h2><strong>Stornierungen<\/strong><\/h2>\n<p>Sie k\u00f6nnen Ihre Reservierung bei \u201eMadeira Sidecar Tours\u201c bis zu 7 Tage (einschlie\u00dflich) vor dem gebuchten Tourdatum stornieren \u2013 und erhalten den vollen gezahlten Betrag zur\u00fcck. Andernfalls ist die Buchungsanzahlung nicht erstattungsf\u00e4hig, es sei denn, die Wetterbedingungen machen die Teilnahme an der Tour unm\u00f6glich \u2013 bei anhaltendem Regen k\u00f6nnen Sie die Tour am selben Tag stornieren und erhalten eine volle R\u00fcckerstattung (bitte beachten Sie jedoch, dass wir regentaugliche Ausr\u00fcstung zur Verf\u00fcgung haben).<\/p>\n<h2><strong>Meteorologische Bedingungen und unerwartete Ereignisse<\/strong><\/h2>\n<ul>\n<li>Unvorhergesehenes Wetter: Alle Kunden m\u00fcssen sich dar\u00fcber im Klaren sein, dass es sich um eine Outdoor-Aktivit\u00e4t handelt, die von den klimatischen Bedingungen abh\u00e4ngig ist.<\/li>\n<li>Bei Wetter\u00e4nderungen genau zum Zeitpunkt des Beginns der Tour\/Reise (z. B. am Abholort) k\u00f6nnen Kunden:\n<ol>\n<li>Die Tour\/Reise zu einem sp\u00e4teren Zeitpunkt durchf\u00fchren, der zwischen \u201eMadeira Sidecar Tours\u201c und dem Kunden vereinbart wurde.<\/li>\n<li>Die Tour\/Reise bei N\u00e4sse und mit von Madeira Sidecar Tours bereitgestellter Regenbekleidung durchf\u00fchren.<\/li>\n<li>Eine vollst\u00e4ndige R\u00fcckerstattung des bereits gezahlten Betrags akzeptieren.<\/li>\n<\/ol>\n<\/li>\n<li>Nachdem der Kunde dem Beginn der Tour\/Reise zugestimmt hat, besteht f\u00fcr \u201eMadeira Sidecar Tours\u201c gegen\u00fcber dem Kunden keine finanzielle Verpflichtung, wenn sich die Wetterbedingungen \u00e4ndern.<\/li>\n<li>Der angegebene Mietpreis deckt den Kraftstoffverbrauch, unbegrenzte Kilometer und Nutzung aller erforderlichen Fahrausr\u00fcstung (Helme, Kopfh\u00f6rer, Regenm\u00e4ntel).<\/li>\n<\/ul>\n<h2><strong>Datenschutzrichtlinie<\/strong><\/h2>\n<p>Ihre pers\u00f6nlichen Daten werden vom Unternehmen ausschlie\u00dflich verwendet, um auf Ihre Anfragen zu antworten, Marketing- und Werbeaktivit\u00e4ten zu entwickeln und Informationsmaterialien zu den von unserem Unternehmen angebotenen Produkten und Dienstleistungen zuzusenden. Die \u00dcbermittlung pers\u00f6nlicher Daten ist nicht obligatorisch, aber notwendig, um auf Ihre Anfragen zu antworten. Ihre pers\u00f6nlichen Daten werden nicht \u00f6ffentlich bekannt gegeben.<\/p>\n<h2><strong>Zus\u00e4tzliche Informationen<\/strong><\/h2>\n<ul>\n<li>Die Best\u00e4tigung wird zum Zeitpunkt der Buchung empfangen<\/li>\n<li>Vorbehaltlich g\u00fcnstiger Wetterbedingungen. Bei Stornierung aufgrund schlechten Wetters haben Sie die M\u00f6glichkeit, einen alternativen Termin oder eine vollst\u00e4ndige R\u00fcckerstattung zu vereinbaren<\/li>\n<li>Beiwagen bietet Platz f\u00fcr zwei Passagiere, einen im Beiwagen und einen weiteren auf dem Motorrad hinter dem Fahrer<\/li>\n<li>Preise gelten pro Beiwagen<\/li>\n<\/ul>\n<p>[\/et_pb_text][\/et_pb_column][et_pb_column type=&#8220;1_3&#8243; _builder_version=&#8220;4.16&#8243; custom_padding=&#8220;|||&#8220; global_colors_info=&#8220;{}&#8220; custom_padding__hover=&#8220;|||&#8220;][et_pb_cta title=&#8220;Eine Frage haben?&#8220; button_url=&#8220;https:\/\/madeirasidecartours.com\/de\/kontakte\/&#8220; button_text=&#8220;Kontaktiere uns&#8220; admin_label=&#8220;Eine Frage haben?&#8220; _builder_version=&#8220;4.16&#8243; header_font=&#8220;|800||on|||||&#8220; header_text_align=&#8220;center&#8220; body_font=&#8220;||on||||||&#8220; body_text_align=&#8220;center&#8220; use_background_color=&#8220;off&#8220; background_layout=&#8220;light&#8220; custom_css_main_element=&#8220;padding: 25px !important;||border: 1px solid #dadada;&#8220; saved_tabs=&#8220;all&#8220; global_colors_info=&#8220;{}&#8220; button_text_size__hover_enabled=&#8220;off&#8220; button_one_text_size__hover_enabled=&#8220;off&#8220; button_two_text_size__hover_enabled=&#8220;off&#8220; button_text_color__hover_enabled=&#8220;off&#8220; button_one_text_color__hover_enabled=&#8220;off&#8220; button_two_text_color__hover_enabled=&#8220;off&#8220; button_border_width__hover_enabled=&#8220;off&#8220; button_one_border_width__hover_enabled=&#8220;off&#8220; button_two_border_width__hover_enabled=&#8220;off&#8220; button_border_color__hover_enabled=&#8220;off&#8220; button_one_border_color__hover_enabled=&#8220;off&#8220; button_two_border_color__hover_enabled=&#8220;off&#8220; button_border_radius__hover_enabled=&#8220;off&#8220; button_one_border_radius__hover_enabled=&#8220;off&#8220; button_two_border_radius__hover_enabled=&#8220;off&#8220; button_letter_spacing__hover_enabled=&#8220;off&#8220; button_one_letter_spacing__hover_enabled=&#8220;off&#8220; button_two_letter_spacing__hover_enabled=&#8220;off&#8220; button_bg_color__hover_enabled=&#8220;off&#8220; button_one_bg_color__hover_enabled=&#8220;off&#8220; button_two_bg_color__hover_enabled=&#8220;off&#8220;]Send us an email at any time and we will respond!<br \/>\n[\/et_pb_cta][\/et_pb_column][\/et_pb_row][\/et_pb_section][et_pb_section fb_built=&#8220;1&#8243; _builder_version=&#8220;4.16&#8243; background_image=&#8220;https:\/\/madeirasidecartours.com\/wp-content\/uploads\/2019\/01\/Madeirasidecartours-Ponta-Pargo_Madeira.jpg&#8220; custom_margin=&#8220;0px||0px|0px&#8220; custom_padding=&#8220;0px|0px|0px|0px&#8220; global_colors_info=&#8220;{}&#8220;][et_pb_row use_custom_gutter=&#8220;on&#8220; gutter_width=&#8220;1&#8243; module_class=&#8220; et_pb_row_fullwidth&#8220; _builder_version=&#8220;4.16&#8243; background_color=&#8220;rgba(0,0,0,0.35)&#8220; width=&#8220;100%&#8220; width_tablet=&#8220;100%&#8220; width_last_edited=&#8220;on|desktop&#8220; max_width=&#8220;100%&#8220; max_width_tablet=&#8220;100%&#8220; max_width_last_edited=&#8220;on|desktop&#8220; module_alignment=&#8220;center&#8220; custom_padding=&#8220;100px||110px|&#8220; make_fullwidth=&#8220;on&#8220; global_colors_info=&#8220;{}&#8220; width_phone=&#8220;100%&#8220; max_width_phone=&#8220;100%&#8220;][et_pb_column type=&#8220;4_4&#8243; _builder_version=&#8220;4.16&#8243; custom_padding=&#8220;|95px||95px&#8220; custom_padding_tablet=&#8220;|25px||25px&#8220; custom_padding_phone=&#8220;|10px||10px&#8220; custom_padding_last_edited=&#8220;on|desktop&#8220; global_colors_info=&#8220;{}&#8220; custom_padding__hover=&#8220;|||&#8220;][et_pb_cta title=&#8220;Ready for a Ride?&#8220; button_url=&#8220;https:\/\/madeirasidecartours.com\/sidecar-tours\/&#8220; button_text=&#8220;Buchen Sie Ihre Tour&#8220; admin_label=&#8220;Ready for a Ride?&#8220; _builder_version=&#8220;4.16&#8243; header_font=&#8220;|700||on|||||&#8220; header_text_align=&#8220;center&#8220; header_font_size=&#8220;30&#8243; body_font=&#8220;||on||||||&#8220; body_text_align=&#8220;center&#8220; body_font_size=&#8220;20&#8243; body_line_height=&#8220;1.4em&#8220; use_background_color=&#8220;off&#8220; custom_button=&#8220;on&#8220; button_text_color=&#8220;#ffffff&#8220; button_bg_color=&#8220;#1b93c9&#8243; button_border_color=&#8220;#1b93c9&#8243; button_font=&#8220;|700||on|||||&#8220; button_use_icon=&#8220;off&#8220; button_alignment=&#8220;center&#8220; header_line_height_last_edited=&#8220;off|desktop&#8220; custom_css_promo_button=&#8220;padding-top: 10px;&#8220; custom_css_promo_title=&#8220;padding-bottom: 15px;&#8220; button_text_color_hover=&#8220;#ffffff&#8220; button_border_color_hover=&#8220;#7a232e&#8220; button_bg_color_hover=&#8220;rgba(255,255,255,0)&#8220; global_colors_info=&#8220;{}&#8220; button_text_size__hover_enabled=&#8220;off&#8220; button_one_text_size__hover_enabled=&#8220;off&#8220; button_two_text_size__hover_enabled=&#8220;off&#8220; button_text_color__hover_enabled=&#8220;on&#8220; button_text_color__hover=&#8220;#ffffff&#8220; button_one_text_color__hover_enabled=&#8220;off&#8220; button_two_text_color__hover_enabled=&#8220;off&#8220; button_border_width__hover_enabled=&#8220;off&#8220; button_one_border_width__hover_enabled=&#8220;off&#8220; button_two_border_width__hover_enabled=&#8220;off&#8220; button_border_color__hover_enabled=&#8220;on&#8220; button_border_color__hover=&#8220;#7a232e&#8220; button_one_border_color__hover_enabled=&#8220;off&#8220; button_two_border_color__hover_enabled=&#8220;off&#8220; button_border_radius__hover_enabled=&#8220;off&#8220; button_one_border_radius__hover_enabled=&#8220;off&#8220; button_two_border_radius__hover_enabled=&#8220;off&#8220; button_letter_spacing__hover_enabled=&#8220;off&#8220; button_one_letter_spacing__hover_enabled=&#8220;off&#8220; button_two_letter_spacing__hover_enabled=&#8220;off&#8220; button_bg_color__hover_enabled=&#8220;on&#8220; button_bg_color__hover=&#8220;rgba(255,255,255,0)&#8220; button_one_bg_color__hover_enabled=&#8220;off&#8220; button_two_bg_color__hover_enabled=&#8220;off&#8220;]<\/p>\n<p>\u00a0<\/p>\n<p>[\/et_pb_cta][\/et_pb_column][\/et_pb_row][\/et_pb_section]<\/p>\n","protected":false},"excerpt":{"rendered":"<p>Buchung und Stornierung Die Preise f\u00fcr \u201eMadeira Sidecar Tours\u201c gelten f\u00fcr eine Sidecar-Tour mit Fahrer und beinhalten die gesamte Fahrausr\u00fcstung (Helme, Kopfh\u00f6rer, Regenm\u00e4ntel). Maximal 2 Passagiere pro Sidecar (einer im Beiwagen und der andere auf dem R\u00fccksitz des Motorrads). Sofern nicht anders angegeben, beinhalten \u201eMadeira Sidecar Tours\u201c keine Mahlzeiten, Getr\u00e4nke oder Verkostungen. Mahlzeiten des Fahrers, [&hellip;]<\/p>\n","protected":false},"author":2,"featured_media":691,"parent":0,"menu_order":0,"comment_status":"closed","ping_status":"closed","template":"","meta":{"_et_pb_use_builder":"on","_et_pb_old_content":"","_et_gb_content_width":"","_joinchat":[],"footnotes":""},"class_list":["post-1433","page","type-page","status-publish","has-post-thumbnail","hentry"],"_links":{"self":[{"href":"https:\/\/madeirasidecartours.com\/de\/wp-json\/wp\/v2\/pages\/1433","targetHints":{"allow":["GET"]}}],"collection":[{"href":"https:\/\/madeirasidecartours.com\/de\/wp-json\/wp\/v2\/pages"}],"about":[{"href":"https:\/\/madeirasidecartours.com\/de\/wp-json\/wp\/v2\/types\/page"}],"author":[{"embeddable":true,"href":"https:\/\/madeirasidecartours.com\/de\/wp-json\/wp\/v2\/users\/2"}],"replies":[{"embeddable":true,"href":"https:\/\/madeirasidecartours.com\/de\/wp-json\/wp\/v2\/comments?post=1433"}],"version-history":[{"count":6,"href":"https:\/\/madeirasidecartours.com\/de\/wp-json\/wp\/v2\/pages\/1433\/revisions"}],"predecessor-version":[{"id":4980,"href":"https:\/\/madeirasidecartours.com\/de\/wp-json\/wp\/v2\/pages\/1433\/revisions\/4980"}],"wp:featuredmedia":[{"embeddable":true,"href":"https:\/\/madeirasidecartours.com\/de\/wp-json\/wp\/v2\/media\/691"}],"wp:attachment":[{"href":"https:\/\/madeirasidecartours.com\/de\/wp-json\/wp\/v2\/media?parent=1433"}],"curies":[{"name":"wp","href":"https:\/\/api.w.org\/{rel}","templated":true}]}}