{"id":1415,"date":"2018-02-02T17:32:06","date_gmt":"2018-02-02T17:32:06","guid":{"rendered":"https:\/\/madeirasidecartours.com\/?page_id=1415"},"modified":"2025-06-06T15:33:58","modified_gmt":"2025-06-06T14:33:58","slug":"kontakte","status":"publish","type":"page","link":"https:\/\/madeirasidecartours.com\/de\/kontakte\/","title":{"rendered":"Kontakte"},"content":{"rendered":"<p>[et_pb_section fb_built=&#8220;1&#8243; fullwidth=&#8220;on&#8220; _builder_version=&#8220;4.16&#8243; background_image=&#8220;https:\/\/madeirasidecartours.com\/wp-content\/uploads\/2018\/01\/madeira-sidecar-tours-tema-1200-v2.jpg&#8220; custom_padding=&#8220;40px||40px|&#8220; global_colors_info=&#8220;{}&#8220;][et_pb_fullwidth_header title=&#8220;Kontakte&#8220; content_max_width_tablet=&#8220;50px&#8220; admin_label=&#8220;Kontakte&#8220; _builder_version=&#8220;4.16&#8243; title_font=&#8220;|700||on|||||&#8220; title_text_color=&#8220;#ffffff&#8220; background_color=&#8220;rgba(255, 255, 255, 0)&#8220; background_layout=&#8220;light&#8220; max_width_tablet=&#8220;50px&#8220; custom_css_title=&#8220;text-shadow: 1px 1px 2px #000;&#8220; global_colors_info=&#8220;{}&#8220; button_one_text_size__hover_enabled=&#8220;off&#8220; button_two_text_size__hover_enabled=&#8220;off&#8220; button_one_text_color__hover_enabled=&#8220;off&#8220; button_two_text_color__hover_enabled=&#8220;off&#8220; button_one_border_width__hover_enabled=&#8220;off&#8220; button_two_border_width__hover_enabled=&#8220;off&#8220; button_one_border_color__hover_enabled=&#8220;off&#8220; button_two_border_color__hover_enabled=&#8220;off&#8220; button_one_border_radius__hover_enabled=&#8220;off&#8220; button_two_border_radius__hover_enabled=&#8220;off&#8220; button_one_letter_spacing__hover_enabled=&#8220;off&#8220; button_two_letter_spacing__hover_enabled=&#8220;off&#8220; button_one_bg_color__hover_enabled=&#8220;off&#8220; button_two_bg_color__hover_enabled=&#8220;off&#8220;][\/et_pb_fullwidth_header][\/et_pb_section][et_pb_section fb_built=&#8220;1&#8243; _builder_version=&#8220;4.16&#8243; global_colors_info=&#8220;{}&#8220;][et_pb_row column_structure=&#8220;2_3,1_3&#8243; module_class=&#8220; et_pb_row_fullwidth&#8220; _builder_version=&#8220;4.16&#8243; width=&#8220;89%&#8220; width_tablet=&#8220;80%&#8220; width_phone=&#8220;80%&#8220; width_last_edited=&#8220;on|desktop&#8220; max_width=&#8220;89%&#8220; max_width_tablet=&#8220;80%&#8220; max_width_phone=&#8220;80%&#8220; max_width_last_edited=&#8220;on|desktop&#8220; make_fullwidth=&#8220;on&#8220; global_colors_info=&#8220;{}&#8220;][et_pb_column type=&#8220;2_3&#8243; _builder_version=&#8220;4.16&#8243; custom_padding=&#8220;|||&#8220; global_colors_info=&#8220;{}&#8220; custom_padding__hover=&#8220;|||&#8220;][et_pb_text admin_label=&#8220;Eine Frage haben?&#8220; _builder_version=&#8220;4.16&#8243; header_2_font=&#8220;|600||on|||||&#8220; custom_margin=&#8220;||0px|&#8220; custom_padding=&#8220;||15px|&#8220; saved_tabs=&#8220;all&#8220; global_colors_info=&#8220;{}&#8220;]<\/p>\n<h2 style=\"font-size: 20px; border: 1px solid #efefef; padding: 15px !important;\">Eine Frage haben?<\/h2>\n<p>[\/et_pb_text][et_pb_text admin_label=&#8220;Text &#8211; Eine Frage haben?&#8220; _builder_version=&#8220;4.16&#8243; text_line_height=&#8220;1.4em&#8220; header_2_font=&#8220;|700||on|||||&#8220; text_orientation=&#8220;justified&#8220; custom_margin=&#8220;0px|||&#8220; custom_padding=&#8220;0px|||&#8220; global_colors_info=&#8220;{}&#8220;]Wir sch\u00e4tzen Ihren Kontakt f\u00fcr unsere E-Mail, wo Sie weitere Fragen, Erl\u00e4uterungen oder sogar Vorschl\u00e4ge zu unserem Service von Beiwagen Touren stellen k\u00f6nnen. Sie k\u00f6nnen das unten stehende Formular oder die angegebenen Kontakte verwenden!<br \/>\n[\/et_pb_text][et_pb_code admin_label=&#8220;Contact Form 7&#8243; _builder_version=&#8220;4.16&#8243; global_colors_info=&#8220;{}&#8220;]\n<div class=\"wpcf7 no-js\" id=\"wpcf7-f1562-o1\" lang=\"en-US\" dir=\"ltr\" data-wpcf7-id=\"1562\">\n<div class=\"screen-reader-response\"><p role=\"status\" aria-live=\"polite\" aria-atomic=\"true\"><\/p> <ul><\/ul><\/div>\n<form action=\"\/de\/wp-json\/wp\/v2\/pages\/1415#wpcf7-f1562-o1\" method=\"post\" class=\"wpcf7-form init wpcf7-acceptance-as-validation\" aria-label=\"Contact form\" novalidate=\"novalidate\" data-status=\"init\">\n<fieldset class=\"hidden-fields-container\"><input type=\"hidden\" name=\"_wpcf7\" value=\"1562\" \/><input type=\"hidden\" name=\"_wpcf7_version\" value=\"6.1.5\" \/><input type=\"hidden\" name=\"_wpcf7_locale\" value=\"en_US\" \/><input type=\"hidden\" name=\"_wpcf7_unit_tag\" value=\"wpcf7-f1562-o1\" \/><input type=\"hidden\" name=\"_wpcf7_container_post\" value=\"0\" \/><input type=\"hidden\" name=\"_wpcf7_posted_data_hash\" value=\"\" \/><input type=\"hidden\" name=\"_wpcf7_recaptcha_response\" value=\"\" \/>\n<\/fieldset>\n<p><span class=\"wpcf7-form-control-wrap\" data-name=\"mst-name\"><input size=\"40\" maxlength=\"400\" class=\"wpcf7-form-control wpcf7-text wpcf7-validates-as-required mst-name\" id=\"mst-name\" aria-required=\"true\" aria-invalid=\"false\" placeholder=\"Name\" value=\"\" type=\"text\" name=\"mst-name\" \/><\/span>\n<\/p>\n<p><span class=\"wpcf7-form-control-wrap\" data-name=\"mst-email\"><input size=\"40\" maxlength=\"400\" class=\"wpcf7-form-control wpcf7-email wpcf7-validates-as-required wpcf7-text wpcf7-validates-as-email mst-email\" id=\"mst-email\" aria-required=\"true\" aria-invalid=\"false\" placeholder=\"Email\" value=\"\" type=\"email\" name=\"mst-email\" \/><\/span>\n<\/p>\n<p><span class=\"wpcf7-form-control-wrap\" data-name=\"mst-telephone\"><input size=\"40\" maxlength=\"400\" class=\"wpcf7-form-control wpcf7-text mst-telephone\" id=\"mst-telephone\" aria-invalid=\"false\" placeholder=\"Telefon\" value=\"\" type=\"text\" name=\"mst-telephone\" \/><\/span>\n<\/p>\n<p><span class=\"wpcf7-form-control-wrap\" data-name=\"mst-message\"><textarea cols=\"40\" rows=\"10\" maxlength=\"2000\" class=\"wpcf7-form-control wpcf7-textarea mst-message\" id=\"mst-message\" aria-invalid=\"false\" placeholder=\"Botschaft\" name=\"mst-message\"><\/textarea><\/span>\n<\/p>\n<p><label style=\"font-size:15px;\"><span class=\"wpcf7-form-control-wrap\" data-name=\"acceptance-booking\"><span class=\"wpcf7-form-control wpcf7-acceptance\"><span class=\"wpcf7-list-item\"><input type=\"checkbox\" name=\"acceptance-booking\" value=\"1\" aria-invalid=\"false\" \/><\/span><\/span><\/span> Ich habe gelesen und akzeptiere die <a href=\"https:\/\/madeirasidecartours.com\/de\/allgemeine-bedingungen\/\" target=\"_blank\">Allgemeine Bedingungen<\/a>.<\/label>\n<\/p>\n<p><span style=\"padding-bottom: 1em;\">\n\t<span><br \/>\n<input class=\"wpcf7-form-control wpcf7-submit has-spinner\" type=\"submit\" value=\"SCHICK JETZT\" \/><br \/>\n<script>\n\/\/ script para p\u00e1gina de agradecimento - Contact page\ndocument.addEventListener( 'wpcf7mailsent', function( event ) {\n location = 'https:\/\/madeirasidecartours.com\/de\/danke-kontakte\/';\n}, false );\n<\/script><\/span><\/span>\n<\/p><div class=\"wpcf7-response-output\" aria-hidden=\"true\"><\/div>\n<\/form>\n<\/div>\n[\/et_pb_code][\/et_pb_column][et_pb_column type=&#8220;1_3&#8243; _builder_version=&#8220;4.16&#8243; custom_padding=&#8220;|||&#8220; global_colors_info=&#8220;{}&#8220; custom_padding__hover=&#8220;|||&#8220;][et_pb_text admin_label=&#8220;Mehr Kontakte&#8220; _builder_version=&#8220;4.16&#8243; header_2_font=&#8220;|600||on|||||&#8220; custom_margin=&#8220;||0px|&#8220; custom_padding=&#8220;||15px|&#8220; saved_tabs=&#8220;all&#8220; global_colors_info=&#8220;{}&#8220;]<\/p>\n<h2 style=\"font-size: 20px; border: 1px solid #efefef; padding: 15px !important;\">Mehr Kontakte<\/h2>\n<p>[\/et_pb_text][et_pb_text admin_label=&#8220;Mehr Informationen&#8220; _builder_version=&#8220;4.16&#8243; header_3_font=&#8220;|600||on|||||&#8220; global_colors_info=&#8220;{}&#8220;]<\/p>\n<ul>\n<li><strong>Email:<\/strong> <a href=\"mailto:info@madeirasidecartours.com\">info@madeirasidecartours.com<\/a><\/li>\n<li><strong>Telefon:<\/strong> +351 969 691 007<\/li>\n<li><strong>Adresse:<\/strong> Largo dos Varadouros, n\u00ba5, Funchal, Madeira 9000-018, Portugal<\/li>\n<\/ul>\n<p>[\/et_pb_text][et_pb_text admin_label=&#8220;Sozialen Medien&#8220; _builder_version=&#8220;4.16&#8243; header_3_font=&#8220;|600||on|||||&#8220; global_colors_info=&#8220;{}&#8220;]<\/p>\n<h3>Sozialen Medien<\/h3>\n<p><div class=\"et_social_networks et_social_autowidth et_social_slide et_social_rounded et_social_left et_social_mobile_on et_social_outer_dark\">\n\t\t\t\t\t\n\t\t\t\t\t\n\t\t\t\t\t<ul class=\"et_social_icons_container\"><li class=\"et_social_facebook\">\n\t\t\t\t\t\t<a href=\"https:\/\/www.facebook.com\/madeirasidecartours\/\" class=\"et_social_follow\" data-social_name=\"facebook\" data-social_type=\"follow\" data-post_id=\"0\" target=\"_blank\">\n\t\t\t\t\t\t\t<i class=\"et_social_icon et_social_icon_facebook\"><\/i>\n\t\t\t\t\t\t\t\n\t\t\t\t\t\t\t<span class=\"et_social_overlay\"><\/span>\n\t\t\t\t\t\t<\/a>\n\t\t\t\t\t<\/li><li class=\"et_social_twitter\">\n\t\t\t\t\t\t<a href=\"https:\/\/twitter.com\/sidecarmadeira\" class=\"et_social_follow\" data-social_name=\"twitter\" data-social_type=\"follow\" data-post_id=\"0\" target=\"_blank\">\n\t\t\t\t\t\t\t<i class=\"et_social_icon et_social_icon_twitter\"><\/i>\n\t\t\t\t\t\t\t\n\t\t\t\t\t\t\t<span class=\"et_social_overlay\"><\/span>\n\t\t\t\t\t\t<\/a>\n\t\t\t\t\t<\/li><li class=\"et_social_pinterest\">\n\t\t\t\t\t\t<a href=\"https:\/\/www.pinterest.pt\/sidecarmadeira\/\" class=\"et_social_follow\" data-social_name=\"pinterest\" data-social_type=\"follow\" data-post_id=\"0\" target=\"_blank\">\n\t\t\t\t\t\t\t<i class=\"et_social_icon et_social_icon_pinterest\"><\/i>\n\t\t\t\t\t\t\t\n\t\t\t\t\t\t\t<span class=\"et_social_overlay\"><\/span>\n\t\t\t\t\t\t<\/a>\n\t\t\t\t\t<\/li><li class=\"et_social_instagram\">\n\t\t\t\t\t\t<a href=\"https:\/\/www.instagram.com\/madeirasidecartours\/\" class=\"et_social_follow\" data-social_name=\"instagram\" data-social_type=\"follow\" data-post_id=\"0\" target=\"_blank\">\n\t\t\t\t\t\t\t<i class=\"et_social_icon et_social_icon_instagram\"><\/i>\n\t\t\t\t\t\t\t\n\t\t\t\t\t\t\t<span class=\"et_social_overlay\"><\/span>\n\t\t\t\t\t\t<\/a>\n\t\t\t\t\t<\/li><\/ul>\n\t\t\t\t<\/div><br \/>\n[\/et_pb_text][\/et_pb_column][\/et_pb_row][et_pb_row module_class=&#8220; et_pb_row_fullwidth&#8220; _builder_version=&#8220;4.16&#8243; width=&#8220;89%&#8220; width_tablet=&#8220;80%&#8220; width_phone=&#8220;80%&#8220; width_last_edited=&#8220;on|desktop&#8220; max_width=&#8220;89%&#8220; max_width_tablet=&#8220;80%&#8220; max_width_phone=&#8220;80%&#8220; max_width_last_edited=&#8220;on|desktop&#8220; custom_margin=&#8220;||0px|&#8220; custom_padding=&#8220;||0px|&#8220; make_fullwidth=&#8220;on&#8220; global_colors_info=&#8220;{}&#8220;][et_pb_column type=&#8220;4_4&#8243; _builder_version=&#8220;4.16&#8243; custom_padding=&#8220;|||&#8220; global_colors_info=&#8220;{}&#8220; custom_padding__hover=&#8220;|||&#8220;][et_pb_code admin_label=&#8220;Code &#8211; Google Maps&#8220; _builder_version=&#8220;4.16&#8243; text_orientation=&#8220;center&#8220; global_colors_info=&#8220;{}&#8220;]<iframe loading=\"lazy\" style=\"border: 0;\" src=\"https:\/\/www.google.com\/maps\/embed?pb=!1m18!1m12!1m3!1d839.8617740305226!2d-16.907332770777657!3d32.6475445280302!2m3!1f0!2f0!3f0!3m2!1i1024!2i768!4f13.1!3m3!1m2!1s0xc606008a9701995%3A0x8f78411ed5bc1128!2sLargo+dos+Varadouros+5%2C+9000-503+Funchal!5e0!3m2!1spt-PT!2spt!4v1514981831758\" width=\"2000\" height=\"600\" frameborder=\"0\" allowfullscreen=\"allowfullscreen\"><\/iframe>[\/et_pb_code][\/et_pb_column][\/et_pb_row][\/et_pb_section][et_pb_section fb_built=&#8220;1&#8243; _builder_version=&#8220;4.16&#8243; background_image=&#8220;https:\/\/madeirasidecartours.com\/wp-content\/uploads\/2017\/12\/Madeirasidecartours-Ponta-Pargo_Madeira.jpg&#8220; custom_margin=&#8220;0px||0px|0px&#8220; custom_padding=&#8220;0px|0px|0px|0px&#8220; global_colors_info=&#8220;{}&#8220;][et_pb_row use_custom_gutter=&#8220;on&#8220; gutter_width=&#8220;1&#8243; module_class=&#8220; et_pb_row_fullwidth&#8220; _builder_version=&#8220;4.16&#8243; background_color=&#8220;rgba(0,0,0,0.35)&#8220; width=&#8220;100%&#8220; width_tablet=&#8220;100%&#8220; width_phone=&#8220;100%&#8220; width_last_edited=&#8220;on|desktop&#8220; max_width=&#8220;100%&#8220; max_width_tablet=&#8220;100%&#8220; max_width_phone=&#8220;100%&#8220; max_width_last_edited=&#8220;on|desktop&#8220; module_alignment=&#8220;center&#8220; custom_padding=&#8220;100px||110px|&#8220; make_fullwidth=&#8220;on&#8220; global_colors_info=&#8220;{}&#8220;][et_pb_column type=&#8220;4_4&#8243; _builder_version=&#8220;4.16&#8243; custom_padding=&#8220;|95px||95px&#8220; custom_padding_tablet=&#8220;|25px||25px&#8220; custom_padding_phone=&#8220;|10px||10px&#8220; custom_padding_last_edited=&#8220;on|desktop&#8220; global_colors_info=&#8220;{}&#8220; custom_padding__hover=&#8220;|||&#8220;][et_pb_cta title=&#8220;Bereit f\u00fcr eine Fahrt?&#8220; button_url=&#8220;https:\/\/madeirasidecartours.com\/de\/sidecar-tours\/&#8220; button_text=&#8220;Buchen Sie Ihre Tour&#8220; admin_label=&#8220;Bereit f\u00fcr eine Fahrt?&#8220; _builder_version=&#8220;4.16&#8243; header_font=&#8220;|700||on|||||&#8220; header_text_align=&#8220;center&#8220; header_font_size=&#8220;30&#8243; body_font=&#8220;||on||||||&#8220; body_text_align=&#8220;center&#8220; body_font_size=&#8220;20&#8243; body_line_height=&#8220;1.4em&#8220; use_background_color=&#8220;off&#8220; custom_button=&#8220;on&#8220; button_text_color=&#8220;#ffffff&#8220; button_bg_color=&#8220;#7a232e&#8220; button_border_color=&#8220;#7a232e&#8220; button_font=&#8220;|700||on|||||&#8220; button_use_icon=&#8220;off&#8220; button_alignment=&#8220;center&#8220; header_line_height_last_edited=&#8220;off|desktop&#8220; custom_css_promo_button=&#8220;padding-top: 10px;&#8220; custom_css_promo_title=&#8220;padding-bottom: 15px;&#8220; button_text_color_hover=&#8220;#ffffff&#8220; button_border_color_hover=&#8220;#7a232e&#8220; button_bg_color_hover=&#8220;rgba(255,255,255,0)&#8220; global_colors_info=&#8220;{}&#8220; button_text_size__hover_enabled=&#8220;off&#8220; button_one_text_size__hover_enabled=&#8220;off&#8220; button_two_text_size__hover_enabled=&#8220;off&#8220; button_text_color__hover_enabled=&#8220;on&#8220; button_text_color__hover=&#8220;#ffffff&#8220; button_one_text_color__hover_enabled=&#8220;off&#8220; button_two_text_color__hover_enabled=&#8220;off&#8220; button_border_width__hover_enabled=&#8220;off&#8220; button_one_border_width__hover_enabled=&#8220;off&#8220; button_two_border_width__hover_enabled=&#8220;off&#8220; button_border_color__hover_enabled=&#8220;on&#8220; button_border_color__hover=&#8220;#7a232e&#8220; button_one_border_color__hover_enabled=&#8220;off&#8220; button_two_border_color__hover_enabled=&#8220;off&#8220; button_border_radius__hover_enabled=&#8220;off&#8220; button_one_border_radius__hover_enabled=&#8220;off&#8220; button_two_border_radius__hover_enabled=&#8220;off&#8220; button_letter_spacing__hover_enabled=&#8220;off&#8220; button_one_letter_spacing__hover_enabled=&#8220;off&#8220; button_two_letter_spacing__hover_enabled=&#8220;off&#8220; button_bg_color__hover_enabled=&#8220;on&#8220; button_bg_color__hover=&#8220;rgba(255,255,255,0)&#8220; button_one_bg_color__hover_enabled=&#8220;off&#8220; button_two_bg_color__hover_enabled=&#8220;off&#8220;][\/et_pb_cta][\/et_pb_column][\/et_pb_row][\/et_pb_section]<\/p>\n","protected":false},"excerpt":{"rendered":"<p>Eine Frage haben? Wir sch\u00e4tzen Ihren Kontakt f\u00fcr unsere E-Mail, wo Sie weitere Fragen, Erl\u00e4uterungen oder sogar Vorschl\u00e4ge zu unserem Service von Beiwagen Touren stellen k\u00f6nnen. Sie k\u00f6nnen das unten stehende Formular oder die angegebenen Kontakte verwenden! \n<div class=\"wpcf7 no-js\" id=\"wpcf7-f1562-o2\" lang=\"en-US\" dir=\"ltr\" data-wpcf7-id=\"1562\">\n<div class=\"screen-reader-response\"><p role=\"status\" aria-live=\"polite\" aria-atomic=\"true\"><\/p> <ul><\/ul><\/div>\n<form action=\"\/de\/wp-json\/wp\/v2\/pages\/1415#wpcf7-f1562-o2\" method=\"post\" class=\"wpcf7-form init wpcf7-acceptance-as-validation\" aria-label=\"Contact form\" novalidate=\"novalidate\" data-status=\"init\">\n<fieldset class=\"hidden-fields-container\"><input type=\"hidden\" name=\"_wpcf7\" value=\"1562\" \/><input type=\"hidden\" name=\"_wpcf7_version\" value=\"6.1.5\" \/><input type=\"hidden\" name=\"_wpcf7_locale\" value=\"en_US\" \/><input type=\"hidden\" name=\"_wpcf7_unit_tag\" value=\"wpcf7-f1562-o2\" \/><input type=\"hidden\" name=\"_wpcf7_container_post\" value=\"0\" \/><input type=\"hidden\" name=\"_wpcf7_posted_data_hash\" value=\"\" \/><input type=\"hidden\" name=\"_wpcf7_recaptcha_response\" value=\"\" \/>\n<\/fieldset>\n<p><span class=\"wpcf7-form-control-wrap\" data-name=\"mst-name\"><input size=\"40\" maxlength=\"400\" class=\"wpcf7-form-control wpcf7-text wpcf7-validates-as-required mst-name\" aria-required=\"true\" aria-invalid=\"false\" placeholder=\"Name\" value=\"\" type=\"text\" name=\"mst-name\" \/><\/span>\n<\/p>\n<p><span class=\"wpcf7-form-control-wrap\" data-name=\"mst-email\"><input size=\"40\" maxlength=\"400\" class=\"wpcf7-form-control wpcf7-email wpcf7-validates-as-required wpcf7-text wpcf7-validates-as-email mst-email\" aria-required=\"true\" aria-invalid=\"false\" placeholder=\"Email\" value=\"\" type=\"email\" name=\"mst-email\" \/><\/span>\n<\/p>\n<p><span class=\"wpcf7-form-control-wrap\" data-name=\"mst-telephone\"><input size=\"40\" maxlength=\"400\" class=\"wpcf7-form-control wpcf7-text mst-telephone\" aria-invalid=\"false\" placeholder=\"Telefon\" value=\"\" type=\"text\" name=\"mst-telephone\" \/><\/span>\n<\/p>\n<p><span class=\"wpcf7-form-control-wrap\" data-name=\"mst-message\"><textarea cols=\"40\" rows=\"10\" maxlength=\"2000\" class=\"wpcf7-form-control wpcf7-textarea mst-message\" aria-invalid=\"false\" placeholder=\"Botschaft\" name=\"mst-message\"><\/textarea><\/span>\n<\/p>\n<p><label style=\"font-size:15px;\"><span class=\"wpcf7-form-control-wrap\" data-name=\"acceptance-booking\"><span class=\"wpcf7-form-control wpcf7-acceptance\"><span class=\"wpcf7-list-item\"><input type=\"checkbox\" name=\"acceptance-booking\" value=\"1\" aria-invalid=\"false\" \/><\/span><\/span><\/span> Ich habe gelesen und akzeptiere die <a href=\"https:\/\/madeirasidecartours.com\/de\/allgemeine-bedingungen\/\" target=\"_blank\">Allgemeine Bedingungen<\/a>.<\/label>\n<\/p>\n<p><span style=\"padding-bottom: 1em;\">\n\t<span><br \/>\n<input class=\"wpcf7-form-control wpcf7-submit has-spinner\" type=\"submit\" value=\"SCHICK JETZT\" \/><br \/>\n<script>\n\/\/ script para p\u00e1gina de agradecimento - Contact page\ndocument.addEventListener( 'wpcf7mailsent', function( event ) {\n location = 'https:\/\/madeirasidecartours.com\/de\/danke-kontakte\/';\n}, false );\n<\/script><\/span><\/span>\n<\/p><div class=\"wpcf7-response-output\" aria-hidden=\"true\"><\/div>\n<\/form>\n<\/div>\nMehr Kontakte Email: info@madeirasidecartours.com Telefon: +351 969 691 007 Adresse: Largo dos Varadouros, n\u00ba5, Funchal, [&hellip;]<\/p>\n","protected":false},"author":2,"featured_media":691,"parent":0,"menu_order":0,"comment_status":"closed","ping_status":"closed","template":"","meta":{"_et_pb_use_builder":"on","_et_pb_old_content":"[et_pb_section bb_built=\"1\" fullwidth=\"on\" specialty=\"off\"][et_pb_fullwidth_header \/][\/et_pb_section][et_pb_section bb_built=\"1\"][et_pb_row][\/et_pb_row][\/et_pb_section]","_et_gb_content_width":"","_joinchat":[],"footnotes":""},"class_list":["post-1415","page","type-page","status-publish","has-post-thumbnail","hentry"],"_links":{"self":[{"href":"https:\/\/madeirasidecartours.com\/de\/wp-json\/wp\/v2\/pages\/1415","targetHints":{"allow":["GET"]}}],"collection":[{"href":"https:\/\/madeirasidecartours.com\/de\/wp-json\/wp\/v2\/pages"}],"about":[{"href":"https:\/\/madeirasidecartours.com\/de\/wp-json\/wp\/v2\/types\/page"}],"author":[{"embeddable":true,"href":"https:\/\/madeirasidecartours.com\/de\/wp-json\/wp\/v2\/users\/2"}],"replies":[{"embeddable":true,"href":"https:\/\/madeirasidecartours.com\/de\/wp-json\/wp\/v2\/comments?post=1415"}],"version-history":[{"count":5,"href":"https:\/\/madeirasidecartours.com\/de\/wp-json\/wp\/v2\/pages\/1415\/revisions"}],"predecessor-version":[{"id":4988,"href":"https:\/\/madeirasidecartours.com\/de\/wp-json\/wp\/v2\/pages\/1415\/revisions\/4988"}],"wp:featuredmedia":[{"embeddable":true,"href":"https:\/\/madeirasidecartours.com\/de\/wp-json\/wp\/v2\/media\/691"}],"wp:attachment":[{"href":"https:\/\/madeirasidecartours.com\/de\/wp-json\/wp\/v2\/media?parent=1415"}],"curies":[{"name":"wp","href":"https:\/\/api.w.org\/{rel}","templated":true}]}}