{"id":1387,"date":"2018-02-02T14:22:39","date_gmt":"2018-02-02T14:22:39","guid":{"rendered":"https:\/\/madeirasidecartours.com\/?page_id=1387"},"modified":"2025-06-06T15:30:09","modified_gmt":"2025-06-06T14:30:09","slug":"information-du-consommateur","status":"publish","type":"page","link":"https:\/\/madeirasidecartours.com\/de\/information-du-consommateur\/","title":{"rendered":"Verbraucherinformationen"},"content":{"rendered":"<p>[et_pb_section fb_built=&#8220;1&#8243; fullwidth=&#8220;on&#8220; _builder_version=&#8220;4.16&#8243; background_image=&#8220;https:\/\/madeirasidecartours.com\/wp-content\/uploads\/2018\/01\/madeira-sidecar-tours-tema-1200-v2.jpg&#8220; custom_padding=&#8220;40px||40px|&#8220; global_colors_info=&#8220;{}&#8220;][et_pb_fullwidth_header title=&#8220;Verbraucherinformationen&#8220; admin_label=&#8220;Information du Consommateur&#8220; _builder_version=&#8220;4.27.4&#8243; title_font=&#8220;|700||on|||||&#8220; title_text_color=&#8220;#ffffff&#8220; background_color=&#8220;rgba(255, 255, 255, 0)&#8220; background_layout=&#8220;light&#8220; hover_enabled=&#8220;0&#8243; custom_css_title=&#8220;text-shadow: 1px 1px 2px #000;&#8220; global_colors_info=&#8220;{}&#8220; button_one_text_size__hover_enabled=&#8220;off&#8220; button_two_text_size__hover_enabled=&#8220;off&#8220; button_one_text_color__hover_enabled=&#8220;off&#8220; button_two_text_color__hover_enabled=&#8220;off&#8220; button_one_border_width__hover_enabled=&#8220;off&#8220; button_two_border_width__hover_enabled=&#8220;off&#8220; button_one_border_color__hover_enabled=&#8220;off&#8220; button_two_border_color__hover_enabled=&#8220;off&#8220; button_one_border_radius__hover_enabled=&#8220;off&#8220; button_two_border_radius__hover_enabled=&#8220;off&#8220; button_one_letter_spacing__hover_enabled=&#8220;off&#8220; button_two_letter_spacing__hover_enabled=&#8220;off&#8220; button_one_bg_color__hover_enabled=&#8220;off&#8220; button_two_bg_color__hover_enabled=&#8220;off&#8220; sticky_enabled=&#8220;0&#8243;][\/et_pb_fullwidth_header][\/et_pb_section][et_pb_section fb_built=&#8220;1&#8243; _builder_version=&#8220;4.16&#8243; global_colors_info=&#8220;{}&#8220;][et_pb_row _builder_version=&#8220;4.16&#8243; background_size=&#8220;initial&#8220; background_position=&#8220;top_left&#8220; background_repeat=&#8220;repeat&#8220; global_colors_info=&#8220;{}&#8220; column_structure=&#8220;2_3,1_3&#8243;][et_pb_column type=&#8220;2_3&#8243; _builder_version=&#8220;4.16&#8243; custom_padding=&#8220;|||&#8220; global_colors_info=&#8220;{}&#8220; custom_padding__hover=&#8220;|||&#8220;][et_pb_text _builder_version=&#8220;4.16&#8243; global_colors_info=&#8220;{}&#8220;]En cas de litige de consommation, le consommateur peut recourir \u00e0 la plate-forme europ\u00e9enne de r\u00e8glement des litiges en ligne, disponible sur <a href=\"http:\/\/ec.europa.eu\/consumers\/odr\" target=\"_blank\" rel=\"noopener\">http:\/\/ec.europa.eu\/consumers\/odr<\/a> ou aux autres entit\u00e9s de r\u00e8glement des litiges de consommation suivantes:<\/p>\n<p><strong>1. CNIACC \u2013 Centro Nacional de Informac\u0327a\u0303o e Arbitragem de Conflitos de Consumo<\/strong><br \/>\nTel.: 213 847 484;<br \/>\nE-mail: cniacc@unl.pt;<br \/>\nWeb: www.arbitragemdeconsumo.org \/ www.facebook.com\/cniacc<\/p>\n<p><strong>2. CIMAAL \u2013 Centro de Informac\u0327a\u0303o, Mediac\u0327a\u0303o e Arbitragem de Conflitos de Consumo do Algarve<\/strong><br \/>\nTel.: 289 823 135;<br \/>\nE-mail: cimaal@mail.telepac.pt;<br \/>\nWeb: www.consumidoronline.pt<\/p>\n<p><strong>3. Centro de Arbitragem de Conflitos de Consumo do Distrito de Coimbra<\/strong><br \/>\nTel.: 239 821 690\/289;<br \/>\nE-mail: geral@centrodearbitragemdecoimbra.com;<br \/>\nWeb: www.centrodearbitragemdecoimbra.com<\/p>\n<p><strong>4. Centro de Arbitragem de Conflitos de Consumo de Lisboa<\/strong><br \/>\nTel.: 218 807 000 \/ 218807030;<br \/>\nE-mail: juridico@centroarbitragemlisboa.pt; director@centroarbitragemlisboa.pt;<br \/>\nWeb: www.centroarbitragemlisboa.pt<\/p>\n<p><strong>5. Centro de Informac\u0327a\u0303o de Consumo e Arbitragem do Porto<\/strong><br \/>\nTel.: 225 508 349 \/ 225 029 791;<br \/>\nE-mail: cicap@mail.telepac.pt;<br \/>\nWeb: www.cicap.pt<\/p>\n<p><strong>6. Centro de Arbitragem de Conflitos de Consumo do Vale do Ave\/Tribunal Arbitral<\/strong><br \/>\nTel.: 253 422 410;<br \/>\nE-mail: triave@gmail.com;<br \/>\nWeb: www.triave.pt<\/p>\n<p><strong>7. Centro de Informac\u0327a\u0303o, Mediac\u0327a\u0303o e Arbitragem de Consumo (Tribunal Arbitral de Consumo)<\/strong><br \/>\nTel.: 253 617 604;<br \/>\nE-mail: geral@ciab.pt;<br \/>\nWeb: www.ciab.pt<\/p>\n<p><strong>8. Centro de Arbitragem de Conflitos de Consumo da Regia\u0303o Auto\u0301noma da Madeira<\/strong><br \/>\nMorada: Rua Direita, 27 \u2013 1o Andar, 9050-405 Funchal;<br \/>\nTel.: 291 215 070<br \/>\nE-mail: centroarbitragem.srias@madeira.gov.pt;<br \/>\nWeb: www.srrh.gov-madeira.pt<\/p>\n<p>Pour plus d&#8217;informations, consultez le portail des consommateurs\u00a0<a href=\"https:\/\/www.madeira.gov.pt\/cacc\/Estrutura\/O-Centro-de-Arbitragem\" target=\"_blank\" rel=\"noopener nofollow\">https:\/\/www.madeira.gov.pt\/cacc\/Estrutura\/O-Centro-de-Arbitragem<\/a><br \/>\n[\/et_pb_text][\/et_pb_column][et_pb_column type=&#8220;1_3&#8243; _builder_version=&#8220;4.16&#8243; custom_padding=&#8220;|||&#8220; global_colors_info=&#8220;{}&#8220; custom_padding__hover=&#8220;|||&#8220;][et_pb_cta title=&#8220;HABEN SIE EINE FRAGE?&#8220; button_url=&#8220;https:\/\/madeirasidecartours.com\/de\/kontakte\/&#8220; button_text=&#8220;Kontaktieren Sie uns&#8220; admin_label=&#8220;AVOIR UNE QUESTION?&#8220; _builder_version=&#8220;4.16&#8243; header_font=&#8220;|800||on|||||&#8220; header_text_align=&#8220;center&#8220; body_font=&#8220;||on||||||&#8220; body_text_align=&#8220;center&#8220; use_background_color=&#8220;off&#8220; background_layout=&#8220;light&#8220; custom_css_main_element=&#8220;padding: 25px !important;||border: 1px solid #dadada;&#8220; saved_tabs=&#8220;all&#8220; global_colors_info=&#8220;{}&#8220; button_text_size__hover_enabled=&#8220;off&#8220; button_one_text_size__hover_enabled=&#8220;off&#8220; button_two_text_size__hover_enabled=&#8220;off&#8220; button_text_color__hover_enabled=&#8220;off&#8220; button_one_text_color__hover_enabled=&#8220;off&#8220; button_two_text_color__hover_enabled=&#8220;off&#8220; button_border_width__hover_enabled=&#8220;off&#8220; button_one_border_width__hover_enabled=&#8220;off&#8220; button_two_border_width__hover_enabled=&#8220;off&#8220; button_border_color__hover_enabled=&#8220;off&#8220; button_one_border_color__hover_enabled=&#8220;off&#8220; button_two_border_color__hover_enabled=&#8220;off&#8220; button_border_radius__hover_enabled=&#8220;off&#8220; button_one_border_radius__hover_enabled=&#8220;off&#8220; button_two_border_radius__hover_enabled=&#8220;off&#8220; button_letter_spacing__hover_enabled=&#8220;off&#8220; button_one_letter_spacing__hover_enabled=&#8220;off&#8220; button_two_letter_spacing__hover_enabled=&#8220;off&#8220; button_bg_color__hover_enabled=&#8220;off&#8220; button_one_bg_color__hover_enabled=&#8220;off&#8220; button_two_bg_color__hover_enabled=&#8220;off&#8220;]Senden Sie uns jederzeit eine E-Mail und wir werden Ihnen antworten!<br \/>\n[\/et_pb_cta][\/et_pb_column][\/et_pb_row][\/et_pb_section][et_pb_section fb_built=&#8220;1&#8243; _builder_version=&#8220;4.16&#8243; background_image=&#8220;https:\/\/madeirasidecartours.com\/wp-content\/uploads\/2017\/12\/Madeirasidecartours-Ponta-Pargo_Madeira.jpg&#8220; custom_margin=&#8220;0px||0px|0px&#8220; custom_padding=&#8220;0px|0px|0px|0px&#8220; global_colors_info=&#8220;{}&#8220;][et_pb_row use_custom_gutter=&#8220;on&#8220; gutter_width=&#8220;1&#8243; module_class=&#8220; et_pb_row_fullwidth&#8220; _builder_version=&#8220;4.16&#8243; background_color=&#8220;rgba(0,0,0,0.35)&#8220; width=&#8220;100%&#8220; width_tablet=&#8220;100%&#8220; width_last_edited=&#8220;on|desktop&#8220; max_width=&#8220;100%&#8220; max_width_tablet=&#8220;100%&#8220; max_width_last_edited=&#8220;on|desktop&#8220; module_alignment=&#8220;center&#8220; custom_padding=&#8220;100px||110px|&#8220; make_fullwidth=&#8220;on&#8220; global_colors_info=&#8220;{}&#8220; width_phone=&#8220;100%&#8220; max_width_phone=&#8220;100%&#8220;][et_pb_column type=&#8220;4_4&#8243; _builder_version=&#8220;4.16&#8243; custom_padding=&#8220;|95px||95px&#8220; custom_padding_tablet=&#8220;|25px||25px&#8220; custom_padding_phone=&#8220;|10px||10px&#8220; custom_padding_last_edited=&#8220;on|desktop&#8220; global_colors_info=&#8220;{}&#8220; custom_padding__hover=&#8220;|||&#8220;][et_pb_cta title=&#8220;BEREIT F\u00dcR EINE TOUR?&#8220; button_url=&#8220;https:\/\/madeirasidecartours.com\/de\/sidecar-tours\/&#8220; button_text=&#8220;BUCHEN SIE IHREN BESUCH&#8220; admin_label=&#8220;BEREIT F\u00dcR EINE TOUR?&#8220; _builder_version=&#8220;4.16&#8243; header_font=&#8220;|700||on|||||&#8220; header_text_align=&#8220;center&#8220; header_font_size=&#8220;30&#8243; body_font=&#8220;||on||||||&#8220; body_text_align=&#8220;center&#8220; body_font_size=&#8220;20&#8243; body_line_height=&#8220;1.4em&#8220; use_background_color=&#8220;off&#8220; custom_button=&#8220;on&#8220; button_text_color=&#8220;#ffffff&#8220; button_bg_color=&#8220;#7a232e&#8220; button_border_color=&#8220;#7a232e&#8220; button_font=&#8220;|700||on|||||&#8220; button_use_icon=&#8220;off&#8220; button_alignment=&#8220;center&#8220; header_line_height_last_edited=&#8220;off|desktop&#8220; custom_css_promo_button=&#8220;padding-top: 10px;&#8220; custom_css_promo_title=&#8220;padding-bottom: 15px;&#8220; button_text_color_hover=&#8220;#ffffff&#8220; button_border_color_hover=&#8220;#7a232e&#8220; button_bg_color_hover=&#8220;rgba(255,255,255,0)&#8220; global_colors_info=&#8220;{}&#8220; button_text_size__hover_enabled=&#8220;off&#8220; button_one_text_size__hover_enabled=&#8220;off&#8220; button_two_text_size__hover_enabled=&#8220;off&#8220; button_text_color__hover_enabled=&#8220;on&#8220; button_text_color__hover=&#8220;#ffffff&#8220; button_one_text_color__hover_enabled=&#8220;off&#8220; button_two_text_color__hover_enabled=&#8220;off&#8220; button_border_width__hover_enabled=&#8220;off&#8220; button_one_border_width__hover_enabled=&#8220;off&#8220; button_two_border_width__hover_enabled=&#8220;off&#8220; button_border_color__hover_enabled=&#8220;on&#8220; button_border_color__hover=&#8220;#7a232e&#8220; button_one_border_color__hover_enabled=&#8220;off&#8220; button_two_border_color__hover_enabled=&#8220;off&#8220; button_border_radius__hover_enabled=&#8220;off&#8220; button_one_border_radius__hover_enabled=&#8220;off&#8220; button_two_border_radius__hover_enabled=&#8220;off&#8220; button_letter_spacing__hover_enabled=&#8220;off&#8220; button_one_letter_spacing__hover_enabled=&#8220;off&#8220; button_two_letter_spacing__hover_enabled=&#8220;off&#8220; button_bg_color__hover_enabled=&#8220;on&#8220; button_bg_color__hover=&#8220;rgba(255,255,255,0)&#8220; button_one_bg_color__hover_enabled=&#8220;off&#8220; button_two_bg_color__hover_enabled=&#8220;off&#8220;][\/et_pb_cta][\/et_pb_column][\/et_pb_row][\/et_pb_section]<\/p>\n","protected":false},"excerpt":{"rendered":"<p>En cas de litige de consommation, le consommateur peut recourir \u00e0 la plate-forme europ\u00e9enne de r\u00e8glement des litiges en ligne, disponible sur http:\/\/ec.europa.eu\/consumers\/odr ou aux autres entit\u00e9s de r\u00e8glement des litiges de consommation suivantes: 1. CNIACC \u2013 Centro Nacional de Informac\u0327a\u0303o e Arbitragem de Conflitos de Consumo Tel.: 213 847 484; E-mail: cniacc@unl.pt; Web: www.arbitragemdeconsumo.org [&hellip;]<\/p>\n","protected":false},"author":2,"featured_media":1923,"parent":0,"menu_order":0,"comment_status":"closed","ping_status":"closed","template":"","meta":{"_et_pb_use_builder":"on","_et_pb_old_content":"","_et_gb_content_width":"","_joinchat":[],"footnotes":""},"class_list":["post-1387","page","type-page","status-publish","has-post-thumbnail","hentry"],"_links":{"self":[{"href":"https:\/\/madeirasidecartours.com\/de\/wp-json\/wp\/v2\/pages\/1387","targetHints":{"allow":["GET"]}}],"collection":[{"href":"https:\/\/madeirasidecartours.com\/de\/wp-json\/wp\/v2\/pages"}],"about":[{"href":"https:\/\/madeirasidecartours.com\/de\/wp-json\/wp\/v2\/types\/page"}],"author":[{"embeddable":true,"href":"https:\/\/madeirasidecartours.com\/de\/wp-json\/wp\/v2\/users\/2"}],"replies":[{"embeddable":true,"href":"https:\/\/madeirasidecartours.com\/de\/wp-json\/wp\/v2\/comments?post=1387"}],"version-history":[{"count":6,"href":"https:\/\/madeirasidecartours.com\/de\/wp-json\/wp\/v2\/pages\/1387\/revisions"}],"predecessor-version":[{"id":4987,"href":"https:\/\/madeirasidecartours.com\/de\/wp-json\/wp\/v2\/pages\/1387\/revisions\/4987"}],"wp:featuredmedia":[{"embeddable":true,"href":"https:\/\/madeirasidecartours.com\/de\/wp-json\/wp\/v2\/media\/1923"}],"wp:attachment":[{"href":"https:\/\/madeirasidecartours.com\/de\/wp-json\/wp\/v2\/media?parent=1387"}],"curies":[{"name":"wp","href":"https:\/\/api.w.org\/{rel}","templated":true}]}}